{"id":38,"date":"2022-02-12T23:31:18","date_gmt":"2022-02-12T22:31:18","guid":{"rendered":"http:\/\/juniperus-chinensis.com\/?page_id=38"},"modified":"2026-03-05T21:15:40","modified_gmt":"2026-03-05T20:15:40","slug":"homepage","status":"publish","type":"page","link":"http:\/\/juniperus-chinensis.com\/es\/","title":{"rendered":"Juniperus Chinensis Europa"},"content":{"rendered":"<h3>Juniperus Chinensis Shimpaku Var. Sargentii<\/h3>\n<p align=\"justify\">El enebro Shimpaku Sargentii es una variedad enana del enebro chino y una de las plantas m\u00e1s utilizadas en la creaci\u00f3n de bons\u00e1is. El Juniperus Chinensis Shimpaku Sargentii es originario de las regiones monta\u00f1osas de Jap\u00f3n y tiene un follaje de color verde claro. Su h\u00e1bito de crecimiento irregular y nudoso lo convierte en una pieza de colecci\u00f3n favorita en el dise\u00f1o de bons\u00e1is. Al tratarse de una forma enana del enebro chino, s\u00f3lo alcanza una altura m\u00e1xima de 3 metros cuando crece en estado silvestre, as\u00ed como una anchura m\u00e1xima de 2 metros.<\/p>\n<p align=\"justify\"><a href=\"https:\/\/juniperus-chinensis.com\/wp-content\/uploads\/2026\/03\/juniperus-chinensis-sargentii-hedge.jpg\"><img loading=\"lazy\" decoding=\"async\" class=\"alignnone wp-image-289 size-large\" src=\"https:\/\/juniperus-chinensis.com\/wp-content\/uploads\/2026\/03\/juniperus-chinensis-sargentii-hedge-1024x768.jpg\" alt=\"\" width=\"760\" height=\"570\" srcset=\"https:\/\/juniperus-chinensis.com\/wp-content\/uploads\/2026\/03\/juniperus-chinensis-sargentii-hedge-1024x768.jpg 1024w, https:\/\/juniperus-chinensis.com\/wp-content\/uploads\/2026\/03\/juniperus-chinensis-sargentii-hedge-300x225.jpg 300w, https:\/\/juniperus-chinensis.com\/wp-content\/uploads\/2026\/03\/juniperus-chinensis-sargentii-hedge-768x576.jpg 768w, https:\/\/juniperus-chinensis.com\/wp-content\/uploads\/2026\/03\/juniperus-chinensis-sargentii-hedge-1536x1152.jpg 1536w, https:\/\/juniperus-chinensis.com\/wp-content\/uploads\/2026\/03\/juniperus-chinensis-sargentii-hedge-2048x1536.jpg 2048w, https:\/\/juniperus-chinensis.com\/wp-content\/uploads\/2026\/03\/juniperus-chinensis-sargentii-hedge-16x12.jpg 16w, https:\/\/juniperus-chinensis.com\/wp-content\/uploads\/2026\/03\/juniperus-chinensis-sargentii-hedge-400x300.jpg 400w\" sizes=\"auto, (max-width: 760px) 100vw, 760px\" \/><\/a><\/p>\n<p align=\"justify\">El enebro chino Sargentii es extremadamente frugal y se considera muy resistente. Soporta casi todos los climas, es insensible a las heladas, el calor y el viento y prospera incluso en suelos pobres. Aunque se considera que el enebro Shimpaku es relativamente poco exigente, conviene ofrecerle un emplazamiento lo m\u00e1s soleado posible para que se desarrolle de forma \u00f3ptima. El sustrato del suelo nunca debe secarse por completo, ni deben formarse encharcamientos en las ra\u00edces. Hay dos variedades m\u00e1s populares de Shimpaku, que crecen de forma natural s\u00f3lo en zonas peque\u00f1as y diferentes de Jap\u00f3n.<\/p>\n<h3>Juniperus Chinensis Shimpaku Var. Itoigawa<\/h3>\n<p align=\"justify\">El enebro de Itoigawa es similar al Shimpaku Sargentii normal, pero con un follaje m\u00e1s fino y denso. Tambi\u00e9n crece de forma m\u00e1s compacta que el Sargentii y alcanza una altura m\u00e1xima de aproximadamente 1 metro. La variedad Juniperus Chinensis Itoigawa fue descubierta por primera vez en 1910 por el Sr. Tahei Suzuki , un coleccionista japon\u00e9s de shimpaku en la regi\u00f3n monta\u00f1osa que rodea la ciudad japonesa de Itoigawa. Pronto el Itoigawa se convirti\u00f3 en uno de los objetos de colecci\u00f3n m\u00e1s populares entre los aficionados al bons\u00e1i y en 1950 apenas quedaban ejemplares en estado silvestre. Muchos llaman al enebro chino de Itoigawa el rey de los bons\u00e1is por su belleza.<\/p>\n<p align=\"justify\"><a href=\"https:\/\/juniperus-chinensis.com\/wp-content\/uploads\/2024\/09\/juniperus-chinensis-itoigawa.jpg\"><img loading=\"lazy\" decoding=\"async\" class=\"alignnone size-large wp-image-273\" src=\"https:\/\/juniperus-chinensis.com\/wp-content\/uploads\/2024\/09\/juniperus-chinensis-itoigawa-1024x683.jpg\" alt=\"\" width=\"760\" height=\"507\" srcset=\"https:\/\/juniperus-chinensis.com\/wp-content\/uploads\/2024\/09\/juniperus-chinensis-itoigawa-1024x683.jpg 1024w, https:\/\/juniperus-chinensis.com\/wp-content\/uploads\/2024\/09\/juniperus-chinensis-itoigawa-300x200.jpg 300w, https:\/\/juniperus-chinensis.com\/wp-content\/uploads\/2024\/09\/juniperus-chinensis-itoigawa-768x512.jpg 768w, https:\/\/juniperus-chinensis.com\/wp-content\/uploads\/2024\/09\/juniperus-chinensis-itoigawa-1536x1024.jpg 1536w, https:\/\/juniperus-chinensis.com\/wp-content\/uploads\/2024\/09\/juniperus-chinensis-itoigawa-2048x1366.jpg 2048w, https:\/\/juniperus-chinensis.com\/wp-content\/uploads\/2024\/09\/juniperus-chinensis-itoigawa-18x12.jpg 18w, https:\/\/juniperus-chinensis.com\/wp-content\/uploads\/2024\/09\/juniperus-chinensis-itoigawa-421x281.jpg 421w\" sizes=\"auto, (max-width: 760px) 100vw, 760px\" \/><\/a><\/p>\n<h3>Juniperus Chinensis Shimpaku Var. Kishu<\/h3>\n<p align=\"justify\">El enebro de Kishu es similar al enebro de Itoigawa, pero de color ligeramente m\u00e1s oscuro.<\/p>\n<p align=\"justify\"><a href=\"https:\/\/juniperus-chinensis.com\/wp-content\/uploads\/2024\/09\/juniperus-chinensis-kishu-1.jpg\"><img loading=\"lazy\" decoding=\"async\" class=\"alignnone size-large wp-image-271\" src=\"https:\/\/juniperus-chinensis.com\/wp-content\/uploads\/2024\/09\/juniperus-chinensis-kishu-1-1024x683.jpg\" alt=\"\" width=\"760\" height=\"507\" srcset=\"https:\/\/juniperus-chinensis.com\/wp-content\/uploads\/2024\/09\/juniperus-chinensis-kishu-1-1024x683.jpg 1024w, https:\/\/juniperus-chinensis.com\/wp-content\/uploads\/2024\/09\/juniperus-chinensis-kishu-1-300x200.jpg 300w, https:\/\/juniperus-chinensis.com\/wp-content\/uploads\/2024\/09\/juniperus-chinensis-kishu-1-768x512.jpg 768w, https:\/\/juniperus-chinensis.com\/wp-content\/uploads\/2024\/09\/juniperus-chinensis-kishu-1-1536x1024.jpg 1536w, https:\/\/juniperus-chinensis.com\/wp-content\/uploads\/2024\/09\/juniperus-chinensis-kishu-1-2048x1366.jpg 2048w, https:\/\/juniperus-chinensis.com\/wp-content\/uploads\/2024\/09\/juniperus-chinensis-kishu-1-18x12.jpg 18w, https:\/\/juniperus-chinensis.com\/wp-content\/uploads\/2024\/09\/juniperus-chinensis-kishu-1-421x281.jpg 421w\" sizes=\"auto, (max-width: 760px) 100vw, 760px\" \/><\/a><\/p>\n<h3 align=\"justify\">Cuidados del Juniperus Chinensis<\/h3>\n<p>Como ya se ha mencionado, el enebro chino se considera muy resistente y no es especialmente exigente en cuanto a cuidados. Las plantas se adaptan a casi cualquier clima y no tienen grandes necesidades de suelo. Sin embargo, para garantizar un crecimiento \u00f3ptimo, las plantas deben estar en un lugar lo m\u00e1s soleado posible y deben mantenerse siempre h\u00famedas sin regarlas en exceso, ya que no toleran muy bien el encharcamiento. Tenga en cuenta que las Juniperus Chinensis son plantas de exterior. Para desarrollarse de forma \u00f3ptima, necesitan el cambio de estaci\u00f3n. Esto es importante para el desarrollo de los frutos y las semillas de la planta, y tambi\u00e9n para el desarrollo de nuevos brotes.<\/p>\n<h3>Poda<\/h3>\n<p>La mejor \u00e9poca del a\u00f1o para podar las plantas es a finales del invierno o principios de la primavera, antes de que surjan los nuevos brotes.<\/p>\n<h3>Informaci\u00f3n adicional<\/h3>\n<p><strong>Informaci\u00f3n bot\u00e1nica sobre el enebro chino:<\/strong><\/p>\n<p><a href=\"https:\/\/plants.ces.ncsu.edu\/plants\/juniperus-chinensis\/\">Ncsu<\/a><\/p>\n<p><a href=\"https:\/\/en.wikipedia.org\/wiki\/Juniperus_chinensis\">Wikipedia<\/a><\/p>\n<p><strong>D\u00f3nde comprar nuestro Juniperus Chinensis en Europa:<\/strong><\/p>\n<p>Al por mayor: <a href=\"http:\/\/juniperus-chinensis.com\/es\/contact-us\/\">Contacto<\/a><\/p>\n<p>Al por menor: <a href=\"https:\/\/xedoo.com\/en\/product-category\/bonsai\/juniperus-chinensis-chinese-juniper\/\">Xedoo<\/a><\/p>","protected":false},"excerpt":{"rendered":"<p>Juniperus Chinensis Shimpaku Var. Sargentii El enebro Shimpaku Sargentii es una variedad enana del enebro chino y una de las plantas m\u00e1s utilizadas en ...<\/p>","protected":false},"author":1,"featured_media":0,"parent":0,"menu_order":0,"comment_status":"closed","ping_status":"closed","template":"","meta":{"footnotes":""},"class_list":["post-38","page","type-page","status-publish","hentry"],"yoast_head":"<!-- This site is optimized with the Yoast SEO plugin v25.4 - https:\/\/yoast.com\/wordpress\/plugins\/seo\/ -->\n<title>Juniperus Chinensis Europe<\/title>\n<meta name=\"description\" content=\"Juniperus Chinensis is one of the most beautiful plants to create a bonsai. We offer the varieties Itoigawa, Kishu and the regular Shimpaku.\" \/>\n<meta name=\"robots\" content=\"index, follow, max-snippet:-1, max-image-preview:large, max-video-preview:-1\" \/>\n<link rel=\"canonical\" href=\"http:\/\/juniperus-chinensis.com\/es\/\" \/>\n<meta property=\"og:locale\" content=\"es_ES\" \/>\n<meta property=\"og:type\" content=\"article\" \/>\n<meta property=\"og:title\" content=\"Juniperus Chinensis Europe\" \/>\n<meta property=\"og:description\" content=\"Juniperus Chinensis is one of the most beautiful plants to create a bonsai. We offer the varieties Itoigawa, Kishu and the regular Shimpaku.\" \/>\n<meta property=\"og:url\" content=\"http:\/\/juniperus-chinensis.com\/es\/\" \/>\n<meta property=\"og:site_name\" content=\"Juniperus Chinensis\" \/>\n<meta property=\"article:modified_time\" content=\"2026-03-05T20:15:40+00:00\" \/>\n<meta property=\"og:image\" content=\"https:\/\/juniperus-chinensis.com\/wp-content\/uploads\/2026\/03\/juniperus-chinensis-sargentii-hedge-1024x768.jpg\" \/>\n\t<meta property=\"og:image:width\" content=\"1024\" \/>\n\t<meta property=\"og:image:height\" content=\"768\" \/>\n\t<meta property=\"og:image:type\" content=\"image\/jpeg\" \/>\n<meta name=\"twitter:card\" content=\"summary_large_image\" \/>\n<meta name=\"twitter:label1\" content=\"Tiempo de lectura\" \/>\n\t<meta name=\"twitter:data1\" content=\"3 minutos\" \/>\n<script type=\"application\/ld+json\" class=\"yoast-schema-graph\">{\"@context\":\"https:\/\/schema.org\",\"@graph\":[{\"@type\":\"WebPage\",\"@id\":\"https:\/\/juniperus-chinensis.com\/\",\"url\":\"https:\/\/juniperus-chinensis.com\/\",\"name\":\"Juniperus Chinensis Europe\",\"isPartOf\":{\"@id\":\"\/#website\"},\"primaryImageOfPage\":{\"@id\":\"https:\/\/juniperus-chinensis.com\/#primaryimage\"},\"image\":{\"@id\":\"https:\/\/juniperus-chinensis.com\/#primaryimage\"},\"thumbnailUrl\":\"https:\/\/juniperus-chinensis.com\/wp-content\/uploads\/2026\/03\/juniperus-chinensis-sargentii-hedge-1024x768.jpg\",\"datePublished\":\"2022-02-12T22:31:18+00:00\",\"dateModified\":\"2026-03-05T20:15:40+00:00\",\"description\":\"Juniperus Chinensis is one of the most beautiful plants to create a bonsai. We offer the varieties Itoigawa, Kishu and the regular Shimpaku.\",\"breadcrumb\":{\"@id\":\"https:\/\/juniperus-chinensis.com\/#breadcrumb\"},\"inLanguage\":\"es\",\"potentialAction\":[{\"@type\":\"ReadAction\",\"target\":[\"https:\/\/juniperus-chinensis.com\/\"]}]},{\"@type\":\"ImageObject\",\"inLanguage\":\"es\",\"@id\":\"https:\/\/juniperus-chinensis.com\/#primaryimage\",\"url\":\"https:\/\/juniperus-chinensis.com\/wp-content\/uploads\/2026\/03\/juniperus-chinensis-sargentii-hedge-1024x768.jpg\",\"contentUrl\":\"https:\/\/juniperus-chinensis.com\/wp-content\/uploads\/2026\/03\/juniperus-chinensis-sargentii-hedge-1024x768.jpg\"},{\"@type\":\"BreadcrumbList\",\"@id\":\"https:\/\/juniperus-chinensis.com\/#breadcrumb\",\"itemListElement\":[{\"@type\":\"ListItem\",\"position\":1,\"name\":\"Home\",\"item\":\"https:\/\/juniperus-chinensis.com\/\"},{\"@type\":\"ListItem\",\"position\":2,\"name\":\"Juniperus Chinensis Europe\"}]},{\"@type\":\"WebSite\",\"@id\":\"\/#website\",\"url\":\"\/\",\"name\":\"Juniperus Chinensis\",\"description\":\"A beautiful plant to create bonsai\",\"potentialAction\":[{\"@type\":\"SearchAction\",\"target\":{\"@type\":\"EntryPoint\",\"urlTemplate\":\"\/?s={search_term_string}\"},\"query-input\":{\"@type\":\"PropertyValueSpecification\",\"valueRequired\":true,\"valueName\":\"search_term_string\"}}],\"inLanguage\":\"es\"}]}<\/script>\n<!-- \/ Yoast SEO plugin. -->","yoast_head_json":{"title":"Juniperus Chinensis Europe","description":"Juniperus Chinensis is one of the most beautiful plants to create a bonsai. We offer the varieties Itoigawa, Kishu and the regular Shimpaku.","robots":{"index":"index","follow":"follow","max-snippet":"max-snippet:-1","max-image-preview":"max-image-preview:large","max-video-preview":"max-video-preview:-1"},"canonical":"http:\/\/juniperus-chinensis.com\/es\/","og_locale":"es_ES","og_type":"article","og_title":"Juniperus Chinensis Europe","og_description":"Juniperus Chinensis is one of the most beautiful plants to create a bonsai. We offer the varieties Itoigawa, Kishu and the regular Shimpaku.","og_url":"http:\/\/juniperus-chinensis.com\/es\/","og_site_name":"Juniperus Chinensis","article_modified_time":"2026-03-05T20:15:40+00:00","og_image":[{"width":1024,"height":768,"url":"https:\/\/juniperus-chinensis.com\/wp-content\/uploads\/2026\/03\/juniperus-chinensis-sargentii-hedge-1024x768.jpg","type":"image\/jpeg"}],"twitter_card":"summary_large_image","twitter_misc":{"Tiempo de lectura":"3 minutos"},"schema":{"@context":"https:\/\/schema.org","@graph":[{"@type":"WebPage","@id":"https:\/\/juniperus-chinensis.com\/","url":"https:\/\/juniperus-chinensis.com\/","name":"Juniperus Chinensis Europe","isPartOf":{"@id":"\/#website"},"primaryImageOfPage":{"@id":"https:\/\/juniperus-chinensis.com\/#primaryimage"},"image":{"@id":"https:\/\/juniperus-chinensis.com\/#primaryimage"},"thumbnailUrl":"https:\/\/juniperus-chinensis.com\/wp-content\/uploads\/2026\/03\/juniperus-chinensis-sargentii-hedge-1024x768.jpg","datePublished":"2022-02-12T22:31:18+00:00","dateModified":"2026-03-05T20:15:40+00:00","description":"Juniperus Chinensis is one of the most beautiful plants to create a bonsai. We offer the varieties Itoigawa, Kishu and the regular Shimpaku.","breadcrumb":{"@id":"https:\/\/juniperus-chinensis.com\/#breadcrumb"},"inLanguage":"es","potentialAction":[{"@type":"ReadAction","target":["https:\/\/juniperus-chinensis.com\/"]}]},{"@type":"ImageObject","inLanguage":"es","@id":"https:\/\/juniperus-chinensis.com\/#primaryimage","url":"https:\/\/juniperus-chinensis.com\/wp-content\/uploads\/2026\/03\/juniperus-chinensis-sargentii-hedge-1024x768.jpg","contentUrl":"https:\/\/juniperus-chinensis.com\/wp-content\/uploads\/2026\/03\/juniperus-chinensis-sargentii-hedge-1024x768.jpg"},{"@type":"BreadcrumbList","@id":"https:\/\/juniperus-chinensis.com\/#breadcrumb","itemListElement":[{"@type":"ListItem","position":1,"name":"Home","item":"https:\/\/juniperus-chinensis.com\/"},{"@type":"ListItem","position":2,"name":"Juniperus Chinensis Europe"}]},{"@type":"WebSite","@id":"\/#website","url":"\/","name":"Juniperus Chinensis","description":"A beautiful plant to create bonsai","potentialAction":[{"@type":"SearchAction","target":{"@type":"EntryPoint","urlTemplate":"\/?s={search_term_string}"},"query-input":{"@type":"PropertyValueSpecification","valueRequired":true,"valueName":"search_term_string"}}],"inLanguage":"es"}]}},"_links":{"self":[{"href":"http:\/\/juniperus-chinensis.com\/es\/wp-json\/wp\/v2\/pages\/38","targetHints":{"allow":["GET"]}}],"collection":[{"href":"http:\/\/juniperus-chinensis.com\/es\/wp-json\/wp\/v2\/pages"}],"about":[{"href":"http:\/\/juniperus-chinensis.com\/es\/wp-json\/wp\/v2\/types\/page"}],"author":[{"embeddable":true,"href":"http:\/\/juniperus-chinensis.com\/es\/wp-json\/wp\/v2\/users\/1"}],"replies":[{"embeddable":true,"href":"http:\/\/juniperus-chinensis.com\/es\/wp-json\/wp\/v2\/comments?post=38"}],"version-history":[{"count":58,"href":"http:\/\/juniperus-chinensis.com\/es\/wp-json\/wp\/v2\/pages\/38\/revisions"}],"predecessor-version":[{"id":290,"href":"http:\/\/juniperus-chinensis.com\/es\/wp-json\/wp\/v2\/pages\/38\/revisions\/290"}],"wp:attachment":[{"href":"http:\/\/juniperus-chinensis.com\/es\/wp-json\/wp\/v2\/media?parent=38"}],"curies":[{"name":"wp","href":"https:\/\/api.w.org\/{rel}","templated":true}]}}