{"id":121,"date":"2022-02-25T03:41:48","date_gmt":"2022-02-25T02:41:48","guid":{"rendered":"http:\/\/juniperus-chinensis.com\/?page_id=121"},"modified":"2024-09-15T22:10:37","modified_gmt":"2024-09-15T21:10:37","slug":"juniperus-chinensis-itoigawa","status":"publish","type":"page","link":"http:\/\/juniperus-chinensis.com\/pl\/juniperus-chinensis-itoigawa\/","title":{"rendered":"Juniperus Chinensis Itoigawa"},"content":{"rendered":"<h3>Juniperus Chinensis Itoigawa do sprzeda\u017cy w r\u00f3\u017cnych rozmiarach:<\/h3>\n<p>Nazwa naukowa: Juniperus Chinensis Shimpaku var. Itoigawa<\/p>\n<p>Nazwa zwyczajowa: Ja\u0142owiec Itoigawa<\/p>\n<p>Sadzonki i m\u0142ode ro\u015bliny, 2-letnie, wielko\u015b\u0107 ok. 10-20cm<\/p>\n<p>&nbsp;<\/p>\n<p>&nbsp;<\/p>\n<p><a href=\"https:\/\/juniperus-chinensis.com\/wp-content\/uploads\/2024\/09\/juniperus-chinensis-itoigawa.jpg\"><img loading=\"lazy\" decoding=\"async\" class=\"alignnone size-large wp-image-273\" src=\"https:\/\/juniperus-chinensis.com\/wp-content\/uploads\/2024\/09\/juniperus-chinensis-itoigawa-1024x683.jpg\" alt=\"\" width=\"760\" height=\"507\" srcset=\"https:\/\/juniperus-chinensis.com\/wp-content\/uploads\/2024\/09\/juniperus-chinensis-itoigawa-1024x683.jpg 1024w, https:\/\/juniperus-chinensis.com\/wp-content\/uploads\/2024\/09\/juniperus-chinensis-itoigawa-300x200.jpg 300w, https:\/\/juniperus-chinensis.com\/wp-content\/uploads\/2024\/09\/juniperus-chinensis-itoigawa-768x512.jpg 768w, https:\/\/juniperus-chinensis.com\/wp-content\/uploads\/2024\/09\/juniperus-chinensis-itoigawa-1536x1024.jpg 1536w, https:\/\/juniperus-chinensis.com\/wp-content\/uploads\/2024\/09\/juniperus-chinensis-itoigawa-2048x1366.jpg 2048w, https:\/\/juniperus-chinensis.com\/wp-content\/uploads\/2024\/09\/juniperus-chinensis-itoigawa-18x12.jpg 18w, https:\/\/juniperus-chinensis.com\/wp-content\/uploads\/2024\/09\/juniperus-chinensis-itoigawa-421x281.jpg 421w\" sizes=\"auto, (max-width: 760px) 100vw, 760px\" \/><\/a><\/p>","protected":false},"excerpt":{"rendered":"<p>Juniperus Chinensis Itoigawa na sprzeda\u017c w r\u00f3\u017cnych rozmiarach: Nazwa naukowa: Juniperus Chinensis Shimpaku var. Itoigawa Nazwa komoniczna: Ja\u0142owiec Itoigawa Sadzonki i m\u0142ode ro\u015bliny, 2-letnie ...<\/p>","protected":false},"author":1,"featured_media":273,"parent":0,"menu_order":0,"comment_status":"closed","ping_status":"closed","template":"","meta":{"footnotes":""},"class_list":["post-121","page","type-page","status-publish","has-post-thumbnail","hentry"],"yoast_head":"<!-- This site is optimized with the Yoast SEO plugin v25.4 - https:\/\/yoast.com\/wordpress\/plugins\/seo\/ -->\n<title>Juniperus Chinensis Itoigawa<\/title>\n<meta name=\"description\" content=\"Juniperus Chinensis Itoigawa cuttings and young plants for sale in various sizes and shapes.\" \/>\n<meta name=\"robots\" content=\"index, follow, max-snippet:-1, max-image-preview:large, max-video-preview:-1\" \/>\n<link rel=\"canonical\" href=\"http:\/\/juniperus-chinensis.com\/pl\/juniperus-chinensis-itoigawa\/\" \/>\n<meta property=\"og:locale\" content=\"pl_PL\" \/>\n<meta property=\"og:type\" content=\"article\" \/>\n<meta property=\"og:title\" content=\"Juniperus Chinensis Itoigawa\" \/>\n<meta property=\"og:description\" content=\"Juniperus Chinensis Itoigawa cuttings and young plants for sale in various sizes and shapes.\" \/>\n<meta property=\"og:url\" content=\"http:\/\/juniperus-chinensis.com\/pl\/juniperus-chinensis-itoigawa\/\" \/>\n<meta property=\"og:site_name\" content=\"Juniperus Chinensis\" \/>\n<meta property=\"article:modified_time\" content=\"2024-09-15T21:10:37+00:00\" \/>\n<meta property=\"og:image\" content=\"https:\/\/juniperus-chinensis.com\/wp-content\/uploads\/2024\/09\/juniperus-chinensis-itoigawa-1024x683.jpg\" \/>\n\t<meta property=\"og:image:width\" content=\"1024\" \/>\n\t<meta property=\"og:image:height\" content=\"683\" \/>\n\t<meta property=\"og:image:type\" content=\"image\/jpeg\" \/>\n<meta name=\"twitter:card\" content=\"summary_large_image\" \/>\n<meta name=\"twitter:label1\" content=\"Szacowany czas czytania\" \/>\n\t<meta name=\"twitter:data1\" content=\"1 minuta\" \/>\n<script type=\"application\/ld+json\" class=\"yoast-schema-graph\">{\"@context\":\"https:\/\/schema.org\",\"@graph\":[{\"@type\":\"WebPage\",\"@id\":\"http:\/\/juniperus-chinensis.com\/ca\/juniperus-chinensis-itoigawa\/\",\"url\":\"http:\/\/juniperus-chinensis.com\/ca\/juniperus-chinensis-itoigawa\/\",\"name\":\"Juniperus Chinensis Itoigawa\",\"isPartOf\":{\"@id\":\"\/#website\"},\"primaryImageOfPage\":{\"@id\":\"http:\/\/juniperus-chinensis.com\/ca\/juniperus-chinensis-itoigawa\/#primaryimage\"},\"image\":{\"@id\":\"http:\/\/juniperus-chinensis.com\/ca\/juniperus-chinensis-itoigawa\/#primaryimage\"},\"thumbnailUrl\":\"https:\/\/juniperus-chinensis.com\/wp-content\/uploads\/2024\/09\/juniperus-chinensis-itoigawa.jpg\",\"datePublished\":\"2022-02-25T02:41:48+00:00\",\"dateModified\":\"2024-09-15T21:10:37+00:00\",\"description\":\"Juniperus Chinensis Itoigawa cuttings and young plants for sale in various sizes and shapes.\",\"breadcrumb\":{\"@id\":\"http:\/\/juniperus-chinensis.com\/ca\/juniperus-chinensis-itoigawa\/#breadcrumb\"},\"inLanguage\":\"pl-PL\",\"potentialAction\":[{\"@type\":\"ReadAction\",\"target\":[\"http:\/\/juniperus-chinensis.com\/ca\/juniperus-chinensis-itoigawa\/\"]}]},{\"@type\":\"ImageObject\",\"inLanguage\":\"pl-PL\",\"@id\":\"http:\/\/juniperus-chinensis.com\/ca\/juniperus-chinensis-itoigawa\/#primaryimage\",\"url\":\"https:\/\/juniperus-chinensis.com\/wp-content\/uploads\/2024\/09\/juniperus-chinensis-itoigawa.jpg\",\"contentUrl\":\"https:\/\/juniperus-chinensis.com\/wp-content\/uploads\/2024\/09\/juniperus-chinensis-itoigawa.jpg\",\"width\":2500,\"height\":1667},{\"@type\":\"BreadcrumbList\",\"@id\":\"http:\/\/juniperus-chinensis.com\/ca\/juniperus-chinensis-itoigawa\/#breadcrumb\",\"itemListElement\":[{\"@type\":\"ListItem\",\"position\":1,\"name\":\"Home\",\"item\":\"https:\/\/juniperus-chinensis.com\/\"},{\"@type\":\"ListItem\",\"position\":2,\"name\":\"Juniperus Chinensis Itoigawa\"}]},{\"@type\":\"WebSite\",\"@id\":\"\/#website\",\"url\":\"\/\",\"name\":\"Juniperus Chinensis\",\"description\":\"A beautiful plant to create bonsai\",\"potentialAction\":[{\"@type\":\"SearchAction\",\"target\":{\"@type\":\"EntryPoint\",\"urlTemplate\":\"\/?s={search_term_string}\"},\"query-input\":{\"@type\":\"PropertyValueSpecification\",\"valueRequired\":true,\"valueName\":\"search_term_string\"}}],\"inLanguage\":\"pl-PL\"}]}<\/script>\n<!-- \/ Yoast SEO plugin. -->","yoast_head_json":{"title":"Juniperus Chinensis Itoigawa","description":"Juniperus Chinensis Itoigawa cuttings and young plants for sale in various sizes and shapes.","robots":{"index":"index","follow":"follow","max-snippet":"max-snippet:-1","max-image-preview":"max-image-preview:large","max-video-preview":"max-video-preview:-1"},"canonical":"http:\/\/juniperus-chinensis.com\/pl\/juniperus-chinensis-itoigawa\/","og_locale":"pl_PL","og_type":"article","og_title":"Juniperus Chinensis Itoigawa","og_description":"Juniperus Chinensis Itoigawa cuttings and young plants for sale in various sizes and shapes.","og_url":"http:\/\/juniperus-chinensis.com\/pl\/juniperus-chinensis-itoigawa\/","og_site_name":"Juniperus Chinensis","article_modified_time":"2024-09-15T21:10:37+00:00","og_image":[{"width":1024,"height":683,"url":"https:\/\/juniperus-chinensis.com\/wp-content\/uploads\/2024\/09\/juniperus-chinensis-itoigawa-1024x683.jpg","type":"image\/jpeg"}],"twitter_card":"summary_large_image","twitter_misc":{"Szacowany czas czytania":"1 minuta"},"schema":{"@context":"https:\/\/schema.org","@graph":[{"@type":"WebPage","@id":"http:\/\/juniperus-chinensis.com\/ca\/juniperus-chinensis-itoigawa\/","url":"http:\/\/juniperus-chinensis.com\/ca\/juniperus-chinensis-itoigawa\/","name":"Juniperus Chinensis Itoigawa","isPartOf":{"@id":"\/#website"},"primaryImageOfPage":{"@id":"http:\/\/juniperus-chinensis.com\/ca\/juniperus-chinensis-itoigawa\/#primaryimage"},"image":{"@id":"http:\/\/juniperus-chinensis.com\/ca\/juniperus-chinensis-itoigawa\/#primaryimage"},"thumbnailUrl":"https:\/\/juniperus-chinensis.com\/wp-content\/uploads\/2024\/09\/juniperus-chinensis-itoigawa.jpg","datePublished":"2022-02-25T02:41:48+00:00","dateModified":"2024-09-15T21:10:37+00:00","description":"Juniperus Chinensis Itoigawa cuttings and young plants for sale in various sizes and shapes.","breadcrumb":{"@id":"http:\/\/juniperus-chinensis.com\/ca\/juniperus-chinensis-itoigawa\/#breadcrumb"},"inLanguage":"pl-PL","potentialAction":[{"@type":"ReadAction","target":["http:\/\/juniperus-chinensis.com\/ca\/juniperus-chinensis-itoigawa\/"]}]},{"@type":"ImageObject","inLanguage":"pl-PL","@id":"http:\/\/juniperus-chinensis.com\/ca\/juniperus-chinensis-itoigawa\/#primaryimage","url":"https:\/\/juniperus-chinensis.com\/wp-content\/uploads\/2024\/09\/juniperus-chinensis-itoigawa.jpg","contentUrl":"https:\/\/juniperus-chinensis.com\/wp-content\/uploads\/2024\/09\/juniperus-chinensis-itoigawa.jpg","width":2500,"height":1667},{"@type":"BreadcrumbList","@id":"http:\/\/juniperus-chinensis.com\/ca\/juniperus-chinensis-itoigawa\/#breadcrumb","itemListElement":[{"@type":"ListItem","position":1,"name":"Home","item":"https:\/\/juniperus-chinensis.com\/"},{"@type":"ListItem","position":2,"name":"Juniperus Chinensis Itoigawa"}]},{"@type":"WebSite","@id":"\/#website","url":"\/","name":"Juniperus Chinensis","description":"A beautiful plant to create bonsai","potentialAction":[{"@type":"SearchAction","target":{"@type":"EntryPoint","urlTemplate":"\/?s={search_term_string}"},"query-input":{"@type":"PropertyValueSpecification","valueRequired":true,"valueName":"search_term_string"}}],"inLanguage":"pl-PL"}]}},"_links":{"self":[{"href":"http:\/\/juniperus-chinensis.com\/pl\/wp-json\/wp\/v2\/pages\/121","targetHints":{"allow":["GET"]}}],"collection":[{"href":"http:\/\/juniperus-chinensis.com\/pl\/wp-json\/wp\/v2\/pages"}],"about":[{"href":"http:\/\/juniperus-chinensis.com\/pl\/wp-json\/wp\/v2\/types\/page"}],"author":[{"embeddable":true,"href":"http:\/\/juniperus-chinensis.com\/pl\/wp-json\/wp\/v2\/users\/1"}],"replies":[{"embeddable":true,"href":"http:\/\/juniperus-chinensis.com\/pl\/wp-json\/wp\/v2\/comments?post=121"}],"version-history":[{"count":8,"href":"http:\/\/juniperus-chinensis.com\/pl\/wp-json\/wp\/v2\/pages\/121\/revisions"}],"predecessor-version":[{"id":274,"href":"http:\/\/juniperus-chinensis.com\/pl\/wp-json\/wp\/v2\/pages\/121\/revisions\/274"}],"wp:featuredmedia":[{"embeddable":true,"href":"http:\/\/juniperus-chinensis.com\/pl\/wp-json\/wp\/v2\/media\/273"}],"wp:attachment":[{"href":"http:\/\/juniperus-chinensis.com\/pl\/wp-json\/wp\/v2\/media?parent=121"}],"curies":[{"name":"wp","href":"https:\/\/api.w.org\/{rel}","templated":true}]}}