{"id":146,"date":"2022-02-26T07:16:38","date_gmt":"2022-02-26T06:16:38","guid":{"rendered":"http:\/\/juniperus-chinensis.com\/?page_id=146"},"modified":"2023-10-04T14:56:56","modified_gmt":"2023-10-04T13:56:56","slug":"juniperus-chinensis-shimpaku-sargentii","status":"publish","type":"page","link":"http:\/\/juniperus-chinensis.com\/ro\/juniperus-chinensis-shimpaku-sargentii\/","title":{"rendered":"Juniperus Chinensis Shimpaku (Sargentii)"},"content":{"rendered":"<h3>Juniperus Chinensis Shimpaku var. Sargentii<\/h3>\n<p>Juniperus chinensis \"Sargentii\", cunoscut sub numele de \"ienup\u0103rul chinezesc al lui Sargent\", este un arbust sau un copac mic, popular \u0219i ve\u0219nic verde, care apar\u021bine familiei Cupressaceae. Aceast\u0103 plant\u0103 ornamental\u0103 este utilizat\u0103 pe scar\u0103 larg\u0103 \u00een amenaj\u0103ri peisagistice \u0219i gr\u0103din\u0103rit datorit\u0103 aspectului s\u0103u atractiv \u0219i cerin\u021belor reduse de \u00eentre\u021binere.<\/p>\n<p><strong>Caracteristici botanice:<\/strong><\/p>\n<p>Genul \u0219i specia: Juniperus chinensis<\/p>\n<p>Cultivare: \"Sargentii<\/p>\n<p>Familie: Cupressaceae<\/p>\n<p>Denumire comun\u0103: Zimbru chinezesc al lui Sargent<\/p>\n<p>&nbsp;<\/p>\n<p><strong>Dimensiune \u0219i obicei de cre\u0219tere:<\/strong><\/p>\n<p>'Sargentii' cre\u0219te de obicei ca un arbust dens, compact \u0219i r\u0103sp\u00e2ndit, cu o form\u0103 piramidal\u0103 sau rotunjit\u0103.<\/p>\n<p>De obicei, atinge o \u00een\u0103l\u021bime la maturitate \u00eentre 0,9 \u0219i 1,8 metri (3 \u0219i 6 picioare) \u0219i o \u00eentindere similar\u0103.<\/p>\n<p>&nbsp;<\/p>\n<p><strong>Frunze:<\/strong><\/p>\n<p>Frunzele de \"Sargentii\" sunt ve\u0219nic verzi, p\u0103str\u00e2ndu-\u0219i culoarea verde intens pe tot parcursul anului.<\/p>\n<p>Frunzele sunt sub form\u0103 de solzi \u0219i sunt dispuse str\u00e2ns de-a lungul tulpinilor, ceea ce confer\u0103 plantei o textur\u0103 fin\u0103.<\/p>\n<p>\u00cen timpul lunilor de iarn\u0103, frunzi\u0219ul poate c\u0103p\u0103ta o nuan\u021b\u0103 u\u0219or bronzat\u0103 sau violacee, ceea ce \u00eei spore\u0219te atractivitatea vizual\u0103.<\/p>\n<p>&nbsp;<\/p>\n<p><strong>Scoar\u021b\u0103:<\/strong><\/p>\n<p>Scoar\u021ba acestui ienup\u0103r este sub\u021bire \u0219i brun-ro\u0219iatic\u0103 atunci c\u00e2nd este t\u00e2n\u0103r, devenind cenu\u0219ie \u0219i solzoas\u0103 pe m\u0103sur\u0103 ce se maturizeaz\u0103.<\/p>\n<p>&nbsp;<\/p>\n<p><strong>Conuri:<\/strong><\/p>\n<p>La fel ca to\u021bi ienuperii, \"Sargentii\" produce conuri mici, asem\u0103n\u0103toare unor fructe de p\u0103dure. Aceste conuri sunt de obicei rotunde \u0219i de culoare albastru-negru.<\/p>\n<p>&nbsp;<\/p>\n<p><strong>Cerin\u021be privind lumina soarelui:<\/strong><\/p>\n<p>Ienup\u0103rul chinezesc al lui Sargent se dezvolt\u0103 \u00een plin soare p\u00e2n\u0103 la umbr\u0103 par\u021bial\u0103. Prefer\u0103 cel pu\u021bin 6 ore de lumin\u0103 direct\u0103 a soarelui pe zi pentru o cre\u0219tere \u0219i o culoare optim\u0103 a frunzelor.<\/p>\n<p>&nbsp;<\/p>\n<p><strong>Cerin\u021bele solului:<\/strong><\/p>\n<p>Acest ienup\u0103r este adaptabil la o gam\u0103 larg\u0103 de tipuri de sol, dar prefer\u0103 solul bine drenat. Poate tolera soluri u\u0219or alcaline p\u00e2n\u0103 la u\u0219or acide.<\/p>\n<p>&nbsp;<\/p>\n<p><strong>Necesit\u0103\u021bi de udare:<\/strong><\/p>\n<p>Odat\u0103 stabilit, \"Sargentii\" este tolerant la secet\u0103 \u0219i necesit\u0103 o udare minim\u0103. Este important s\u0103 nu uda\u021bi prea mult, deoarece este predispus la putrezirea r\u0103d\u0103cinilor \u00een solul umed \u00een mod constant.<\/p>\n<p>&nbsp;<\/p>\n<p><strong>Hardiness:<\/strong><\/p>\n<p>Acest soi este cunoscut pentru rezisten\u021ba sa la frig \u0219i poate prospera \u00een aproape orice zon\u0103.<\/p>\n<p>&nbsp;<\/p>\n<p><strong>Utilizare peisagistic\u0103:<\/strong><\/p>\n<p>'Sargentii' este o alegere popular\u0103 pentru amenaj\u0103ri peisagistice \u0219i este folosit \u00eentr-o varietate de moduri:<\/p>\n<p>Func\u021bioneaz\u0103 bine ca un gard viu sau ca un paravan de joas\u0103 \u00een\u0103l\u021bime datorit\u0103 obiceiului s\u0103u de cre\u0219tere dens\u0103.<\/p>\n<p>Poate fi plantat\u0103 ca plant\u0103 de specimen \u00een gr\u0103dini sau poate fi folosit\u0103 pentru controlul eroziunii pe pante.<\/p>\n<p>Dimensiunile sale compacte \u00eel fac potrivit pentru gr\u0103dinile mici \u0219i peisajele urbane.<\/p>\n<p>&nbsp;<\/p>\n<p><strong>\u00centre\u021binere:<\/strong><\/p>\n<p>Acest ienup\u0103r necesit\u0103 o \u00eentre\u021binere minim\u0103. Tunderea trebuie f\u0103cut\u0103 cu modera\u021bie, dac\u0103 se face, pentru a-i men\u021bine forma natural\u0103.<\/p>\n<p>\u00cendep\u0103rta\u021bi orice ramur\u0103 moart\u0103 sau bolnav\u0103, dup\u0103 cum este necesar.<\/p>\n<p>Mulcirea \u00een jurul bazei plantei ajut\u0103 la re\u021binerea umidit\u0103\u021bii solului \u0219i la controlul buruienilor.<\/p>\n<p>&nbsp;<\/p>\n<p><strong>D\u0103un\u0103tori \u0219i boli:<\/strong><\/p>\n<p>'Sargentii' este, \u00een general, rezistent la majoritatea d\u0103un\u0103torilor \u0219i bolilor. Cu toate acestea, \u00een anumite condi\u021bii, poate fi sensibil la p\u0103ianjeni \u0219i la coji de p\u0103ianjen.<\/p>\n<p>\u00cen concluzie, Juniperus chinensis 'Sargentii' este un arbust ve\u0219nic verde versatil \u0219i atractiv, cu o cre\u0219tere compact\u0103, ceea ce \u00eel face o alegere popular\u0103 pentru amenajarea peisagistic\u0103 \u00eentr-o varietate de medii. Cerin\u021bele sale reduse de \u00eentre\u021binere \u0219i atractivitatea vizual\u0103 pe tot parcursul anului \u00eel fac un accesoriu valoros pentru gr\u0103dini \u0219i peisaje.<\/p>\n<p>&nbsp;<\/p>\n<p><strong>Juniperus Chinensis Sargentii ca Bonsai<\/strong><\/p>\n<p>Juniperus chinensis \"Sargentii\" (Juniperul chinezesc al lui Sargent) este o alegere popular\u0103 pentru entuzia\u0219tii bonsaiului datorit\u0103 adaptabilit\u0103\u021bii sale, frunzi\u0219ului atractiv \u0219i texturii interesante a scoar\u021bei. Atunci c\u00e2nd este instruit \u0219i \u00eengrijit \u00een mod corespunz\u0103tor, poate fi un specimen de bonsai uimitor. Iat\u0103 un ghid privind utilizarea Juniperus chinensis 'Sargentii' ca bonsai:<\/p>\n<p>&nbsp;<\/p>\n<p><strong>Selectarea plantei potrivite:<\/strong><\/p>\n<p>Alege\u021bi o plant\u0103 de ienup\u0103r t\u00e2n\u0103r\u0103 \u0219i s\u0103n\u0103toas\u0103, cu o structur\u0103 bun\u0103 a ramurilor \u0219i caracteristici dezirabile. C\u0103uta\u021bi trunchiuri drepte \u0219i ramuri bine distan\u021bate \u0219i distribuite uniform.<\/p>\n<p>&nbsp;<\/p>\n<p><strong>Tunderea \u0219i modelarea:<\/strong><\/p>\n<p>Stilul Bonsai implic\u0103 t\u0103ierea \u0219i modelarea plantei pentru a crea un copac \u00een miniatur\u0103 care imit\u0103 aspectul unui copac matur, de dimensiuni normale.<\/p>\n<p>\u00cencepe\u021bi prin a \u00eendep\u0103rta orice ramur\u0103 moart\u0103 sau nes\u0103n\u0103toas\u0103. Apoi, t\u0103ia\u021bi ramurile \u0219i frunzele pentru a crea forma dorit\u0103. Folosi\u021bi foarfeci ascu\u021bite de t\u0103iat bonsai pentru a face t\u0103ieturi curate.<\/p>\n<p>Ienup\u0103rul este cunoscut pentru capacitatea sa de a se dezvolta, ceea ce \u00eenseamn\u0103 c\u0103 o nou\u0103 cre\u0219tere poate ie\u0219i din lemnul vechi, ceea ce este esen\u021bial pentru stilul bonsai. Pute\u021bi t\u0103ia lemnul mai b\u0103tr\u00e2n pentru a \u00eencuraja o nou\u0103 cre\u0219tere \u00een anumite zone.<\/p>\n<p>&nbsp;<\/p>\n<p><strong>Cablarea:<\/strong><\/p>\n<p>Cablarea este o tehnic\u0103 obi\u0219nuit\u0103 \u00een bonsai pentru a ghida ramurile \u00een pozi\u021bia dorit\u0103. Folosi\u021bi s\u00e2rm\u0103 de bonsai din aluminiu sau cupru pentru a \u00eendoi u\u0219or ramurile, evit\u00e2nd \u00een acela\u0219i timp deteriorarea acestora.<\/p>\n<p>Ave\u021bi grij\u0103 s\u0103 nu str\u00e2nge\u021bi prea tare firele, deoarece pute\u021bi deteriora scoar\u021ba \u0219i stratul de cambium. Monitoriza\u021bi cre\u0219terea \u00een mod regulat pentru a v\u0103 asigura c\u0103 s\u00e2rma nu taie ramurile.<\/p>\n<p>&nbsp;<\/p>\n<p><strong>Replantare:<\/strong><\/p>\n<p>Juniperus chinensis \"Sargentii\" trebuie replantat la fiecare 2-3 ani pentru a re\u00eemprosp\u0103ta solul, pentru a promova s\u0103n\u0103tatea r\u0103d\u0103cinilor \u0219i pentru a men\u021bine dimensiunea plantei.<\/p>\n<p>Replantarea se face de obicei la \u00eenceputul prim\u0103verii, \u00eenainte de \u00eenceperea noii cre\u0219teri. T\u0103ia\u021bi o parte din r\u0103d\u0103cini \u0219i \u00eenlocui\u021bi solul cu un amestec bonsai bine drenat.<\/p>\n<p>&nbsp;<\/p>\n<p><strong>Udare:<\/strong><\/p>\n<p>Bonsaii necesit\u0103 o aten\u021bie deosebit\u0103 la udare. Ienup\u0103rul prefer\u0103 un sol u\u0219or umed, dar nu-i place s\u0103 stea \u00een condi\u021bii de \u00eenecare. Uda\u021bi bine c\u00e2nd suprafa\u021ba solului \u00eencepe s\u0103 se usuce, dar evita\u021bi s\u0103 men\u021bine\u021bi solul umed \u00een mod constant.<\/p>\n<p>&nbsp;<\/p>\n<p><strong>Lumina soarelui:<\/strong><\/p>\n<p>A\u0219eza\u021bi bonsaiul Juniperus chinensis 'Sargentii' \u00eentr-un loc cu soare pentru a \u00eencuraja o cre\u0219tere s\u0103n\u0103toas\u0103 \u0219i pentru a-i men\u021bine forma compact\u0103.<\/p>\n<p>&nbsp;<\/p>\n<p><strong>Protec\u021bie pe timp de iarn\u0103:<\/strong><\/p>\n<p>Proteja\u021bi-v\u0103 bonsaiul de condi\u021biile aspre de iarn\u0103. \u00cen timp ce \"Sargentii\" este rezistent, ghivecele \u0219i r\u0103d\u0103cinile bonsaiului pot fi mai vulnerabile la temperaturile sc\u0103zute. Lua\u021bi \u00een considerare asigurarea unei protec\u021bii pentru iarn\u0103 sau aducerea acestuia \u00een interior, dac\u0103 este necesar.<\/p>\n<p>&nbsp;<\/p>\n<p><strong>Fertilizare:<\/strong><\/p>\n<p>Folosi\u021bi un \u00eengr\u0103\u0219\u0103m\u00e2nt echilibrat, cu eliberare lent\u0103 pentru bonsai sau un \u00eengr\u0103\u0219\u0103m\u00e2nt lichid diluat la jum\u0103tate \u00een timpul sezonului de cre\u0219tere (din prim\u0103var\u0103 p\u00e2n\u0103 la \u00eenceputul toamnei). Reduce\u021bi sau \u00eentrerupe\u021bi fertilizarea \u00een timpul lunilor de iarn\u0103 latente.<\/p>\n<p>&nbsp;<\/p>\n<p><strong>Managementul d\u0103un\u0103torilor \u0219i al bolilor:<\/strong><\/p>\n<p>Inspecta\u021bi-v\u0103 \u00een mod regulat bonsaiul pentru a depista d\u0103un\u0103tori, cum ar fi p\u0103ianjenii sau cochiliile. Trata\u021bi prompt orice infestare.<\/p>\n<p>Asigura\u021bi-v\u0103 c\u0103 exist\u0103 o bun\u0103 circula\u021bie a aerului \u00een jurul plantei pentru a preveni apari\u021bia ciupercilor.<\/p>\n<p>&nbsp;<\/p>\n<p><strong>Styling \u0219i r\u0103bdare:<\/strong><\/p>\n<p>Crearea unui bonsai uimitor necesit\u0103 timp \u0219i r\u0103bdare. Perfec\u021biona\u021bi continuu forma \u0219i stilul bonsaiului Juniperus chinensis \"Sargentii\" pe m\u0103sur\u0103 ce acesta se maturizeaz\u0103.<\/p>\n<p>&nbsp;<\/p>\n<p>Nu uita\u021bi c\u0103 succesul cultiv\u0103rii bonsaiului necesit\u0103 dedicare \u0219i angajament fa\u021b\u0103 de aceast\u0103 form\u0103 de art\u0103. Juniperus chinensis 'Sargentii' este o alegere excelent\u0103 at\u00e2t pentru \u00eencep\u0103tori, c\u00e2t \u0219i pentru pasiona\u021bii de bonsai cu experien\u021b\u0103, datorit\u0103 adaptabilit\u0103\u021bii \u0219i naturii sale iert\u0103toare. Cu o \u00eengrijire \u0219i o aten\u021bie corespunz\u0103toare, pute\u021bi crea un copac \u00een miniatur\u0103 frumos \u0219i captivant.<\/p>","protected":false},"excerpt":{"rendered":"<p>Juniperus Chinensis Shimpaku var. Sargentii Juniperus chinensis \"Sargentii\", cunoscut sub numele de \"ienup\u0103rul chinezesc al lui Sargent\", este un arbust sau un arbore mic, popular \u0219i ve\u0219nic verde, apar\u021bin\u00e2nd ...<\/p>","protected":false},"author":1,"featured_media":0,"parent":0,"menu_order":0,"comment_status":"closed","ping_status":"closed","template":"","meta":{"footnotes":""},"class_list":["post-146","page","type-page","status-publish","hentry"],"yoast_head":"<!-- This site is optimized with the Yoast SEO plugin v25.4 - https:\/\/yoast.com\/wordpress\/plugins\/seo\/ -->\n<title>Juniperus Chinensis Shimpaku (Sargentii)<\/title>\n<meta name=\"robots\" content=\"index, follow, max-snippet:-1, max-image-preview:large, max-video-preview:-1\" \/>\n<link rel=\"canonical\" href=\"https:\/\/juniperus-chinensis.com\/ro\/juniperus-chinensis-shimpaku-sargentii\/\" \/>\n<meta property=\"og:locale\" content=\"ro_RO\" \/>\n<meta property=\"og:type\" content=\"article\" \/>\n<meta property=\"og:title\" content=\"Juniperus Chinensis Shimpaku (Sargentii)\" \/>\n<meta property=\"og:description\" content=\"Juniperus Chinensis Shimpaku var. Sargentii Juniperus chinensis &#8216;Sargentii,&#8217; commonly known as Sargent&#8217;s Chinese Juniper, is a popular evergreen shrub or small tree belonging to the &hellip;\" \/>\n<meta property=\"og:url\" content=\"https:\/\/juniperus-chinensis.com\/ro\/juniperus-chinensis-shimpaku-sargentii\/\" \/>\n<meta property=\"og:site_name\" content=\"Juniperus Chinensis\" \/>\n<meta property=\"article:modified_time\" content=\"2023-10-04T13:56:56+00:00\" \/>\n<meta name=\"twitter:card\" content=\"summary_large_image\" \/>\n<meta name=\"twitter:label1\" content=\"Timp estimat pentru citire\" \/>\n\t<meta name=\"twitter:data1\" content=\"1 minut\" \/>\n<script type=\"application\/ld+json\" class=\"yoast-schema-graph\">{\"@context\":\"https:\/\/schema.org\",\"@graph\":[{\"@type\":\"WebPage\",\"@id\":\"https:\/\/juniperus-chinensis.com\/de\/juniperus-chinensis-shimpaku-sargentii\/\",\"url\":\"https:\/\/juniperus-chinensis.com\/de\/juniperus-chinensis-shimpaku-sargentii\/\",\"name\":\"Juniperus Chinensis Shimpaku (Sargentii)\",\"isPartOf\":{\"@id\":\"\/#website\"},\"datePublished\":\"2022-02-26T06:16:38+00:00\",\"dateModified\":\"2023-10-04T13:56:56+00:00\",\"breadcrumb\":{\"@id\":\"https:\/\/juniperus-chinensis.com\/de\/juniperus-chinensis-shimpaku-sargentii\/#breadcrumb\"},\"inLanguage\":\"ro-RO\",\"potentialAction\":[{\"@type\":\"ReadAction\",\"target\":[\"https:\/\/juniperus-chinensis.com\/de\/juniperus-chinensis-shimpaku-sargentii\/\"]}]},{\"@type\":\"BreadcrumbList\",\"@id\":\"https:\/\/juniperus-chinensis.com\/de\/juniperus-chinensis-shimpaku-sargentii\/#breadcrumb\",\"itemListElement\":[{\"@type\":\"ListItem\",\"position\":1,\"name\":\"Home\",\"item\":\"https:\/\/juniperus-chinensis.com\/\"},{\"@type\":\"ListItem\",\"position\":2,\"name\":\"Juniperus Chinensis Shimpaku (Sargentii)\"}]},{\"@type\":\"WebSite\",\"@id\":\"\/#website\",\"url\":\"\/\",\"name\":\"Juniperus Chinensis\",\"description\":\"A beautiful plant to create bonsai\",\"potentialAction\":[{\"@type\":\"SearchAction\",\"target\":{\"@type\":\"EntryPoint\",\"urlTemplate\":\"\/?s={search_term_string}\"},\"query-input\":{\"@type\":\"PropertyValueSpecification\",\"valueRequired\":true,\"valueName\":\"search_term_string\"}}],\"inLanguage\":\"ro-RO\"}]}<\/script>\n<!-- \/ Yoast SEO plugin. -->","yoast_head_json":{"title":"Juniperus Chinensis Shimpaku (Sargentii)","robots":{"index":"index","follow":"follow","max-snippet":"max-snippet:-1","max-image-preview":"max-image-preview:large","max-video-preview":"max-video-preview:-1"},"canonical":"https:\/\/juniperus-chinensis.com\/ro\/juniperus-chinensis-shimpaku-sargentii\/","og_locale":"ro_RO","og_type":"article","og_title":"Juniperus Chinensis Shimpaku (Sargentii)","og_description":"Juniperus Chinensis Shimpaku var. Sargentii Juniperus chinensis &#8216;Sargentii,&#8217; commonly known as Sargent&#8217;s Chinese Juniper, is a popular evergreen shrub or small tree belonging to the &hellip;","og_url":"https:\/\/juniperus-chinensis.com\/ro\/juniperus-chinensis-shimpaku-sargentii\/","og_site_name":"Juniperus Chinensis","article_modified_time":"2023-10-04T13:56:56+00:00","twitter_card":"summary_large_image","twitter_misc":{"Timp estimat pentru citire":"1 minut"},"schema":{"@context":"https:\/\/schema.org","@graph":[{"@type":"WebPage","@id":"https:\/\/juniperus-chinensis.com\/de\/juniperus-chinensis-shimpaku-sargentii\/","url":"https:\/\/juniperus-chinensis.com\/de\/juniperus-chinensis-shimpaku-sargentii\/","name":"Juniperus Chinensis Shimpaku (Sargentii)","isPartOf":{"@id":"\/#website"},"datePublished":"2022-02-26T06:16:38+00:00","dateModified":"2023-10-04T13:56:56+00:00","breadcrumb":{"@id":"https:\/\/juniperus-chinensis.com\/de\/juniperus-chinensis-shimpaku-sargentii\/#breadcrumb"},"inLanguage":"ro-RO","potentialAction":[{"@type":"ReadAction","target":["https:\/\/juniperus-chinensis.com\/de\/juniperus-chinensis-shimpaku-sargentii\/"]}]},{"@type":"BreadcrumbList","@id":"https:\/\/juniperus-chinensis.com\/de\/juniperus-chinensis-shimpaku-sargentii\/#breadcrumb","itemListElement":[{"@type":"ListItem","position":1,"name":"Home","item":"https:\/\/juniperus-chinensis.com\/"},{"@type":"ListItem","position":2,"name":"Juniperus Chinensis Shimpaku (Sargentii)"}]},{"@type":"WebSite","@id":"\/#website","url":"\/","name":"Juniperus Chinensis","description":"A beautiful plant to create bonsai","potentialAction":[{"@type":"SearchAction","target":{"@type":"EntryPoint","urlTemplate":"\/?s={search_term_string}"},"query-input":{"@type":"PropertyValueSpecification","valueRequired":true,"valueName":"search_term_string"}}],"inLanguage":"ro-RO"}]}},"_links":{"self":[{"href":"http:\/\/juniperus-chinensis.com\/ro\/wp-json\/wp\/v2\/pages\/146","targetHints":{"allow":["GET"]}}],"collection":[{"href":"http:\/\/juniperus-chinensis.com\/ro\/wp-json\/wp\/v2\/pages"}],"about":[{"href":"http:\/\/juniperus-chinensis.com\/ro\/wp-json\/wp\/v2\/types\/page"}],"author":[{"embeddable":true,"href":"http:\/\/juniperus-chinensis.com\/ro\/wp-json\/wp\/v2\/users\/1"}],"replies":[{"embeddable":true,"href":"http:\/\/juniperus-chinensis.com\/ro\/wp-json\/wp\/v2\/comments?post=146"}],"version-history":[{"count":3,"href":"http:\/\/juniperus-chinensis.com\/ro\/wp-json\/wp\/v2\/pages\/146\/revisions"}],"predecessor-version":[{"id":254,"href":"http:\/\/juniperus-chinensis.com\/ro\/wp-json\/wp\/v2\/pages\/146\/revisions\/254"}],"wp:attachment":[{"href":"http:\/\/juniperus-chinensis.com\/ro\/wp-json\/wp\/v2\/media?parent=146"}],"curies":[{"name":"wp","href":"https:\/\/api.w.org\/{rel}","templated":true}]}}