{"id":124,"date":"2022-02-25T03:43:08","date_gmt":"2022-02-25T02:43:08","guid":{"rendered":"http:\/\/juniperus-chinensis.com\/?page_id=124"},"modified":"2024-09-15T22:09:32","modified_gmt":"2024-09-15T21:09:32","slug":"juniperus-chinensis-kishu-2","status":"publish","type":"page","link":"https:\/\/juniperus-chinensis.com\/cs\/juniperus-chinensis-kishu-2\/","title":{"rendered":"Juniperus Chinensis Kishu"},"content":{"rendered":"<h3>Juniperus Chinensis Kishu na prodej v r\u016fzn\u00fdch velikostech:<\/h3>\n<p>V\u011bdeck\u00fd n\u00e1zev: Juniperus Chinensis Shimpaku var. Kishu<\/p>\n<p>Komponovan\u00fd n\u00e1zev: Kishu Juniper<\/p>\n<p>\u0158\u00edzky a mlad\u00e9 rostliny, 2 roky star\u00e9, velikost cca 10-20 cm<\/p>\n<p>&nbsp;<\/p>\n<p><a href=\"https:\/\/juniperus-chinensis.com\/wp-content\/uploads\/2024\/09\/juniperus-chinensis-kishu-1.jpg\"><img loading=\"lazy\" decoding=\"async\" class=\"alignnone size-large wp-image-271\" src=\"https:\/\/juniperus-chinensis.com\/wp-content\/uploads\/2024\/09\/juniperus-chinensis-kishu-1-1024x683.jpg\" alt=\"\" width=\"760\" height=\"507\" srcset=\"https:\/\/juniperus-chinensis.com\/wp-content\/uploads\/2024\/09\/juniperus-chinensis-kishu-1-1024x683.jpg 1024w, https:\/\/juniperus-chinensis.com\/wp-content\/uploads\/2024\/09\/juniperus-chinensis-kishu-1-300x200.jpg 300w, https:\/\/juniperus-chinensis.com\/wp-content\/uploads\/2024\/09\/juniperus-chinensis-kishu-1-768x512.jpg 768w, https:\/\/juniperus-chinensis.com\/wp-content\/uploads\/2024\/09\/juniperus-chinensis-kishu-1-1536x1024.jpg 1536w, https:\/\/juniperus-chinensis.com\/wp-content\/uploads\/2024\/09\/juniperus-chinensis-kishu-1-2048x1366.jpg 2048w, https:\/\/juniperus-chinensis.com\/wp-content\/uploads\/2024\/09\/juniperus-chinensis-kishu-1-18x12.jpg 18w, https:\/\/juniperus-chinensis.com\/wp-content\/uploads\/2024\/09\/juniperus-chinensis-kishu-1-421x281.jpg 421w\" sizes=\"auto, (max-width: 760px) 100vw, 760px\" \/><\/a><\/p>\n<p>&nbsp;<\/p>","protected":false},"excerpt":{"rendered":"<p>Juniperus Chinensis Kishu na prodej v r\u016fzn\u00fdch velikostech: V\u011bdeck\u00fd n\u00e1zev: Juniperus Chinensis Shimpaku var. Kishu B\u011b\u017en\u00fd n\u00e1zev: jalovec Kishu \u0158\u00edzky a mlad\u00e9 rostliny, 2 roky ...<\/p>","protected":false},"author":1,"featured_media":271,"parent":0,"menu_order":0,"comment_status":"closed","ping_status":"closed","template":"","meta":{"footnotes":""},"class_list":["post-124","page","type-page","status-publish","has-post-thumbnail","hentry"],"yoast_head":"<!-- This site is optimized with the Yoast SEO plugin v25.4 - https:\/\/yoast.com\/wordpress\/plugins\/seo\/ -->\n<title>Juniperus Chinensis Kishu<\/title>\n<meta name=\"description\" content=\"Juniperus Chinensis Kishu cuttings and young plants for sale in various sizes and shapes.\" \/>\n<meta name=\"robots\" content=\"index, follow, max-snippet:-1, max-image-preview:large, max-video-preview:-1\" \/>\n<link rel=\"canonical\" href=\"https:\/\/juniperus-chinensis.com\/cs\/juniperus-chinensis-kishu-2\/juniperus-chinensis-kishu-2\/\" \/>\n<meta property=\"og:locale\" content=\"cs_CZ\" \/>\n<meta property=\"og:type\" content=\"article\" \/>\n<meta property=\"og:title\" content=\"Juniperus Chinensis Kishu\" \/>\n<meta property=\"og:description\" content=\"Juniperus Chinensis Kishu cuttings and young plants for sale in various sizes and shapes.\" \/>\n<meta property=\"og:url\" content=\"https:\/\/juniperus-chinensis.com\/cs\/juniperus-chinensis-kishu-2\/juniperus-chinensis-kishu-2\/\" \/>\n<meta property=\"og:site_name\" content=\"Juniperus Chinensis\" \/>\n<meta property=\"article:modified_time\" content=\"2024-09-15T21:09:32+00:00\" \/>\n<meta property=\"og:image\" content=\"https:\/\/juniperus-chinensis.com\/wp-content\/uploads\/2024\/09\/juniperus-chinensis-kishu-1-1024x683.jpg\" \/>\n\t<meta property=\"og:image:width\" content=\"1024\" \/>\n\t<meta property=\"og:image:height\" content=\"683\" \/>\n\t<meta property=\"og:image:type\" content=\"image\/jpeg\" \/>\n<meta name=\"twitter:card\" content=\"summary_large_image\" \/>\n<meta name=\"twitter:label1\" content=\"Odhadovan\u00e1 doba \u010dten\u00ed\" \/>\n\t<meta name=\"twitter:data1\" content=\"1 minuta\" \/>\n<script type=\"application\/ld+json\" class=\"yoast-schema-graph\">{\"@context\":\"https:\/\/schema.org\",\"@graph\":[{\"@type\":\"WebPage\",\"@id\":\"https:\/\/juniperus-chinensis.com\/de\/juniperus-chinensis-kishu-2\/\",\"url\":\"https:\/\/juniperus-chinensis.com\/de\/juniperus-chinensis-kishu-2\/\",\"name\":\"Juniperus Chinensis Kishu\",\"isPartOf\":{\"@id\":\"\/#website\"},\"primaryImageOfPage\":{\"@id\":\"https:\/\/juniperus-chinensis.com\/de\/juniperus-chinensis-kishu-2\/#primaryimage\"},\"image\":{\"@id\":\"https:\/\/juniperus-chinensis.com\/de\/juniperus-chinensis-kishu-2\/#primaryimage\"},\"thumbnailUrl\":\"https:\/\/juniperus-chinensis.com\/wp-content\/uploads\/2024\/09\/juniperus-chinensis-kishu-1.jpg\",\"datePublished\":\"2022-02-25T02:43:08+00:00\",\"dateModified\":\"2024-09-15T21:09:32+00:00\",\"description\":\"Juniperus Chinensis Kishu cuttings and young plants for sale in various sizes and shapes.\",\"breadcrumb\":{\"@id\":\"https:\/\/juniperus-chinensis.com\/de\/juniperus-chinensis-kishu-2\/#breadcrumb\"},\"inLanguage\":\"cs\",\"potentialAction\":[{\"@type\":\"ReadAction\",\"target\":[\"https:\/\/juniperus-chinensis.com\/de\/juniperus-chinensis-kishu-2\/\"]}]},{\"@type\":\"ImageObject\",\"inLanguage\":\"cs\",\"@id\":\"https:\/\/juniperus-chinensis.com\/de\/juniperus-chinensis-kishu-2\/#primaryimage\",\"url\":\"https:\/\/juniperus-chinensis.com\/wp-content\/uploads\/2024\/09\/juniperus-chinensis-kishu-1.jpg\",\"contentUrl\":\"https:\/\/juniperus-chinensis.com\/wp-content\/uploads\/2024\/09\/juniperus-chinensis-kishu-1.jpg\",\"width\":2500,\"height\":1667},{\"@type\":\"BreadcrumbList\",\"@id\":\"https:\/\/juniperus-chinensis.com\/de\/juniperus-chinensis-kishu-2\/#breadcrumb\",\"itemListElement\":[{\"@type\":\"ListItem\",\"position\":1,\"name\":\"Home\",\"item\":\"https:\/\/juniperus-chinensis.com\/\"},{\"@type\":\"ListItem\",\"position\":2,\"name\":\"Juniperus Chinensis Kishu\"}]},{\"@type\":\"WebSite\",\"@id\":\"\/#website\",\"url\":\"\/\",\"name\":\"Juniperus Chinensis\",\"description\":\"A beautiful plant to create bonsai\",\"potentialAction\":[{\"@type\":\"SearchAction\",\"target\":{\"@type\":\"EntryPoint\",\"urlTemplate\":\"\/?s={search_term_string}\"},\"query-input\":{\"@type\":\"PropertyValueSpecification\",\"valueRequired\":true,\"valueName\":\"search_term_string\"}}],\"inLanguage\":\"cs\"}]}<\/script>\n<!-- \/ Yoast SEO plugin. -->","yoast_head_json":{"title":"Juniperus Chinensis Kishu","description":"Juniperus Chinensis Kishu cuttings and young plants for sale in various sizes and shapes.","robots":{"index":"index","follow":"follow","max-snippet":"max-snippet:-1","max-image-preview":"max-image-preview:large","max-video-preview":"max-video-preview:-1"},"canonical":"https:\/\/juniperus-chinensis.com\/cs\/juniperus-chinensis-kishu-2\/juniperus-chinensis-kishu-2\/","og_locale":"cs_CZ","og_type":"article","og_title":"Juniperus Chinensis Kishu","og_description":"Juniperus Chinensis Kishu cuttings and young plants for sale in various sizes and shapes.","og_url":"https:\/\/juniperus-chinensis.com\/cs\/juniperus-chinensis-kishu-2\/juniperus-chinensis-kishu-2\/","og_site_name":"Juniperus Chinensis","article_modified_time":"2024-09-15T21:09:32+00:00","og_image":[{"width":1024,"height":683,"url":"https:\/\/juniperus-chinensis.com\/wp-content\/uploads\/2024\/09\/juniperus-chinensis-kishu-1-1024x683.jpg","type":"image\/jpeg"}],"twitter_card":"summary_large_image","twitter_misc":{"Odhadovan\u00e1 doba \u010dten\u00ed":"1 minuta"},"schema":{"@context":"https:\/\/schema.org","@graph":[{"@type":"WebPage","@id":"https:\/\/juniperus-chinensis.com\/de\/juniperus-chinensis-kishu-2\/","url":"https:\/\/juniperus-chinensis.com\/de\/juniperus-chinensis-kishu-2\/","name":"Juniperus Chinensis Kishu","isPartOf":{"@id":"\/#website"},"primaryImageOfPage":{"@id":"https:\/\/juniperus-chinensis.com\/de\/juniperus-chinensis-kishu-2\/#primaryimage"},"image":{"@id":"https:\/\/juniperus-chinensis.com\/de\/juniperus-chinensis-kishu-2\/#primaryimage"},"thumbnailUrl":"https:\/\/juniperus-chinensis.com\/wp-content\/uploads\/2024\/09\/juniperus-chinensis-kishu-1.jpg","datePublished":"2022-02-25T02:43:08+00:00","dateModified":"2024-09-15T21:09:32+00:00","description":"Juniperus Chinensis Kishu cuttings and young plants for sale in various sizes and shapes.","breadcrumb":{"@id":"https:\/\/juniperus-chinensis.com\/de\/juniperus-chinensis-kishu-2\/#breadcrumb"},"inLanguage":"cs","potentialAction":[{"@type":"ReadAction","target":["https:\/\/juniperus-chinensis.com\/de\/juniperus-chinensis-kishu-2\/"]}]},{"@type":"ImageObject","inLanguage":"cs","@id":"https:\/\/juniperus-chinensis.com\/de\/juniperus-chinensis-kishu-2\/#primaryimage","url":"https:\/\/juniperus-chinensis.com\/wp-content\/uploads\/2024\/09\/juniperus-chinensis-kishu-1.jpg","contentUrl":"https:\/\/juniperus-chinensis.com\/wp-content\/uploads\/2024\/09\/juniperus-chinensis-kishu-1.jpg","width":2500,"height":1667},{"@type":"BreadcrumbList","@id":"https:\/\/juniperus-chinensis.com\/de\/juniperus-chinensis-kishu-2\/#breadcrumb","itemListElement":[{"@type":"ListItem","position":1,"name":"Home","item":"https:\/\/juniperus-chinensis.com\/"},{"@type":"ListItem","position":2,"name":"Juniperus Chinensis Kishu"}]},{"@type":"WebSite","@id":"\/#website","url":"\/","name":"Juniperus Chinensis","description":"A beautiful plant to create bonsai","potentialAction":[{"@type":"SearchAction","target":{"@type":"EntryPoint","urlTemplate":"\/?s={search_term_string}"},"query-input":{"@type":"PropertyValueSpecification","valueRequired":true,"valueName":"search_term_string"}}],"inLanguage":"cs"}]}},"_links":{"self":[{"href":"https:\/\/juniperus-chinensis.com\/cs\/wp-json\/wp\/v2\/pages\/124","targetHints":{"allow":["GET"]}}],"collection":[{"href":"https:\/\/juniperus-chinensis.com\/cs\/wp-json\/wp\/v2\/pages"}],"about":[{"href":"https:\/\/juniperus-chinensis.com\/cs\/wp-json\/wp\/v2\/types\/page"}],"author":[{"embeddable":true,"href":"https:\/\/juniperus-chinensis.com\/cs\/wp-json\/wp\/v2\/users\/1"}],"replies":[{"embeddable":true,"href":"https:\/\/juniperus-chinensis.com\/cs\/wp-json\/wp\/v2\/comments?post=124"}],"version-history":[{"count":8,"href":"https:\/\/juniperus-chinensis.com\/cs\/wp-json\/wp\/v2\/pages\/124\/revisions"}],"predecessor-version":[{"id":272,"href":"https:\/\/juniperus-chinensis.com\/cs\/wp-json\/wp\/v2\/pages\/124\/revisions\/272"}],"wp:featuredmedia":[{"embeddable":true,"href":"https:\/\/juniperus-chinensis.com\/cs\/wp-json\/wp\/v2\/media\/271"}],"wp:attachment":[{"href":"https:\/\/juniperus-chinensis.com\/cs\/wp-json\/wp\/v2\/media?parent=124"}],"curies":[{"name":"wp","href":"https:\/\/api.w.org\/{rel}","templated":true}]}}