{"id":146,"date":"2022-02-26T07:16:38","date_gmt":"2022-02-26T06:16:38","guid":{"rendered":"http:\/\/juniperus-chinensis.com\/?page_id=146"},"modified":"2023-10-04T14:56:56","modified_gmt":"2023-10-04T13:56:56","slug":"juniperus-chinensis-shimpaku-sargentii","status":"publish","type":"page","link":"https:\/\/juniperus-chinensis.com\/cs\/juniperus-chinensis-shimpaku-sargentii\/","title":{"rendered":"Juniperus Chinensis Shimpaku (Sargentii)"},"content":{"rendered":"<h3>Juniperus Chinensis Shimpaku var. Sargentii<\/h3>\n<p>Jalovec \u010d\u00ednsk\u00fd (Juniperus chinensis 'Sargentii'), b\u011b\u017en\u011b zn\u00e1m\u00fd jako Sargent\u016fv jalovec \u010d\u00ednsk\u00fd, je obl\u00edben\u00fd st\u00e1lezelen\u00fd ke\u0159 nebo mal\u00fd strom z \u010deledi Cupressaceae. Tato okrasn\u00e1 rostlina je d\u00edky sv\u00e9mu atraktivn\u00edmu vzhledu a n\u00edzk\u00fdm n\u00e1rok\u016fm na \u00fadr\u017ebu hojn\u011b vyu\u017e\u00edv\u00e1na v krajin\u00e1\u0159stv\u00ed a zahradnictv\u00ed.<\/p>\n<p><strong>Botanick\u00e9 vlastnosti:<\/strong><\/p>\n<p>Rod a druh: Juniperus chinensis<\/p>\n<p>Odr\u016fda: 'Sargentii'<\/p>\n<p>Rodina: Cupressaceae:<\/p>\n<p>Spole\u010dn\u00fd n\u00e1zev: Sargent\u016fv \u010d\u00ednsk\u00fd jalovec<\/p>\n<p>&nbsp;<\/p>\n<p><strong>Velikost a r\u016fstov\u00fd habitus:<\/strong><\/p>\n<p>'Sargentii' roste jako hust\u00fd, kompaktn\u00ed a rozlo\u017eit\u00fd ke\u0159 pyramid\u00e1ln\u00edho a\u017e kulovit\u00e9ho tvaru.<\/p>\n<p>V dosp\u011blosti dosahuje obvykle v\u00fd\u0161ky 3 a\u017e 6 stop (0,9 a\u017e 1,8 metru) a podobn\u00e9ho rozp\u011bt\u00ed.<\/p>\n<p>&nbsp;<\/p>\n<p><strong>Olist\u011bn\u00ed:<\/strong><\/p>\n<p>Listy odr\u016fdy 'Sargentii' jsou st\u00e1lezelen\u00e9 a zachov\u00e1vaj\u00ed si syt\u011b zelenou barvu po cel\u00fd rok.<\/p>\n<p>Listy jsou \u0161upinovit\u00e9 a hust\u011b uspo\u0159\u00e1dan\u00e9 pod\u00e9l stonk\u016f, tak\u017ee rostlina m\u00e1 jemnou strukturu.<\/p>\n<p>V zimn\u00edch m\u011bs\u00edc\u00edch mohou listy z\u00edskat lehce bronzov\u00fd nebo purpurov\u00fd n\u00e1dech, co\u017e jim dod\u00e1v\u00e1 na vzhledu.<\/p>\n<p>&nbsp;<\/p>\n<p><strong>K\u016fra:<\/strong><\/p>\n<p>K\u016fra tohoto jalovce je v ml\u00e1d\u00ed tenk\u00e1 a \u010dervenohn\u011bd\u00e1, v dosp\u011blosti \u0161edne a \u0161upinat\u00ed.<\/p>\n<p>&nbsp;<\/p>\n<p><strong>Ku\u017eely:<\/strong><\/p>\n<p>Stejn\u011b jako v\u0161echny jalovce vytv\u00e1\u0159\u00ed 'Sargentii' mal\u00e9, bobulovit\u00e9 \u0161i\u0161ky. Tyto \u0161i\u0161ky jsou obvykle kulat\u00e9 a modro\u010dern\u00e9.<\/p>\n<p>&nbsp;<\/p>\n<p><strong>Po\u017eadavky na slune\u010dn\u00ed sv\u011btlo:<\/strong><\/p>\n<p>Sargent\u016fv jalovec \u010d\u00ednsk\u00fd prosp\u00edv\u00e1 na pln\u00e9m slunci a\u017e v polost\u00ednu. Pro optim\u00e1ln\u00ed r\u016fst a vybarven\u00ed list\u016f up\u0159ednost\u0148uje alespo\u0148 6 hodin p\u0159\u00edm\u00e9ho slune\u010dn\u00edho sv\u011btla denn\u011b.<\/p>\n<p>&nbsp;<\/p>\n<p><strong>Po\u017eadavky na p\u016fdu:<\/strong><\/p>\n<p>Tento jalovec je p\u0159izp\u016fsobiv\u00fd \u0161irok\u00e9 \u0161k\u00e1le p\u016fdn\u00edch typ\u016f, ale d\u00e1v\u00e1 p\u0159ednost dob\u0159e odvodn\u011bn\u00e9 p\u016fd\u011b. Sn\u00e1\u0161\u00ed m\u00edrn\u011b z\u00e1sadit\u00e9 a\u017e m\u00edrn\u011b kysel\u00e9 p\u016fdy.<\/p>\n<p>&nbsp;<\/p>\n<p><strong>Pot\u0159eba zavla\u017eov\u00e1n\u00ed:<\/strong><\/p>\n<p>Jakmile se rozvine, je 'Sargentii' odoln\u00e1 v\u016f\u010di suchu a vy\u017eaduje minim\u00e1ln\u00ed z\u00e1livku. D\u016fle\u017eit\u00e9 je nep\u0159ehnojit ji, proto\u017ee v trvale vlhk\u00e9 p\u016fd\u011b je n\u00e1chyln\u00e1 k hnilob\u011b ko\u0159en\u016f.<\/p>\n<p>&nbsp;<\/p>\n<p><strong>Mrazuvzdornost:<\/strong><\/p>\n<p>Tento kultivar je zn\u00e1m\u00fd svou mrazuvzdornost\u00ed a da\u0159\u00ed se mu t\u00e9m\u011b\u0159 v ka\u017ed\u00e9m p\u00e1smu.<\/p>\n<p>&nbsp;<\/p>\n<p><strong>Pou\u017eit\u00ed v krajin\u011b:<\/strong><\/p>\n<p>'Sargentii' je obl\u00edben\u00e1 odr\u016fda pro krajin\u00e1\u0159sk\u00e9 \u00fapravy, kter\u00e1 se pou\u017e\u00edv\u00e1 r\u016fzn\u00fdmi zp\u016fsoby:<\/p>\n<p>D\u00edky sv\u00e9mu hust\u00e9mu vzr\u016fstu se dob\u0159e hod\u00ed jako n\u00edzk\u00fd \u017eiv\u00fd plot nebo z\u00e1st\u011bna.<\/p>\n<p>Lze ji vysazovat jako solit\u00e9ru v zahrad\u00e1ch nebo ji pou\u017e\u00edt jako protierozn\u00ed rostlinu na svaz\u00edch.<\/p>\n<p>D\u00edky sv\u00fdm kompaktn\u00edm rozm\u011br\u016fm je vhodn\u00fd do mal\u00fdch zahrad a m\u011bstsk\u00e9 krajiny.<\/p>\n<p>&nbsp;<\/p>\n<p><strong>\u00dadr\u017eba:<\/strong><\/p>\n<p>Tento jalovec vy\u017eaduje minim\u00e1ln\u00ed \u00fadr\u017ebu. Pro zachov\u00e1n\u00ed jeho p\u0159irozen\u00e9ho tvaru by se m\u011bl st\u0159\u00edhat st\u0159\u00eddm\u011b, pokud v\u016fbec.<\/p>\n<p>Podle pot\u0159eby odstra\u0148te odum\u0159el\u00e9 nebo nemocn\u00e9 v\u011btve.<\/p>\n<p>Mul\u010dov\u00e1n\u00ed kolem z\u00e1kladny rostliny pom\u00e1h\u00e1 udr\u017eovat p\u016fdn\u00ed vlhkost a potla\u010dovat plevel.<\/p>\n<p>&nbsp;<\/p>\n<p><strong>\u0160k\u016fdci a nemoci:<\/strong><\/p>\n<p>'Sargentii' je obecn\u011b odoln\u00fd v\u016f\u010di v\u011bt\u0161in\u011b \u0161k\u016fdc\u016f a chorob. Za ur\u010dit\u00fdch podm\u00ednek v\u0161ak m\u016f\u017ee b\u00fdt n\u00e1chyln\u00e1 k rozto\u010d\u016fm a \u0161upinat\u00e9mu hmyzu.<\/p>\n<p>Jalovec \u010d\u00ednsk\u00fd (Juniperus chinensis 'Sargentii') je v\u0161estrann\u00fd a atraktivn\u00ed st\u00e1lezelen\u00fd ke\u0159 s kompaktn\u00edm habitem, kter\u00fd je obl\u00edbenou volbou pro krajin\u00e1\u0159sk\u00e9 \u00fapravy v r\u016fzn\u00fdch prost\u0159ed\u00edch. D\u00edky n\u00edzk\u00fdm n\u00e1rok\u016fm na \u00fadr\u017ebu a celoro\u010dn\u00ed vizu\u00e1ln\u00ed p\u0159ita\u017elivosti je cenn\u00fdm dopl\u0148kem zahrad a krajin.<\/p>\n<p>&nbsp;<\/p>\n<p><strong>Juniperus Chinensis Sargentii jako bonsaj<\/strong><\/p>\n<p>Jalovec \u010d\u00ednsk\u00fd (Juniperus chinensis 'Sargentii') je pro svou p\u0159izp\u016fsobivost, atraktivn\u00ed olist\u011bn\u00ed a zaj\u00edmavou strukturu k\u016fry obl\u00edbenou volbou mezi milovn\u00edky bonsaj\u00ed. P\u0159i spr\u00e1vn\u00e9 v\u00fdchov\u011b a p\u00e9\u010di z n\u011bj lze vytvo\u0159it n\u00e1dhern\u00fd bonsajov\u00fd exempl\u00e1\u0159. Zde je n\u00e1vod na pou\u017eit\u00ed jalovce Juniperus chinensis 'Sargentii' jako bonsaje:<\/p>\n<p>&nbsp;<\/p>\n<p><strong>V\u00fdb\u011br spr\u00e1vn\u00e9 rostliny:<\/strong><\/p>\n<p>Vyberte si zdravou, mladou rostlinu jalovce s dobrou strukturou v\u011btv\u00ed a \u017e\u00e1douc\u00edmi vlastnostmi. Hledejte rovn\u00e9 kmeny a v\u011btve, kter\u00e9 jsou dob\u0159e rozm\u00edst\u011bn\u00e9 a rovnom\u011brn\u011b rozlo\u017een\u00e9.<\/p>\n<p>&nbsp;<\/p>\n<p><strong>Pro\u0159ez\u00e1v\u00e1n\u00ed a tvarov\u00e1n\u00ed:<\/strong><\/p>\n<p>P\u0159i tvarov\u00e1n\u00ed bonsaj\u00ed se rostlina pro\u0159ez\u00e1v\u00e1 a tvaruje tak, aby vznikl miniaturn\u00ed strom, kter\u00fd napodobuje vzhled vzrostl\u00e9ho stromu v pln\u00e9 velikosti.<\/p>\n<p>Za\u010dn\u011bte odstran\u011bn\u00edm odum\u0159el\u00fdch nebo nezdrav\u00fdch v\u011btv\u00ed. Pot\u00e9 o\u0159e\u017ete v\u011btve a listy tak, abyste dos\u00e1hli po\u017eadovan\u00e9ho tvaru. K \u010dist\u00fdm \u0159ez\u016fm pou\u017e\u00edvejte ostr\u00e9 bonsajov\u00e9 n\u016f\u017eky.<\/p>\n<p>Jalovce jsou zn\u00e1m\u00e9 svou schopnost\u00ed zp\u011btn\u00e9ho ra\u0161en\u00ed, co\u017e znamen\u00e1, \u017ee ze star\u00e9ho d\u0159eva m\u016f\u017ee vyr\u016fst nov\u00fd r\u016fst, kter\u00fd je nezbytn\u00fd pro tvarov\u00e1n\u00ed bonsaj\u00ed. Star\u0161\u00ed d\u0159evo m\u016f\u017eete se\u0159\u00edznout, abyste podpo\u0159ili nov\u00fd r\u016fst na ur\u010dit\u00fdch m\u00edstech.<\/p>\n<p>&nbsp;<\/p>\n<p><strong>Zapojen\u00ed:<\/strong><\/p>\n<p>Dr\u00e1tov\u00e1n\u00ed je v bonsaj\u00edch b\u011b\u017enou technikou, kter\u00e1 slou\u017e\u00ed k veden\u00ed v\u011btv\u00ed do po\u017eadovan\u00e9 polohy. Pomoc\u00ed hlin\u00edkov\u00e9ho nebo m\u011bd\u011bn\u00e9ho bonsajov\u00e9ho dr\u00e1tu m\u016f\u017eete v\u011btve jemn\u011b oh\u00fdbat a p\u0159itom je nepo\u0161kodit.<\/p>\n<p>D\u00e1vejte pozor, abyste dr\u00e1ty nenapojovali p\u0159\u00edli\u0161 pevn\u011b, proto\u017ee by mohlo doj\u00edt k po\u0161kozen\u00ed k\u016fry a kambiov\u00e9 vrstvy. Pravideln\u011b sledujte r\u016fst, abyste se ujistili, \u017ee dr\u00e1t nezasahuje do v\u011btv\u00ed.<\/p>\n<p>&nbsp;<\/p>\n<p><strong>P\u0159esazov\u00e1n\u00ed:<\/strong><\/p>\n<p>Juniperus chinensis 'Sargentii' by se m\u011bl ka\u017ed\u00e9 2 a\u017e 3 roky p\u0159esazovat, aby se osv\u011b\u017eila p\u016fda, podpo\u0159ilo zdrav\u00ed ko\u0159en\u016f a udr\u017eovala velikost rostliny.<\/p>\n<p>P\u0159esazov\u00e1n\u00ed se obvykle prov\u00e1d\u00ed brzy na ja\u0159e p\u0159ed za\u010d\u00e1tkem nov\u00e9ho r\u016fstu. \u010c\u00e1st ko\u0159en\u016f pro\u0159e\u017ete a zeminu vym\u011b\u0148te za dob\u0159e propustnou bonsajovou sm\u011bs.<\/p>\n<p>&nbsp;<\/p>\n<p><strong>Zavla\u017eov\u00e1n\u00ed:<\/strong><\/p>\n<p>Bonsaje vy\u017eaduj\u00ed pe\u010dlivou p\u00e9\u010di p\u0159i zal\u00e9v\u00e1n\u00ed. Jalovce preferuj\u00ed m\u00edrn\u011b vlhkou p\u016fdu, ale nemaj\u00ed r\u00e1dy p\u0159emok\u0159en\u00ed. Kdy\u017e povrch p\u016fdy za\u010dne vysychat, d\u016fkladn\u011b ji zalijte, ale neudr\u017eujte ji trvale mokrou.<\/p>\n<p>&nbsp;<\/p>\n<p><strong>Slune\u010dn\u00ed sv\u011btlo:<\/strong><\/p>\n<p>Um\u00edst\u011bte bonsaj Juniperus chinensis 'Sargentii' na m\u00edsto s pln\u00fdm sluncem, abyste podpo\u0159ili jej\u00ed zdrav\u00fd r\u016fst a udr\u017eeli kompaktn\u00ed tvar.<\/p>\n<p>&nbsp;<\/p>\n<p><strong>Zimn\u00ed ochrana:<\/strong><\/p>\n<p>Chra\u0148te sv\u00e9 bonsaje p\u0159ed nep\u0159\u00edzniv\u00fdmi zimn\u00edmi podm\u00ednkami. A\u010dkoli je 'Sargentii' mrazuvzdorn\u00e1, kv\u011btin\u00e1\u010de a ko\u0159eny bonsaj\u00ed mohou b\u00fdt mrazem ohro\u017eeny v\u00edce. V p\u0159\u00edpad\u011b pot\u0159eby zva\u017ete ochranu v zim\u011b nebo p\u0159enesen\u00ed do interi\u00e9ru.<\/p>\n<p>&nbsp;<\/p>\n<p><strong>Hnojen\u00ed:<\/strong><\/p>\n<p>B\u011bhem vegeta\u010dn\u00edho obdob\u00ed (od jara do za\u010d\u00e1tku podzimu) pou\u017e\u00edvejte vyv\u00e1\u017een\u00e9, pomalu se uvol\u0148uj\u00edc\u00ed hnojivo pro bonsaje nebo tekut\u00e9 hnojivo z\u0159ed\u011bn\u00e9 na polovi\u010dn\u00ed obsah. V zimn\u00edch m\u011bs\u00edc\u00edch hnojen\u00ed omezte nebo p\u0159eru\u0161te.<\/p>\n<p>&nbsp;<\/p>\n<p><strong>Ochrana proti \u0161k\u016fdc\u016fm a chorob\u00e1m:<\/strong><\/p>\n<p>Pravideln\u011b kontrolujte bonsaje, zda se v nich nevyskytuj\u00ed \u0161k\u016fdci, jako jsou rozto\u010di nebo \u0161upinat\u00fd hmyz. P\u0159\u00edpadn\u00e9 napaden\u00ed ihned o\u0161et\u0159ete.<\/p>\n<p>Zajist\u011bte dobr\u00e9 proud\u011bn\u00ed vzduchu kolem rostliny, abyste zabr\u00e1nili vzniku pl\u00edsn\u00ed.<\/p>\n<p>&nbsp;<\/p>\n<p><strong>Styling a trp\u011blivost:<\/strong><\/p>\n<p>Vytvo\u0159en\u00ed n\u00e1dhern\u00e9 bonsaje vy\u017eaduje \u010das a trp\u011blivost. Jak bonsaj Juniperus chinensis 'Sargentii' dozr\u00e1v\u00e1, je t\u0159eba neust\u00e1le zdokonalovat jej\u00ed tvar a styl.<\/p>\n<p>&nbsp;<\/p>\n<p>Nezapome\u0148te, \u017ee \u00fasp\u011b\u0161n\u00e9 p\u011bstov\u00e1n\u00ed bonsaj\u00ed vy\u017eaduje odhodl\u00e1n\u00ed a oddanost tomuto um\u011bn\u00ed. Juniperus chinensis 'Sargentii' je d\u00edky sv\u00e9 p\u0159izp\u016fsobivosti a \u0161etrnosti vynikaj\u00edc\u00ed volbou pro za\u010d\u00e1te\u010dn\u00edky i zku\u0161en\u00e9 bonsajisty. P\u0159i spr\u00e1vn\u00e9 p\u00e9\u010di a pozornosti m\u016f\u017eete vytvo\u0159it kr\u00e1sn\u00fd a \u00fachvatn\u00fd miniaturn\u00ed strom.<\/p>","protected":false},"excerpt":{"rendered":"<p>Jalovec \u010d\u00ednsk\u00fd (Juniperus chinensis Shimpaku var. Sargentii) Jalovec \u010d\u00ednsk\u00fd (Juniperus chinensis 'Sargentii'), b\u011b\u017en\u011b zn\u00e1m\u00fd jako Sargent\u016fv jalovec \u010d\u00ednsk\u00fd, je obl\u00edben\u00fd st\u00e1lezelen\u00fd ke\u0159 nebo mal\u00fd stromek pat\u0159\u00edc\u00ed do ...<\/p>","protected":false},"author":1,"featured_media":0,"parent":0,"menu_order":0,"comment_status":"closed","ping_status":"closed","template":"","meta":{"footnotes":""},"class_list":["post-146","page","type-page","status-publish","hentry"],"yoast_head":"<!-- This site is optimized with the Yoast SEO plugin v25.4 - https:\/\/yoast.com\/wordpress\/plugins\/seo\/ -->\n<title>Juniperus Chinensis Shimpaku (Sargentii)<\/title>\n<meta name=\"robots\" content=\"index, follow, max-snippet:-1, max-image-preview:large, max-video-preview:-1\" \/>\n<link rel=\"canonical\" href=\"https:\/\/juniperus-chinensis.com\/cs\/juniperus-chinensis-shimpaku-sargentii\/\" \/>\n<meta property=\"og:locale\" content=\"cs_CZ\" \/>\n<meta property=\"og:type\" content=\"article\" \/>\n<meta property=\"og:title\" content=\"Juniperus Chinensis Shimpaku (Sargentii)\" \/>\n<meta property=\"og:description\" content=\"Juniperus Chinensis Shimpaku var. Sargentii Juniperus chinensis &#8216;Sargentii,&#8217; commonly known as Sargent&#8217;s Chinese Juniper, is a popular evergreen shrub or small tree belonging to the &hellip;\" \/>\n<meta property=\"og:url\" content=\"https:\/\/juniperus-chinensis.com\/cs\/juniperus-chinensis-shimpaku-sargentii\/\" \/>\n<meta property=\"og:site_name\" content=\"Juniperus Chinensis\" \/>\n<meta property=\"article:modified_time\" content=\"2023-10-04T13:56:56+00:00\" \/>\n<meta name=\"twitter:card\" content=\"summary_large_image\" \/>\n<meta name=\"twitter:label1\" content=\"Odhadovan\u00e1 doba \u010dten\u00ed\" \/>\n\t<meta name=\"twitter:data1\" content=\"1 minuta\" \/>\n<script type=\"application\/ld+json\" class=\"yoast-schema-graph\">{\"@context\":\"https:\/\/schema.org\",\"@graph\":[{\"@type\":\"WebPage\",\"@id\":\"https:\/\/juniperus-chinensis.com\/de\/juniperus-chinensis-shimpaku-sargentii\/\",\"url\":\"https:\/\/juniperus-chinensis.com\/de\/juniperus-chinensis-shimpaku-sargentii\/\",\"name\":\"Juniperus Chinensis Shimpaku (Sargentii)\",\"isPartOf\":{\"@id\":\"\/#website\"},\"datePublished\":\"2022-02-26T06:16:38+00:00\",\"dateModified\":\"2023-10-04T13:56:56+00:00\",\"breadcrumb\":{\"@id\":\"https:\/\/juniperus-chinensis.com\/de\/juniperus-chinensis-shimpaku-sargentii\/#breadcrumb\"},\"inLanguage\":\"cs\",\"potentialAction\":[{\"@type\":\"ReadAction\",\"target\":[\"https:\/\/juniperus-chinensis.com\/de\/juniperus-chinensis-shimpaku-sargentii\/\"]}]},{\"@type\":\"BreadcrumbList\",\"@id\":\"https:\/\/juniperus-chinensis.com\/de\/juniperus-chinensis-shimpaku-sargentii\/#breadcrumb\",\"itemListElement\":[{\"@type\":\"ListItem\",\"position\":1,\"name\":\"Home\",\"item\":\"https:\/\/juniperus-chinensis.com\/\"},{\"@type\":\"ListItem\",\"position\":2,\"name\":\"Juniperus Chinensis Shimpaku (Sargentii)\"}]},{\"@type\":\"WebSite\",\"@id\":\"\/#website\",\"url\":\"\/\",\"name\":\"Juniperus Chinensis\",\"description\":\"A beautiful plant to create bonsai\",\"potentialAction\":[{\"@type\":\"SearchAction\",\"target\":{\"@type\":\"EntryPoint\",\"urlTemplate\":\"\/?s={search_term_string}\"},\"query-input\":{\"@type\":\"PropertyValueSpecification\",\"valueRequired\":true,\"valueName\":\"search_term_string\"}}],\"inLanguage\":\"cs\"}]}<\/script>\n<!-- \/ Yoast SEO plugin. -->","yoast_head_json":{"title":"Juniperus Chinensis Shimpaku (Sargentii)","robots":{"index":"index","follow":"follow","max-snippet":"max-snippet:-1","max-image-preview":"max-image-preview:large","max-video-preview":"max-video-preview:-1"},"canonical":"https:\/\/juniperus-chinensis.com\/cs\/juniperus-chinensis-shimpaku-sargentii\/","og_locale":"cs_CZ","og_type":"article","og_title":"Juniperus Chinensis Shimpaku (Sargentii)","og_description":"Juniperus Chinensis Shimpaku var. Sargentii Juniperus chinensis &#8216;Sargentii,&#8217; commonly known as Sargent&#8217;s Chinese Juniper, is a popular evergreen shrub or small tree belonging to the &hellip;","og_url":"https:\/\/juniperus-chinensis.com\/cs\/juniperus-chinensis-shimpaku-sargentii\/","og_site_name":"Juniperus Chinensis","article_modified_time":"2023-10-04T13:56:56+00:00","twitter_card":"summary_large_image","twitter_misc":{"Odhadovan\u00e1 doba \u010dten\u00ed":"1 minuta"},"schema":{"@context":"https:\/\/schema.org","@graph":[{"@type":"WebPage","@id":"https:\/\/juniperus-chinensis.com\/de\/juniperus-chinensis-shimpaku-sargentii\/","url":"https:\/\/juniperus-chinensis.com\/de\/juniperus-chinensis-shimpaku-sargentii\/","name":"Juniperus Chinensis Shimpaku (Sargentii)","isPartOf":{"@id":"\/#website"},"datePublished":"2022-02-26T06:16:38+00:00","dateModified":"2023-10-04T13:56:56+00:00","breadcrumb":{"@id":"https:\/\/juniperus-chinensis.com\/de\/juniperus-chinensis-shimpaku-sargentii\/#breadcrumb"},"inLanguage":"cs","potentialAction":[{"@type":"ReadAction","target":["https:\/\/juniperus-chinensis.com\/de\/juniperus-chinensis-shimpaku-sargentii\/"]}]},{"@type":"BreadcrumbList","@id":"https:\/\/juniperus-chinensis.com\/de\/juniperus-chinensis-shimpaku-sargentii\/#breadcrumb","itemListElement":[{"@type":"ListItem","position":1,"name":"Home","item":"https:\/\/juniperus-chinensis.com\/"},{"@type":"ListItem","position":2,"name":"Juniperus Chinensis Shimpaku (Sargentii)"}]},{"@type":"WebSite","@id":"\/#website","url":"\/","name":"Juniperus Chinensis","description":"A beautiful plant to create bonsai","potentialAction":[{"@type":"SearchAction","target":{"@type":"EntryPoint","urlTemplate":"\/?s={search_term_string}"},"query-input":{"@type":"PropertyValueSpecification","valueRequired":true,"valueName":"search_term_string"}}],"inLanguage":"cs"}]}},"_links":{"self":[{"href":"https:\/\/juniperus-chinensis.com\/cs\/wp-json\/wp\/v2\/pages\/146","targetHints":{"allow":["GET"]}}],"collection":[{"href":"https:\/\/juniperus-chinensis.com\/cs\/wp-json\/wp\/v2\/pages"}],"about":[{"href":"https:\/\/juniperus-chinensis.com\/cs\/wp-json\/wp\/v2\/types\/page"}],"author":[{"embeddable":true,"href":"https:\/\/juniperus-chinensis.com\/cs\/wp-json\/wp\/v2\/users\/1"}],"replies":[{"embeddable":true,"href":"https:\/\/juniperus-chinensis.com\/cs\/wp-json\/wp\/v2\/comments?post=146"}],"version-history":[{"count":3,"href":"https:\/\/juniperus-chinensis.com\/cs\/wp-json\/wp\/v2\/pages\/146\/revisions"}],"predecessor-version":[{"id":254,"href":"https:\/\/juniperus-chinensis.com\/cs\/wp-json\/wp\/v2\/pages\/146\/revisions\/254"}],"wp:attachment":[{"href":"https:\/\/juniperus-chinensis.com\/cs\/wp-json\/wp\/v2\/media?parent=146"}],"curies":[{"name":"wp","href":"https:\/\/api.w.org\/{rel}","templated":true}]}}