{"id":2,"date":"2022-02-12T04:05:40","date_gmt":"2022-02-12T04:05:40","guid":{"rendered":"https:\/\/juniperus-chinensis.com\/?page_id=2"},"modified":"2024-09-16T09:59:08","modified_gmt":"2024-09-16T08:59:08","slug":"contact-us","status":"publish","type":"page","link":"https:\/\/juniperus-chinensis.com\/da\/contact-us\/","title":{"rendered":"Kontakt os"},"content":{"rendered":"<p>Du er velkommen til at kontakte os i alle sp\u00f8rgsm\u00e5l vedr\u00f8rende vores b\u00f8rnehave eller vores websted.<\/p>\n<p>&nbsp;<\/p>\n<p><img loading=\"lazy\" decoding=\"async\" class=\"alignnone size-full wp-image-276\" src=\"https:\/\/juniperus-chinensis.com\/wp-content\/uploads\/2024\/09\/email.png\" alt=\"\" width=\"252\" height=\"24\" srcset=\"https:\/\/juniperus-chinensis.com\/wp-content\/uploads\/2024\/09\/email.png 252w, https:\/\/juniperus-chinensis.com\/wp-content\/uploads\/2024\/09\/email-18x2.png 18w\" sizes=\"auto, (max-width: 252px) 100vw, 252px\" \/><\/p>\n<p>&nbsp;<\/p>","protected":false},"excerpt":{"rendered":"<p>Du er velkommen til at kontakte os i alle sp\u00f8rgsm\u00e5l vedr\u00f8rende vores b\u00f8rnehave eller vores websted. &nbsp; &nbsp;<\/p>","protected":false},"author":1,"featured_media":0,"parent":0,"menu_order":0,"comment_status":"closed","ping_status":"open","template":"","meta":{"footnotes":""},"class_list":["post-2","page","type-page","status-publish","hentry"],"yoast_head":"<!-- This site is optimized with the Yoast SEO plugin v25.4 - https:\/\/yoast.com\/wordpress\/plugins\/seo\/ -->\n<title>Contact Us<\/title>\n<meta name=\"robots\" content=\"noindex, follow\" \/>\n<meta property=\"og:locale\" content=\"da_DK\" \/>\n<meta property=\"og:type\" content=\"article\" \/>\n<meta property=\"og:title\" content=\"Contact Us\" \/>\n<meta property=\"og:description\" content=\"Please feel free to contact us for all matters regarding our nursery or our website. &nbsp; &nbsp;\" \/>\n<meta property=\"og:url\" content=\"https:\/\/juniperus-chinensis.com\/da\/contact-us\/\" \/>\n<meta property=\"og:site_name\" content=\"Juniperus Chinensis\" \/>\n<meta property=\"article:modified_time\" content=\"2024-09-16T08:59:08+00:00\" \/>\n<meta property=\"og:image\" content=\"https:\/\/juniperus-chinensis.com\/wp-content\/uploads\/2024\/09\/email.png\" \/>\n<meta name=\"twitter:card\" content=\"summary_large_image\" \/>\n<meta name=\"twitter:label1\" content=\"Estimeret l\u00e6setid\" \/>\n\t<meta name=\"twitter:data1\" content=\"1 minut\" \/>\n<script type=\"application\/ld+json\" class=\"yoast-schema-graph\">{\"@context\":\"https:\/\/schema.org\",\"@graph\":[{\"@type\":\"WebPage\",\"@id\":\"https:\/\/juniperus-chinensis.com\/contact-us\/\",\"url\":\"https:\/\/juniperus-chinensis.com\/contact-us\/\",\"name\":\"Contact Us\",\"isPartOf\":{\"@id\":\"\/#website\"},\"primaryImageOfPage\":{\"@id\":\"https:\/\/juniperus-chinensis.com\/contact-us\/#primaryimage\"},\"image\":{\"@id\":\"https:\/\/juniperus-chinensis.com\/contact-us\/#primaryimage\"},\"thumbnailUrl\":\"https:\/\/juniperus-chinensis.com\/wp-content\/uploads\/2024\/09\/email.png\",\"datePublished\":\"2022-02-12T04:05:40+00:00\",\"dateModified\":\"2024-09-16T08:59:08+00:00\",\"breadcrumb\":{\"@id\":\"https:\/\/juniperus-chinensis.com\/contact-us\/#breadcrumb\"},\"inLanguage\":\"da-DK\",\"potentialAction\":[{\"@type\":\"ReadAction\",\"target\":[\"https:\/\/juniperus-chinensis.com\/contact-us\/\"]}]},{\"@type\":\"ImageObject\",\"inLanguage\":\"da-DK\",\"@id\":\"https:\/\/juniperus-chinensis.com\/contact-us\/#primaryimage\",\"url\":\"https:\/\/juniperus-chinensis.com\/wp-content\/uploads\/2024\/09\/email.png\",\"contentUrl\":\"https:\/\/juniperus-chinensis.com\/wp-content\/uploads\/2024\/09\/email.png\"},{\"@type\":\"BreadcrumbList\",\"@id\":\"https:\/\/juniperus-chinensis.com\/contact-us\/#breadcrumb\",\"itemListElement\":[{\"@type\":\"ListItem\",\"position\":1,\"name\":\"Home\",\"item\":\"https:\/\/juniperus-chinensis.com\/\"},{\"@type\":\"ListItem\",\"position\":2,\"name\":\"Contact Us\"}]},{\"@type\":\"WebSite\",\"@id\":\"\/#website\",\"url\":\"\/\",\"name\":\"Juniperus Chinensis\",\"description\":\"A beautiful plant to create bonsai\",\"potentialAction\":[{\"@type\":\"SearchAction\",\"target\":{\"@type\":\"EntryPoint\",\"urlTemplate\":\"\/?s={search_term_string}\"},\"query-input\":{\"@type\":\"PropertyValueSpecification\",\"valueRequired\":true,\"valueName\":\"search_term_string\"}}],\"inLanguage\":\"da-DK\"}]}<\/script>\n<!-- \/ Yoast SEO plugin. -->","yoast_head_json":{"title":"Contact Us","robots":{"index":"noindex","follow":"follow"},"og_locale":"da_DK","og_type":"article","og_title":"Contact Us","og_description":"Please feel free to contact us for all matters regarding our nursery or our website. &nbsp; &nbsp;","og_url":"https:\/\/juniperus-chinensis.com\/da\/contact-us\/","og_site_name":"Juniperus Chinensis","article_modified_time":"2024-09-16T08:59:08+00:00","og_image":[{"url":"https:\/\/juniperus-chinensis.com\/wp-content\/uploads\/2024\/09\/email.png","type":"","width":"","height":""}],"twitter_card":"summary_large_image","twitter_misc":{"Estimeret l\u00e6setid":"1 minut"},"schema":{"@context":"https:\/\/schema.org","@graph":[{"@type":"WebPage","@id":"https:\/\/juniperus-chinensis.com\/contact-us\/","url":"https:\/\/juniperus-chinensis.com\/contact-us\/","name":"Contact Us","isPartOf":{"@id":"\/#website"},"primaryImageOfPage":{"@id":"https:\/\/juniperus-chinensis.com\/contact-us\/#primaryimage"},"image":{"@id":"https:\/\/juniperus-chinensis.com\/contact-us\/#primaryimage"},"thumbnailUrl":"https:\/\/juniperus-chinensis.com\/wp-content\/uploads\/2024\/09\/email.png","datePublished":"2022-02-12T04:05:40+00:00","dateModified":"2024-09-16T08:59:08+00:00","breadcrumb":{"@id":"https:\/\/juniperus-chinensis.com\/contact-us\/#breadcrumb"},"inLanguage":"da-DK","potentialAction":[{"@type":"ReadAction","target":["https:\/\/juniperus-chinensis.com\/contact-us\/"]}]},{"@type":"ImageObject","inLanguage":"da-DK","@id":"https:\/\/juniperus-chinensis.com\/contact-us\/#primaryimage","url":"https:\/\/juniperus-chinensis.com\/wp-content\/uploads\/2024\/09\/email.png","contentUrl":"https:\/\/juniperus-chinensis.com\/wp-content\/uploads\/2024\/09\/email.png"},{"@type":"BreadcrumbList","@id":"https:\/\/juniperus-chinensis.com\/contact-us\/#breadcrumb","itemListElement":[{"@type":"ListItem","position":1,"name":"Home","item":"https:\/\/juniperus-chinensis.com\/"},{"@type":"ListItem","position":2,"name":"Contact Us"}]},{"@type":"WebSite","@id":"\/#website","url":"\/","name":"Juniperus Chinensis","description":"A beautiful plant to create bonsai","potentialAction":[{"@type":"SearchAction","target":{"@type":"EntryPoint","urlTemplate":"\/?s={search_term_string}"},"query-input":{"@type":"PropertyValueSpecification","valueRequired":true,"valueName":"search_term_string"}}],"inLanguage":"da-DK"}]}},"_links":{"self":[{"href":"https:\/\/juniperus-chinensis.com\/da\/wp-json\/wp\/v2\/pages\/2","targetHints":{"allow":["GET"]}}],"collection":[{"href":"https:\/\/juniperus-chinensis.com\/da\/wp-json\/wp\/v2\/pages"}],"about":[{"href":"https:\/\/juniperus-chinensis.com\/da\/wp-json\/wp\/v2\/types\/page"}],"author":[{"embeddable":true,"href":"https:\/\/juniperus-chinensis.com\/da\/wp-json\/wp\/v2\/users\/1"}],"replies":[{"embeddable":true,"href":"https:\/\/juniperus-chinensis.com\/da\/wp-json\/wp\/v2\/comments?post=2"}],"version-history":[{"count":7,"href":"https:\/\/juniperus-chinensis.com\/da\/wp-json\/wp\/v2\/pages\/2\/revisions"}],"predecessor-version":[{"id":278,"href":"https:\/\/juniperus-chinensis.com\/da\/wp-json\/wp\/v2\/pages\/2\/revisions\/278"}],"wp:attachment":[{"href":"https:\/\/juniperus-chinensis.com\/da\/wp-json\/wp\/v2\/media?parent=2"}],"curies":[{"name":"wp","href":"https:\/\/api.w.org\/{rel}","templated":true}]}}