{"id":128,"date":"2022-02-25T03:48:22","date_gmt":"2022-02-25T02:48:22","guid":{"rendered":"http:\/\/juniperus-chinensis.com\/?page_id=128"},"modified":"2022-02-25T03:48:22","modified_gmt":"2022-02-25T02:48:22","slug":"where-to-buy","status":"publish","type":"page","link":"https:\/\/juniperus-chinensis.com\/fi\/where-to-buy\/","title":{"rendered":"Mist\u00e4 ostaa"},"content":{"rendered":"<p>Myymme kasviamme t\u00e4ll\u00e4 hetkell\u00e4 vain yhteisty\u00f6kumppanimme verkkosivuston kautta. <a href=\"https:\/\/xedoo.com\/en\/product-category\/bonsai\/juniperus-chinensis-chinese-juniper\/\">Xedoo.com<\/a><\/p>","protected":false},"excerpt":{"rendered":"<p>Myymme kasviamme t\u00e4ll\u00e4 hetkell\u00e4 vain yhteisty\u00f6kumppanimme Xedoo.com-sivuston kautta.<\/p>","protected":false},"author":1,"featured_media":0,"parent":0,"menu_order":0,"comment_status":"closed","ping_status":"closed","template":"","meta":{"footnotes":""},"class_list":["post-128","page","type-page","status-publish","hentry"],"yoast_head":"<!-- This site is optimized with the Yoast SEO plugin v25.4 - https:\/\/yoast.com\/wordpress\/plugins\/seo\/ -->\n<title>Where to buy<\/title>\n<meta name=\"robots\" content=\"index, follow, max-snippet:-1, max-image-preview:large, max-video-preview:-1\" \/>\n<link rel=\"canonical\" href=\"https:\/\/juniperus-chinensis.com\/fi\/where-to-buy\/\" \/>\n<meta property=\"og:locale\" content=\"fi_FI\" \/>\n<meta property=\"og:type\" content=\"article\" \/>\n<meta property=\"og:title\" content=\"Where to buy\" \/>\n<meta property=\"og:description\" content=\"We sell our plants currently only through our partner website Xedoo.com\" \/>\n<meta property=\"og:url\" content=\"https:\/\/juniperus-chinensis.com\/fi\/where-to-buy\/\" \/>\n<meta property=\"og:site_name\" content=\"Juniperus Chinensis\" \/>\n<meta name=\"twitter:card\" content=\"summary_large_image\" \/>\n<meta name=\"twitter:label1\" content=\"Arvioitu lukuaika\" \/>\n\t<meta name=\"twitter:data1\" content=\"1 minuutti\" \/>\n<script type=\"application\/ld+json\" class=\"yoast-schema-graph\">{\"@context\":\"https:\/\/schema.org\",\"@graph\":[{\"@type\":\"WebPage\",\"@id\":\"https:\/\/juniperus-chinensis.com\/fr\/where-to-buy\/\",\"url\":\"https:\/\/juniperus-chinensis.com\/fr\/where-to-buy\/\",\"name\":\"Where to buy\",\"isPartOf\":{\"@id\":\"\/#website\"},\"datePublished\":\"2022-02-25T02:48:22+00:00\",\"breadcrumb\":{\"@id\":\"https:\/\/juniperus-chinensis.com\/fr\/where-to-buy\/#breadcrumb\"},\"inLanguage\":\"fi\",\"potentialAction\":[{\"@type\":\"ReadAction\",\"target\":[\"https:\/\/juniperus-chinensis.com\/fr\/where-to-buy\/\"]}]},{\"@type\":\"BreadcrumbList\",\"@id\":\"https:\/\/juniperus-chinensis.com\/fr\/where-to-buy\/#breadcrumb\",\"itemListElement\":[{\"@type\":\"ListItem\",\"position\":1,\"name\":\"Home\",\"item\":\"https:\/\/juniperus-chinensis.com\/\"},{\"@type\":\"ListItem\",\"position\":2,\"name\":\"Where to buy\"}]},{\"@type\":\"WebSite\",\"@id\":\"\/#website\",\"url\":\"\/\",\"name\":\"Juniperus Chinensis\",\"description\":\"A beautiful plant to create bonsai\",\"potentialAction\":[{\"@type\":\"SearchAction\",\"target\":{\"@type\":\"EntryPoint\",\"urlTemplate\":\"\/?s={search_term_string}\"},\"query-input\":{\"@type\":\"PropertyValueSpecification\",\"valueRequired\":true,\"valueName\":\"search_term_string\"}}],\"inLanguage\":\"fi\"}]}<\/script>\n<!-- \/ Yoast SEO plugin. -->","yoast_head_json":{"title":"Where to buy","robots":{"index":"index","follow":"follow","max-snippet":"max-snippet:-1","max-image-preview":"max-image-preview:large","max-video-preview":"max-video-preview:-1"},"canonical":"https:\/\/juniperus-chinensis.com\/fi\/where-to-buy\/","og_locale":"fi_FI","og_type":"article","og_title":"Where to buy","og_description":"We sell our plants currently only through our partner website Xedoo.com","og_url":"https:\/\/juniperus-chinensis.com\/fi\/where-to-buy\/","og_site_name":"Juniperus Chinensis","twitter_card":"summary_large_image","twitter_misc":{"Arvioitu lukuaika":"1 minuutti"},"schema":{"@context":"https:\/\/schema.org","@graph":[{"@type":"WebPage","@id":"https:\/\/juniperus-chinensis.com\/fr\/where-to-buy\/","url":"https:\/\/juniperus-chinensis.com\/fr\/where-to-buy\/","name":"Where to buy","isPartOf":{"@id":"\/#website"},"datePublished":"2022-02-25T02:48:22+00:00","breadcrumb":{"@id":"https:\/\/juniperus-chinensis.com\/fr\/where-to-buy\/#breadcrumb"},"inLanguage":"fi","potentialAction":[{"@type":"ReadAction","target":["https:\/\/juniperus-chinensis.com\/fr\/where-to-buy\/"]}]},{"@type":"BreadcrumbList","@id":"https:\/\/juniperus-chinensis.com\/fr\/where-to-buy\/#breadcrumb","itemListElement":[{"@type":"ListItem","position":1,"name":"Home","item":"https:\/\/juniperus-chinensis.com\/"},{"@type":"ListItem","position":2,"name":"Where to buy"}]},{"@type":"WebSite","@id":"\/#website","url":"\/","name":"Juniperus Chinensis","description":"A beautiful plant to create bonsai","potentialAction":[{"@type":"SearchAction","target":{"@type":"EntryPoint","urlTemplate":"\/?s={search_term_string}"},"query-input":{"@type":"PropertyValueSpecification","valueRequired":true,"valueName":"search_term_string"}}],"inLanguage":"fi"}]}},"_links":{"self":[{"href":"https:\/\/juniperus-chinensis.com\/fi\/wp-json\/wp\/v2\/pages\/128","targetHints":{"allow":["GET"]}}],"collection":[{"href":"https:\/\/juniperus-chinensis.com\/fi\/wp-json\/wp\/v2\/pages"}],"about":[{"href":"https:\/\/juniperus-chinensis.com\/fi\/wp-json\/wp\/v2\/types\/page"}],"author":[{"embeddable":true,"href":"https:\/\/juniperus-chinensis.com\/fi\/wp-json\/wp\/v2\/users\/1"}],"replies":[{"embeddable":true,"href":"https:\/\/juniperus-chinensis.com\/fi\/wp-json\/wp\/v2\/comments?post=128"}],"version-history":[{"count":1,"href":"https:\/\/juniperus-chinensis.com\/fi\/wp-json\/wp\/v2\/pages\/128\/revisions"}],"predecessor-version":[{"id":129,"href":"https:\/\/juniperus-chinensis.com\/fi\/wp-json\/wp\/v2\/pages\/128\/revisions\/129"}],"wp:attachment":[{"href":"https:\/\/juniperus-chinensis.com\/fi\/wp-json\/wp\/v2\/media?parent=128"}],"curies":[{"name":"wp","href":"https:\/\/api.w.org\/{rel}","templated":true}]}}