{"id":146,"date":"2022-02-26T07:16:38","date_gmt":"2022-02-26T06:16:38","guid":{"rendered":"http:\/\/juniperus-chinensis.com\/?page_id=146"},"modified":"2023-10-04T14:56:56","modified_gmt":"2023-10-04T13:56:56","slug":"juniperus-chinensis-shimpaku-sargentii","status":"publish","type":"page","link":"https:\/\/juniperus-chinensis.com\/fi\/juniperus-chinensis-shimpaku-sargentii\/","title":{"rendered":"Juniperus Chinensis Shimpaku (Sargentii)"},"content":{"rendered":"<h3>Juniperus Chinensis Shimpaku var. Sargentii<\/h3>\n<p>Juniperus chinensis 'Sargentii', joka tunnetaan yleisesti nimell\u00e4 Sargent's Chinese Juniper, on suosittu ikivihre\u00e4 pensas tai pieni puu, joka kuuluu Cupressaceae-heimoon. T\u00e4t\u00e4 koristekasvia k\u00e4ytet\u00e4\u00e4n laajalti maisemoinnissa ja puutarhanhoidossa sen houkuttelevan ulkon\u00e4\u00f6n ja v\u00e4h\u00e4isten hoitovaatimusten vuoksi.<\/p>\n<p><strong>Kasvitieteelliset ominaisuudet:<\/strong><\/p>\n<p>Suku ja laji: Juniperus chinensis<\/p>\n<p>Viljelykasvi: 'Sargentii'<\/p>\n<p>Perhe: Cupressaceae<\/p>\n<p>Yleinen nimi: Sargent's Chinese Juniper<\/p>\n<p>&nbsp;<\/p>\n<p><strong>Koko ja kasvutapa:<\/strong><\/p>\n<p>'Sargentii' kasvaa tyypillisesti tihe\u00e4n\u00e4, tiiviin\u00e4 ja levitt\u00e4ytyv\u00e4n\u00e4 pensaana, jonka muoto vaihtelee pyramidimaisesta py\u00f6re\u00e4\u00e4n.<\/p>\n<p>Se saavuttaa tyypillisesti 3-6 jalan (0,9-1,8 metrin) korkeuden ja samanlaisen levi\u00e4misen.<\/p>\n<p>&nbsp;<\/p>\n<p><strong>Lehdet:<\/strong><\/p>\n<p>Sargentii'n lehdet ovat ikivihre\u00e4t ja s\u00e4ilytt\u00e4v\u00e4t syv\u00e4nvihre\u00e4n v\u00e4rins\u00e4 l\u00e4pi vuoden.<\/p>\n<p>Lehdet ovat suomumaisia ja tiiviisti varsien varrelle aseteltuja, mik\u00e4 antaa kasville hienon rakenteen.<\/p>\n<p>Talvikuukausina lehdet voivat saada hieman pronssin tai violetin s\u00e4vyn, mik\u00e4 lis\u00e4\u00e4 sen visuaalista vieh\u00e4tt\u00e4vyytt\u00e4.<\/p>\n<p>&nbsp;<\/p>\n<p><strong>Bark:<\/strong><\/p>\n<p>T\u00e4m\u00e4n katajan kuori on nuorena ohut ja punaruskea, mutta kypsyess\u00e4\u00e4n se muuttuu harmaaksi ja hilseilev\u00e4ksi.<\/p>\n<p>&nbsp;<\/p>\n<p><strong>Kartiot:<\/strong><\/p>\n<p>Kuten kaikki katajat, my\u00f6s 'Sargentii' tuottaa pieni\u00e4, marjaisia k\u00e4pyj\u00e4. K\u00e4pyjen v\u00e4ri on tyypillisesti py\u00f6re\u00e4 ja sinimusta.<\/p>\n<p>&nbsp;<\/p>\n<p><strong>Auringonvalovaatimukset:<\/strong><\/p>\n<p>Sargent's Chinese Juniper viihtyy t\u00e4ydess\u00e4 auringossa tai osittain varjossa. Se suosii v\u00e4hint\u00e4\u00e4n 6 tuntia suoraa auringonvaloa p\u00e4ivitt\u00e4in optimaalisen kasvun ja lehtien v\u00e4rin saavuttamiseksi.<\/p>\n<p>&nbsp;<\/p>\n<p><strong>Maaper\u00e4vaatimukset:<\/strong><\/p>\n<p>T\u00e4m\u00e4 kataja sopeutuu monenlaisiin maalajeihin, mutta se suosii hyvin ojitettua maaper\u00e4\u00e4. Se siet\u00e4\u00e4 liev\u00e4sti em\u00e4ksist\u00e4 tai liev\u00e4sti hapanta maaper\u00e4\u00e4.<\/p>\n<p>&nbsp;<\/p>\n<p><strong>Kastelutarpeet:<\/strong><\/p>\n<p>Kun 'Sargentii' on kerran istutettu, se kest\u00e4\u00e4 kuivuutta ja vaatii vain v\u00e4h\u00e4n kastelua. On t\u00e4rke\u00e4\u00e4, ettei sit\u00e4 kastella liikaa, sill\u00e4 se on altis juurim\u00e4d\u00e4lle jatkuvasti kosteassa maassa.<\/p>\n<p>&nbsp;<\/p>\n<p><strong>Kest\u00e4vyys:<\/strong><\/p>\n<p>T\u00e4m\u00e4 lajike on tunnettu kylm\u00e4nkest\u00e4vyydest\u00e4\u00e4n, ja se menestyy l\u00e4hes kaikilla vy\u00f6hykkeill\u00e4.<\/p>\n<p>&nbsp;<\/p>\n<p><strong>Maisemak\u00e4ytt\u00f6:<\/strong><\/p>\n<p>'Sargentii' on suosittu valinta maisemointiin, ja sit\u00e4 k\u00e4ytet\u00e4\u00e4n monipuolisesti:<\/p>\n<p>Se sopii hyvin matalaksi pensasaidaksi tai suojaksi tihe\u00e4n kasvutapansa ansiosta.<\/p>\n<p>Sit\u00e4 voidaan istuttaa mallikasviksi puutarhoihin tai k\u00e4ytt\u00e4\u00e4 eroosionestoon rinteill\u00e4.<\/p>\n<p>Kompaktin kokonsa ansiosta se sopii pieniin puutarhoihin ja kaupunkimaisemiin.<\/p>\n<p>&nbsp;<\/p>\n<p><strong>Huolto:<\/strong><\/p>\n<p>T\u00e4m\u00e4 kataja vaatii vain v\u00e4h\u00e4n hoitoa. Katajaa tulisi karsia harvoin, jos lainkaan, sen luonnollisen muodon s\u00e4ilytt\u00e4miseksi.<\/p>\n<p>Poista kuolleet tai sairaat oksat tarpeen mukaan.<\/p>\n<p>Multaaminen kasvin tyven ymp\u00e4rill\u00e4 auttaa s\u00e4ilytt\u00e4m\u00e4\u00e4n maaper\u00e4n kosteuden ja torjumaan rikkaruohoja.<\/p>\n<p>&nbsp;<\/p>\n<p><strong>Tuholaiset ja taudit:<\/strong><\/p>\n<p>'Sargentii' on yleens\u00e4 vastustuskykyinen useimmille tuholaisille ja taudeille. Tietyiss\u00e4 olosuhteissa se voi kuitenkin olla altis h\u00e4m\u00e4h\u00e4kkipunkille ja vy\u00f6ruusuhy\u00f6nteisille.<\/p>\n<p>Yhteenvetona voidaan todeta, ett\u00e4 Juniperus chinensis 'Sargentii' on monipuolinen ja houkutteleva ikivihre\u00e4 pensas, jolla on tiivis kasvutapa, mik\u00e4 tekee siit\u00e4 suositun valinnan maisemointiin erilaisissa ymp\u00e4rist\u00f6iss\u00e4. Sen v\u00e4h\u00e4iset hoitovaatimukset ja ymp\u00e4rivuotinen ulkon\u00e4k\u00f6 tekev\u00e4t siit\u00e4 arvokkaan lis\u00e4n puutarhaan ja maisemaan.<\/p>\n<p>&nbsp;<\/p>\n<p><strong>Juniperus Chinensis Sargentii bonsaina<\/strong><\/p>\n<p>Juniperus chinensis 'Sargentii' (Sargentin kiinankataja) on suosittu valinta bonsaiharrastajien keskuudessa sen sopeutumiskyvyn, houkuttelevan lehdist\u00f6n ja mielenkiintoisen kuoren rakenteen vuoksi. Oikein koulutettuna ja hoidettuna siit\u00e4 voi tulla upea bonsai-yksil\u00f6. T\u00e4ss\u00e4 on opas Juniperus chinensis 'Sargentii' -lajin k\u00e4yt\u00f6st\u00e4 bonsaina:<\/p>\n<p>&nbsp;<\/p>\n<p><strong>Oikean kasvin valitseminen:<\/strong><\/p>\n<p>Valitse terve, nuori katajakasvi, jolla on hyv\u00e4 oksarakenne ja halutut ominaisuudet. Etsi suoria runkoja ja oksia, jotka ovat hyvin sijoitettuja ja tasaisesti jakautuneita.<\/p>\n<p>&nbsp;<\/p>\n<p><strong>Karsiminen ja muotoilu:<\/strong><\/p>\n<p>Bonsain muotoilussa kasvia karsitaan ja muotoillaan niin, ett\u00e4 saadaan aikaan miniatyyripuu, joka j\u00e4ljittelee kyps\u00e4n, t\u00e4ysikokoisen puun ulkon\u00e4k\u00f6\u00e4.<\/p>\n<p>Aloita poistamalla kaikki kuolleet tai ep\u00e4terveet oksat. Leikkaa sitten oksat ja lehdet takaisin haluttuun muotoon. K\u00e4yt\u00e4 ter\u00e4vi\u00e4 bonsai-leikkaussaksia tehd\u00e4ksesi puhtaat leikkaukset.<\/p>\n<p>Kataja on tunnettu kyvyst\u00e4\u00e4n tehd\u00e4 takapuun nuppuja, mik\u00e4 tarkoittaa, ett\u00e4 vanhasta puusta voi kasvaa uutta kasvua, mik\u00e4 on t\u00e4rke\u00e4\u00e4 bonsain muotoilussa. Voit leikata vanhaa puuta takaisin, jotta voit rohkaista uutta kasvua tietyill\u00e4 alueilla.<\/p>\n<p>&nbsp;<\/p>\n<p><strong>Kytkent\u00e4:<\/strong><\/p>\n<p>Johdotus on yleinen tekniikka bonsaissa, jolla oksat ohjataan haluttuun asentoon. K\u00e4yt\u00e4 alumiinista tai kuparista bonsai-lankaa oksien taivuttamiseen varovasti ja vahingoittamatta niit\u00e4.<\/p>\n<p>Varo langoittamasta liian tiukasti, sill\u00e4 se voi vahingoittaa kuorta ja kambiumkerrosta. Tarkkaile kasvua s\u00e4\u00e4nn\u00f6llisesti varmistaaksesi, ettei lanka leikkaa oksia.<\/p>\n<p>&nbsp;<\/p>\n<p><strong>Istuttaminen:<\/strong><\/p>\n<p>Juniperus chinensis 'Sargentii' tulisi istuttaa uudelleen 2-3 vuoden v\u00e4lein mullan virkist\u00e4miseksi, juurten terveyden edist\u00e4miseksi ja kasvin koon s\u00e4ilytt\u00e4miseksi.<\/p>\n<p>Istutus tehd\u00e4\u00e4n yleens\u00e4 aikaisin kev\u00e4\u00e4ll\u00e4 ennen uuden kasvun alkamista. Leikkaa osa juurista ja vaihda multa hyvin valuvaan bonsaiseokseen.<\/p>\n<p>&nbsp;<\/p>\n<p><strong>Kastelu:<\/strong><\/p>\n<p>Bonsai vaatii huolellista huomiota kasteluun. Kataja suosii hieman kosteaa maata, mutta ei pid\u00e4 vedest\u00e4. Kastele huolellisesti, kun maan pinta alkaa kuivua, mutta v\u00e4lt\u00e4 maan pit\u00e4mist\u00e4 jatkuvasti m\u00e4rk\u00e4n\u00e4.<\/p>\n<p>&nbsp;<\/p>\n<p><strong>Auringonvalo:<\/strong><\/p>\n<p>Sijoita Juniperus chinensis 'Sargentii' -bonsai paikkaan, jossa on t\u00e4ysi aurinko, jotta se kasvaa terveen\u00e4 ja s\u00e4ilytt\u00e4\u00e4 kompaktin muotonsa.<\/p>\n<p>&nbsp;<\/p>\n<p><strong>Talvisuojaus:<\/strong><\/p>\n<p>Suojaa bonsai ankarilta talviolosuhteilta. Vaikka 'Sargentii' on talvenkest\u00e4v\u00e4, bonsairuukut ja juuret voivat olla alttiimpia pakkasille. Harkitse talvisuojausta tai siirr\u00e4 se tarvittaessa sis\u00e4tiloihin.<\/p>\n<p>&nbsp;<\/p>\n<p><strong>Lannoitus:<\/strong><\/p>\n<p>K\u00e4yt\u00e4 kasvukauden aikana (kev\u00e4\u00e4st\u00e4 alkusyksyyn) tasapainoista, hitaasti vapautuvaa bonsailannoitetta tai nestem\u00e4ist\u00e4 lannoitetta, joka on laimennettu puolivahvuuteen. V\u00e4henn\u00e4 lannoitusta tai lopeta se lepotilan aikana talvikuukausina.<\/p>\n<p>&nbsp;<\/p>\n<p><strong>Tuholaisten ja tautien hallinta:<\/strong><\/p>\n<p>Tarkasta bonsaisi s\u00e4\u00e4nn\u00f6llisesti tuholaisten, kuten h\u00e4m\u00e4h\u00e4kkipunkkien tai suomuhy\u00f6nteisten varalta. K\u00e4sittele mahdolliset tartunnat viipym\u00e4tt\u00e4.<\/p>\n<p>Varmista hyv\u00e4 ilmankierto kasvin ymp\u00e4rill\u00e4 sieni-ongelmien ehk\u00e4isemiseksi.<\/p>\n<p>&nbsp;<\/p>\n<p><strong>Muotoilu ja k\u00e4rsiv\u00e4llisyys:<\/strong><\/p>\n<p>Upean bonsain luominen vaatii aikaa ja k\u00e4rsiv\u00e4llisyytt\u00e4. Hio jatkuvasti Juniperus chinensis 'Sargentii' -bonsaisi muotoa ja muotoilua sen kypsyess\u00e4.<\/p>\n<p>&nbsp;<\/p>\n<p>Muista, ett\u00e4 menestyksek\u00e4s bonsai-viljely vaatii omistautumista ja sitoutumista taidemuotoon. Juniperus chinensis 'Sargentii' on erinomainen valinta sek\u00e4 aloittelijoille ett\u00e4 kokeneille bonsaiharrastajille sen sopeutumiskyvyn ja anteeksiantavan luonteen vuoksi. Oikealla hoidolla ja huomiolla voit luoda kauniin ja kiehtovan miniatyyripuun.<\/p>","protected":false},"excerpt":{"rendered":"<p>Juniperus Chinensis Shimpaku var. Sargentii Juniperus chinensis 'Sargentii', joka tunnetaan yleisesti nimell\u00e4 Sargent's Chinese Juniper, on suosittu ikivihre\u00e4 pensas tai pieni puu, joka kuuluu ...<\/p>","protected":false},"author":1,"featured_media":0,"parent":0,"menu_order":0,"comment_status":"closed","ping_status":"closed","template":"","meta":{"footnotes":""},"class_list":["post-146","page","type-page","status-publish","hentry"],"yoast_head":"<!-- This site is optimized with the Yoast SEO plugin v25.4 - https:\/\/yoast.com\/wordpress\/plugins\/seo\/ -->\n<title>Juniperus Chinensis Shimpaku (Sargentii)<\/title>\n<meta name=\"robots\" content=\"index, follow, max-snippet:-1, max-image-preview:large, max-video-preview:-1\" \/>\n<link rel=\"canonical\" href=\"https:\/\/juniperus-chinensis.com\/fi\/juniperus-chinensis-shimpaku-sargentii\/\" \/>\n<meta property=\"og:locale\" content=\"fi_FI\" \/>\n<meta property=\"og:type\" content=\"article\" \/>\n<meta property=\"og:title\" content=\"Juniperus Chinensis Shimpaku (Sargentii)\" \/>\n<meta property=\"og:description\" content=\"Juniperus Chinensis Shimpaku var. Sargentii Juniperus chinensis &#8216;Sargentii,&#8217; commonly known as Sargent&#8217;s Chinese Juniper, is a popular evergreen shrub or small tree belonging to the &hellip;\" \/>\n<meta property=\"og:url\" content=\"https:\/\/juniperus-chinensis.com\/fi\/juniperus-chinensis-shimpaku-sargentii\/\" \/>\n<meta property=\"og:site_name\" content=\"Juniperus Chinensis\" \/>\n<meta property=\"article:modified_time\" content=\"2023-10-04T13:56:56+00:00\" \/>\n<meta name=\"twitter:card\" content=\"summary_large_image\" \/>\n<meta name=\"twitter:label1\" content=\"Arvioitu lukuaika\" \/>\n\t<meta name=\"twitter:data1\" content=\"1 minuutti\" \/>\n<script type=\"application\/ld+json\" class=\"yoast-schema-graph\">{\"@context\":\"https:\/\/schema.org\",\"@graph\":[{\"@type\":\"WebPage\",\"@id\":\"https:\/\/juniperus-chinensis.com\/de\/juniperus-chinensis-shimpaku-sargentii\/\",\"url\":\"https:\/\/juniperus-chinensis.com\/de\/juniperus-chinensis-shimpaku-sargentii\/\",\"name\":\"Juniperus Chinensis Shimpaku (Sargentii)\",\"isPartOf\":{\"@id\":\"\/#website\"},\"datePublished\":\"2022-02-26T06:16:38+00:00\",\"dateModified\":\"2023-10-04T13:56:56+00:00\",\"breadcrumb\":{\"@id\":\"https:\/\/juniperus-chinensis.com\/de\/juniperus-chinensis-shimpaku-sargentii\/#breadcrumb\"},\"inLanguage\":\"fi\",\"potentialAction\":[{\"@type\":\"ReadAction\",\"target\":[\"https:\/\/juniperus-chinensis.com\/de\/juniperus-chinensis-shimpaku-sargentii\/\"]}]},{\"@type\":\"BreadcrumbList\",\"@id\":\"https:\/\/juniperus-chinensis.com\/de\/juniperus-chinensis-shimpaku-sargentii\/#breadcrumb\",\"itemListElement\":[{\"@type\":\"ListItem\",\"position\":1,\"name\":\"Home\",\"item\":\"https:\/\/juniperus-chinensis.com\/\"},{\"@type\":\"ListItem\",\"position\":2,\"name\":\"Juniperus Chinensis Shimpaku (Sargentii)\"}]},{\"@type\":\"WebSite\",\"@id\":\"\/#website\",\"url\":\"\/\",\"name\":\"Juniperus Chinensis\",\"description\":\"A beautiful plant to create bonsai\",\"potentialAction\":[{\"@type\":\"SearchAction\",\"target\":{\"@type\":\"EntryPoint\",\"urlTemplate\":\"\/?s={search_term_string}\"},\"query-input\":{\"@type\":\"PropertyValueSpecification\",\"valueRequired\":true,\"valueName\":\"search_term_string\"}}],\"inLanguage\":\"fi\"}]}<\/script>\n<!-- \/ Yoast SEO plugin. -->","yoast_head_json":{"title":"Juniperus Chinensis Shimpaku (Sargentii)","robots":{"index":"index","follow":"follow","max-snippet":"max-snippet:-1","max-image-preview":"max-image-preview:large","max-video-preview":"max-video-preview:-1"},"canonical":"https:\/\/juniperus-chinensis.com\/fi\/juniperus-chinensis-shimpaku-sargentii\/","og_locale":"fi_FI","og_type":"article","og_title":"Juniperus Chinensis Shimpaku (Sargentii)","og_description":"Juniperus Chinensis Shimpaku var. Sargentii Juniperus chinensis &#8216;Sargentii,&#8217; commonly known as Sargent&#8217;s Chinese Juniper, is a popular evergreen shrub or small tree belonging to the &hellip;","og_url":"https:\/\/juniperus-chinensis.com\/fi\/juniperus-chinensis-shimpaku-sargentii\/","og_site_name":"Juniperus Chinensis","article_modified_time":"2023-10-04T13:56:56+00:00","twitter_card":"summary_large_image","twitter_misc":{"Arvioitu lukuaika":"1 minuutti"},"schema":{"@context":"https:\/\/schema.org","@graph":[{"@type":"WebPage","@id":"https:\/\/juniperus-chinensis.com\/de\/juniperus-chinensis-shimpaku-sargentii\/","url":"https:\/\/juniperus-chinensis.com\/de\/juniperus-chinensis-shimpaku-sargentii\/","name":"Juniperus Chinensis Shimpaku (Sargentii)","isPartOf":{"@id":"\/#website"},"datePublished":"2022-02-26T06:16:38+00:00","dateModified":"2023-10-04T13:56:56+00:00","breadcrumb":{"@id":"https:\/\/juniperus-chinensis.com\/de\/juniperus-chinensis-shimpaku-sargentii\/#breadcrumb"},"inLanguage":"fi","potentialAction":[{"@type":"ReadAction","target":["https:\/\/juniperus-chinensis.com\/de\/juniperus-chinensis-shimpaku-sargentii\/"]}]},{"@type":"BreadcrumbList","@id":"https:\/\/juniperus-chinensis.com\/de\/juniperus-chinensis-shimpaku-sargentii\/#breadcrumb","itemListElement":[{"@type":"ListItem","position":1,"name":"Home","item":"https:\/\/juniperus-chinensis.com\/"},{"@type":"ListItem","position":2,"name":"Juniperus Chinensis Shimpaku (Sargentii)"}]},{"@type":"WebSite","@id":"\/#website","url":"\/","name":"Juniperus Chinensis","description":"A beautiful plant to create bonsai","potentialAction":[{"@type":"SearchAction","target":{"@type":"EntryPoint","urlTemplate":"\/?s={search_term_string}"},"query-input":{"@type":"PropertyValueSpecification","valueRequired":true,"valueName":"search_term_string"}}],"inLanguage":"fi"}]}},"_links":{"self":[{"href":"https:\/\/juniperus-chinensis.com\/fi\/wp-json\/wp\/v2\/pages\/146","targetHints":{"allow":["GET"]}}],"collection":[{"href":"https:\/\/juniperus-chinensis.com\/fi\/wp-json\/wp\/v2\/pages"}],"about":[{"href":"https:\/\/juniperus-chinensis.com\/fi\/wp-json\/wp\/v2\/types\/page"}],"author":[{"embeddable":true,"href":"https:\/\/juniperus-chinensis.com\/fi\/wp-json\/wp\/v2\/users\/1"}],"replies":[{"embeddable":true,"href":"https:\/\/juniperus-chinensis.com\/fi\/wp-json\/wp\/v2\/comments?post=146"}],"version-history":[{"count":3,"href":"https:\/\/juniperus-chinensis.com\/fi\/wp-json\/wp\/v2\/pages\/146\/revisions"}],"predecessor-version":[{"id":254,"href":"https:\/\/juniperus-chinensis.com\/fi\/wp-json\/wp\/v2\/pages\/146\/revisions\/254"}],"wp:attachment":[{"href":"https:\/\/juniperus-chinensis.com\/fi\/wp-json\/wp\/v2\/media?parent=146"}],"curies":[{"name":"wp","href":"https:\/\/api.w.org\/{rel}","templated":true}]}}