{"id":38,"date":"2022-02-12T23:31:18","date_gmt":"2022-02-12T22:31:18","guid":{"rendered":"http:\/\/juniperus-chinensis.com\/?page_id=38"},"modified":"2026-03-05T21:15:40","modified_gmt":"2026-03-05T20:15:40","slug":"homepage","status":"publish","type":"page","link":"https:\/\/juniperus-chinensis.com\/hu\/","title":{"rendered":"Juniperus Chinensis Eur\u00f3pa"},"content":{"rendered":"<h3>Juniperus Chinensis Shimpaku Var. Sargentii<\/h3>\n<p align=\"justify\">A Shimpaku Sargentii bor\u00f3ka a k\u00ednai bor\u00f3ka t\u00f6rpe v\u00e1ltozata, \u00e9s az egyik leggyakrabban haszn\u00e1lt n\u00f6v\u00e9ny a bonsai k\u00e9sz\u00edt\u00e9sben. A Juniperus Chinensis Shimpaku Sargentii Jap\u00e1n hegyvid\u00e9ki r\u00e9gi\u00f3ib\u00f3l sz\u00e1rmazik, lombja vil\u00e1gosz\u00f6ld. Szab\u00e1lytalan, g\u00f6cs\u00f6rt\u00f6s n\u00f6veked\u00e9si habitusa miatt a bonsai kialak\u00edt\u00e1s kedvelt gy\u0171jt\u0151i darabja. Mivel a k\u00ednai bor\u00f3ka t\u00f6rpe form\u00e1j\u00e1r\u00f3l van sz\u00f3, vadon termesztve legfeljebb 3 m\u00e9teres magass\u00e1got \u00e9s 2 m\u00e9teres sz\u00e9less\u00e9get \u00e9r el.<\/p>\n<p align=\"justify\"><a href=\"https:\/\/juniperus-chinensis.com\/wp-content\/uploads\/2026\/03\/juniperus-chinensis-sargentii-hedge.jpg\"><img loading=\"lazy\" decoding=\"async\" class=\"alignnone wp-image-289 size-large\" src=\"https:\/\/juniperus-chinensis.com\/wp-content\/uploads\/2026\/03\/juniperus-chinensis-sargentii-hedge-1024x768.jpg\" alt=\"\" width=\"760\" height=\"570\" srcset=\"https:\/\/juniperus-chinensis.com\/wp-content\/uploads\/2026\/03\/juniperus-chinensis-sargentii-hedge-1024x768.jpg 1024w, https:\/\/juniperus-chinensis.com\/wp-content\/uploads\/2026\/03\/juniperus-chinensis-sargentii-hedge-300x225.jpg 300w, https:\/\/juniperus-chinensis.com\/wp-content\/uploads\/2026\/03\/juniperus-chinensis-sargentii-hedge-768x576.jpg 768w, https:\/\/juniperus-chinensis.com\/wp-content\/uploads\/2026\/03\/juniperus-chinensis-sargentii-hedge-1536x1152.jpg 1536w, https:\/\/juniperus-chinensis.com\/wp-content\/uploads\/2026\/03\/juniperus-chinensis-sargentii-hedge-2048x1536.jpg 2048w, https:\/\/juniperus-chinensis.com\/wp-content\/uploads\/2026\/03\/juniperus-chinensis-sargentii-hedge-16x12.jpg 16w, https:\/\/juniperus-chinensis.com\/wp-content\/uploads\/2026\/03\/juniperus-chinensis-sargentii-hedge-400x300.jpg 400w\" sizes=\"auto, (max-width: 760px) 100vw, 760px\" \/><\/a><\/p>\n<p align=\"justify\">A k\u00ednai Sargentii bor\u00f3ka rendk\u00edv\u00fcl takar\u00e9kos, \u00e9s nagyon sz\u00edv\u00f3snak sz\u00e1m\u00edt. Szinte minden \u00e9ghajlati viszonyokkal megbirk\u00f3zik, a fagyra, a h\u0151s\u00e9gre \u00e9s a sz\u00e9lre \u00e9rz\u00e9ketlen, \u00e9s m\u00e9g a gyenge talajon is j\u00f3l fejl\u0151dik. B\u00e1r a Shimpaku bor\u00f3k\u00e1t viszonylag ig\u00e9nytelennek tartj\u00e1k, m\u00e9gis min\u00e9l naposabb helyet kell neki biztos\u00edtani, hogy optim\u00e1lisan fejl\u0151dj\u00f6n. A talajszubsztr\u00e1tum soha nem sz\u00e1radhat ki teljesen, \u00e9s a gy\u00f6kerekn\u00e9l sem alakulhat ki pang\u00f3 v\u00edz. A Shimpakunak k\u00e9t n\u00e9pszer\u0171bb fajt\u00e1ja van, amelyek Jap\u00e1nban csak kis \u00e9s k\u00fcl\u00f6nb\u00f6z\u0151 ter\u00fcleteken n\u0151nek term\u00e9szetes m\u00f3don.<\/p>\n<h3>Juniperus Chinensis Shimpaku Var. Itoigawa<\/h3>\n<p align=\"justify\">Az Itoigawa bor\u00f3ka hasonl\u00edt a hagyom\u00e1nyos Shimpaku Sargentii bor\u00f3kaf\u00e1hoz, de finomabb \u00e9s s\u0171r\u0171bb lombozat\u00fa. A Sargentii-n\u00e9l t\u00f6m\u00f6rebbre is n\u0151, \u00e9s a maxim\u00e1lis magass\u00e1ga k\u00f6r\u00fclbel\u00fcl 1 m\u00e9ter. A Juniperus Chinensis Itoigawa fajt\u00e1t el\u0151sz\u00f6r 1910-ben fedezte fel Tahei Suzuki \u00far, egy jap\u00e1n shimpaku gy\u0171jt\u0151 a jap\u00e1n Itoigawa v\u00e1ros k\u00f6r\u00fcli hegyvid\u00e9ken. Hamarosan az Itoigawa a bonsai rajong\u00f3k egyik legn\u00e9pszer\u0171bb gy\u0171jt\u0151i darabja lett, \u00e9s 1950-re m\u00e1r alig maradt bel\u0151le egy-egy p\u00e9ld\u00e1ny a term\u00e9szetben. A k\u00ednai Itoigawa bor\u00f3k\u00e1t sokan a bonsai kir\u00e1ly\u00e1nak nevezik sz\u00e9ps\u00e9ge miatt.<\/p>\n<p align=\"justify\"><a href=\"https:\/\/juniperus-chinensis.com\/wp-content\/uploads\/2024\/09\/juniperus-chinensis-itoigawa.jpg\"><img loading=\"lazy\" decoding=\"async\" class=\"alignnone size-large wp-image-273\" src=\"https:\/\/juniperus-chinensis.com\/wp-content\/uploads\/2024\/09\/juniperus-chinensis-itoigawa-1024x683.jpg\" alt=\"\" width=\"760\" height=\"507\" srcset=\"https:\/\/juniperus-chinensis.com\/wp-content\/uploads\/2024\/09\/juniperus-chinensis-itoigawa-1024x683.jpg 1024w, https:\/\/juniperus-chinensis.com\/wp-content\/uploads\/2024\/09\/juniperus-chinensis-itoigawa-300x200.jpg 300w, https:\/\/juniperus-chinensis.com\/wp-content\/uploads\/2024\/09\/juniperus-chinensis-itoigawa-768x512.jpg 768w, https:\/\/juniperus-chinensis.com\/wp-content\/uploads\/2024\/09\/juniperus-chinensis-itoigawa-1536x1024.jpg 1536w, https:\/\/juniperus-chinensis.com\/wp-content\/uploads\/2024\/09\/juniperus-chinensis-itoigawa-2048x1366.jpg 2048w, https:\/\/juniperus-chinensis.com\/wp-content\/uploads\/2024\/09\/juniperus-chinensis-itoigawa-18x12.jpg 18w, https:\/\/juniperus-chinensis.com\/wp-content\/uploads\/2024\/09\/juniperus-chinensis-itoigawa-421x281.jpg 421w\" sizes=\"auto, (max-width: 760px) 100vw, 760px\" \/><\/a><\/p>\n<h3>Juniperus Chinensis Shimpaku Var. Kishu<\/h3>\n<p align=\"justify\">A Kishu bor\u00f3ka hasonl\u00f3 az Itoigawa bor\u00f3kaf\u00e1hoz, de sz\u00edne kiss\u00e9 s\u00f6t\u00e9tebb.<\/p>\n<p align=\"justify\"><a href=\"https:\/\/juniperus-chinensis.com\/wp-content\/uploads\/2024\/09\/juniperus-chinensis-kishu-1.jpg\"><img loading=\"lazy\" decoding=\"async\" class=\"alignnone size-large wp-image-271\" src=\"https:\/\/juniperus-chinensis.com\/wp-content\/uploads\/2024\/09\/juniperus-chinensis-kishu-1-1024x683.jpg\" alt=\"\" width=\"760\" height=\"507\" srcset=\"https:\/\/juniperus-chinensis.com\/wp-content\/uploads\/2024\/09\/juniperus-chinensis-kishu-1-1024x683.jpg 1024w, https:\/\/juniperus-chinensis.com\/wp-content\/uploads\/2024\/09\/juniperus-chinensis-kishu-1-300x200.jpg 300w, https:\/\/juniperus-chinensis.com\/wp-content\/uploads\/2024\/09\/juniperus-chinensis-kishu-1-768x512.jpg 768w, https:\/\/juniperus-chinensis.com\/wp-content\/uploads\/2024\/09\/juniperus-chinensis-kishu-1-1536x1024.jpg 1536w, https:\/\/juniperus-chinensis.com\/wp-content\/uploads\/2024\/09\/juniperus-chinensis-kishu-1-2048x1366.jpg 2048w, https:\/\/juniperus-chinensis.com\/wp-content\/uploads\/2024\/09\/juniperus-chinensis-kishu-1-18x12.jpg 18w, https:\/\/juniperus-chinensis.com\/wp-content\/uploads\/2024\/09\/juniperus-chinensis-kishu-1-421x281.jpg 421w\" sizes=\"auto, (max-width: 760px) 100vw, 760px\" \/><\/a><\/p>\n<h3 align=\"justify\">Juniperus Chinensis gondoz\u00e1sa<\/h3>\n<p>Mint m\u00e1r eml\u00edtett\u00fck, a k\u00ednai bor\u00f3k\u00e1t nagyon sz\u00edv\u00f3snak tartj\u00e1k, \u00e9s nem k\u00fcl\u00f6n\u00f6sebben ig\u00e9nyes a gondoz\u00e1s szempontj\u00e1b\u00f3l. A n\u00f6v\u00e9nyek szinte b\u00e1rmilyen \u00e9ghajlattal megbirk\u00f3znak, \u00e9s nem t\u00e1masztanak magas talajig\u00e9nyt. Az optim\u00e1lis n\u00f6veked\u00e9s \u00e9rdek\u00e9ben azonban a n\u00f6v\u00e9nyeknek min\u00e9l naposabb helyet kell biztos\u00edtani, \u00e9s mindig nedvesen kell tartani \u0151ket, de nem szabad t\u00fal\u00f6nt\u00f6zni, mivel nem t\u0171rik t\u00fal j\u00f3l a pang\u00f3 vizet. K\u00e9rj\u00fck, ne feledje, hogy a Juniperus Chinensis szabadf\u00f6ldi n\u00f6v\u00e9nyek. Optim\u00e1lis fejl\u0151d\u00e9s\u00fckh\u00f6z sz\u00fcks\u00e9g\u00fck van az \u00e9vszakok v\u00e1ltoz\u00e1s\u00e1ra. Ez fontos a n\u00f6v\u00e9ny term\u00e9seinek \u00e9s magjainak fejl\u0151d\u00e9s\u00e9hez, valamint az \u00faj hajt\u00e1sok fejl\u0151d\u00e9s\u00e9hez.<\/p>\n<h3>Metsz\u00e9s<\/h3>\n<p>Az \u00e9v legjobb id\u0151szaka a n\u00f6v\u00e9nyek metsz\u00e9s\u00e9re a t\u00e9l v\u00e9ge vagy kora tavasz, miel\u0151tt az \u00faj hajt\u00e1sok megjelenn\u00e9nek.<\/p>\n<h3>Tov\u00e1bbi inform\u00e1ci\u00f3k<\/h3>\n<p><strong>Botanikai inform\u00e1ci\u00f3k a k\u00ednai bor\u00f3k\u00e1r\u00f3l:<\/strong><\/p>\n<p><a href=\"https:\/\/plants.ces.ncsu.edu\/plants\/juniperus-chinensis\/\">Ncsu<\/a><\/p>\n<p><a href=\"https:\/\/en.wikipedia.org\/wiki\/Juniperus_chinensis\">Wikipedia<\/a><\/p>\n<p><strong>Hol v\u00e1s\u00e1rolhat Juniperus Chinensis-t Eur\u00f3p\u00e1ban:<\/strong><\/p>\n<p>Nagykereskedelem: <a href=\"https:\/\/juniperus-chinensis.com\/hu\/contact-us\/\">Kapcsolatfelv\u00e9tel<\/a><\/p>\n<p>Kiskereskedelem: <a href=\"https:\/\/xedoo.com\/en\/product-category\/bonsai\/juniperus-chinensis-chinese-juniper\/\">Xedoo<\/a><\/p>","protected":false},"excerpt":{"rendered":"<p>Juniperus Chinensis Shimpaku Var. Sargentii A Shimpaku Sargentii bor\u00f3ka a k\u00ednai bor\u00f3ka t\u00f6rpe v\u00e1ltozata, \u00e9s az egyik leggyakrabban haszn\u00e1lt n\u00f6v\u00e9ny a ...<\/p>","protected":false},"author":1,"featured_media":0,"parent":0,"menu_order":0,"comment_status":"closed","ping_status":"closed","template":"","meta":{"footnotes":""},"class_list":["post-38","page","type-page","status-publish","hentry"],"yoast_head":"<!-- This site is optimized with the Yoast SEO plugin v25.4 - https:\/\/yoast.com\/wordpress\/plugins\/seo\/ -->\n<title>Juniperus Chinensis Europe<\/title>\n<meta name=\"description\" content=\"Juniperus Chinensis is one of the most beautiful plants to create a bonsai. We offer the varieties Itoigawa, Kishu and the regular Shimpaku.\" \/>\n<meta name=\"robots\" content=\"index, follow, max-snippet:-1, max-image-preview:large, max-video-preview:-1\" \/>\n<link rel=\"canonical\" href=\"https:\/\/juniperus-chinensis.com\/hu\/\" \/>\n<meta property=\"og:locale\" content=\"hu_HU\" \/>\n<meta property=\"og:type\" content=\"article\" \/>\n<meta property=\"og:title\" content=\"Juniperus Chinensis Europe\" \/>\n<meta property=\"og:description\" content=\"Juniperus Chinensis is one of the most beautiful plants to create a bonsai. We offer the varieties Itoigawa, Kishu and the regular Shimpaku.\" \/>\n<meta property=\"og:url\" content=\"https:\/\/juniperus-chinensis.com\/hu\/\" \/>\n<meta property=\"og:site_name\" content=\"Juniperus Chinensis\" \/>\n<meta property=\"article:modified_time\" content=\"2026-03-05T20:15:40+00:00\" \/>\n<meta property=\"og:image\" content=\"https:\/\/juniperus-chinensis.com\/wp-content\/uploads\/2026\/03\/juniperus-chinensis-sargentii-hedge-1024x768.jpg\" \/>\n\t<meta property=\"og:image:width\" content=\"1024\" \/>\n\t<meta property=\"og:image:height\" content=\"768\" \/>\n\t<meta property=\"og:image:type\" content=\"image\/jpeg\" \/>\n<meta name=\"twitter:card\" content=\"summary_large_image\" \/>\n<meta name=\"twitter:label1\" content=\"Becs\u00fclt olvas\u00e1si id\u0151\" \/>\n\t<meta name=\"twitter:data1\" content=\"3 perc\" \/>\n<script type=\"application\/ld+json\" class=\"yoast-schema-graph\">{\"@context\":\"https:\/\/schema.org\",\"@graph\":[{\"@type\":\"WebPage\",\"@id\":\"https:\/\/juniperus-chinensis.com\/\",\"url\":\"https:\/\/juniperus-chinensis.com\/\",\"name\":\"Juniperus Chinensis Europe\",\"isPartOf\":{\"@id\":\"\/#website\"},\"primaryImageOfPage\":{\"@id\":\"https:\/\/juniperus-chinensis.com\/#primaryimage\"},\"image\":{\"@id\":\"https:\/\/juniperus-chinensis.com\/#primaryimage\"},\"thumbnailUrl\":\"https:\/\/juniperus-chinensis.com\/wp-content\/uploads\/2026\/03\/juniperus-chinensis-sargentii-hedge-1024x768.jpg\",\"datePublished\":\"2022-02-12T22:31:18+00:00\",\"dateModified\":\"2026-03-05T20:15:40+00:00\",\"description\":\"Juniperus Chinensis is one of the most beautiful plants to create a bonsai. We offer the varieties Itoigawa, Kishu and the regular Shimpaku.\",\"breadcrumb\":{\"@id\":\"https:\/\/juniperus-chinensis.com\/#breadcrumb\"},\"inLanguage\":\"hu\",\"potentialAction\":[{\"@type\":\"ReadAction\",\"target\":[\"https:\/\/juniperus-chinensis.com\/\"]}]},{\"@type\":\"ImageObject\",\"inLanguage\":\"hu\",\"@id\":\"https:\/\/juniperus-chinensis.com\/#primaryimage\",\"url\":\"https:\/\/juniperus-chinensis.com\/wp-content\/uploads\/2026\/03\/juniperus-chinensis-sargentii-hedge-1024x768.jpg\",\"contentUrl\":\"https:\/\/juniperus-chinensis.com\/wp-content\/uploads\/2026\/03\/juniperus-chinensis-sargentii-hedge-1024x768.jpg\"},{\"@type\":\"BreadcrumbList\",\"@id\":\"https:\/\/juniperus-chinensis.com\/#breadcrumb\",\"itemListElement\":[{\"@type\":\"ListItem\",\"position\":1,\"name\":\"Home\",\"item\":\"https:\/\/juniperus-chinensis.com\/\"},{\"@type\":\"ListItem\",\"position\":2,\"name\":\"Juniperus Chinensis Europe\"}]},{\"@type\":\"WebSite\",\"@id\":\"\/#website\",\"url\":\"\/\",\"name\":\"Juniperus Chinensis\",\"description\":\"A beautiful plant to create bonsai\",\"potentialAction\":[{\"@type\":\"SearchAction\",\"target\":{\"@type\":\"EntryPoint\",\"urlTemplate\":\"\/?s={search_term_string}\"},\"query-input\":{\"@type\":\"PropertyValueSpecification\",\"valueRequired\":true,\"valueName\":\"search_term_string\"}}],\"inLanguage\":\"hu\"}]}<\/script>\n<!-- \/ Yoast SEO plugin. -->","yoast_head_json":{"title":"Juniperus Chinensis Europe","description":"Juniperus Chinensis is one of the most beautiful plants to create a bonsai. We offer the varieties Itoigawa, Kishu and the regular Shimpaku.","robots":{"index":"index","follow":"follow","max-snippet":"max-snippet:-1","max-image-preview":"max-image-preview:large","max-video-preview":"max-video-preview:-1"},"canonical":"https:\/\/juniperus-chinensis.com\/hu\/","og_locale":"hu_HU","og_type":"article","og_title":"Juniperus Chinensis Europe","og_description":"Juniperus Chinensis is one of the most beautiful plants to create a bonsai. We offer the varieties Itoigawa, Kishu and the regular Shimpaku.","og_url":"https:\/\/juniperus-chinensis.com\/hu\/","og_site_name":"Juniperus Chinensis","article_modified_time":"2026-03-05T20:15:40+00:00","og_image":[{"width":1024,"height":768,"url":"https:\/\/juniperus-chinensis.com\/wp-content\/uploads\/2026\/03\/juniperus-chinensis-sargentii-hedge-1024x768.jpg","type":"image\/jpeg"}],"twitter_card":"summary_large_image","twitter_misc":{"Becs\u00fclt olvas\u00e1si id\u0151":"3 perc"},"schema":{"@context":"https:\/\/schema.org","@graph":[{"@type":"WebPage","@id":"https:\/\/juniperus-chinensis.com\/","url":"https:\/\/juniperus-chinensis.com\/","name":"Juniperus Chinensis Europe","isPartOf":{"@id":"\/#website"},"primaryImageOfPage":{"@id":"https:\/\/juniperus-chinensis.com\/#primaryimage"},"image":{"@id":"https:\/\/juniperus-chinensis.com\/#primaryimage"},"thumbnailUrl":"https:\/\/juniperus-chinensis.com\/wp-content\/uploads\/2026\/03\/juniperus-chinensis-sargentii-hedge-1024x768.jpg","datePublished":"2022-02-12T22:31:18+00:00","dateModified":"2026-03-05T20:15:40+00:00","description":"Juniperus Chinensis is one of the most beautiful plants to create a bonsai. We offer the varieties Itoigawa, Kishu and the regular Shimpaku.","breadcrumb":{"@id":"https:\/\/juniperus-chinensis.com\/#breadcrumb"},"inLanguage":"hu","potentialAction":[{"@type":"ReadAction","target":["https:\/\/juniperus-chinensis.com\/"]}]},{"@type":"ImageObject","inLanguage":"hu","@id":"https:\/\/juniperus-chinensis.com\/#primaryimage","url":"https:\/\/juniperus-chinensis.com\/wp-content\/uploads\/2026\/03\/juniperus-chinensis-sargentii-hedge-1024x768.jpg","contentUrl":"https:\/\/juniperus-chinensis.com\/wp-content\/uploads\/2026\/03\/juniperus-chinensis-sargentii-hedge-1024x768.jpg"},{"@type":"BreadcrumbList","@id":"https:\/\/juniperus-chinensis.com\/#breadcrumb","itemListElement":[{"@type":"ListItem","position":1,"name":"Home","item":"https:\/\/juniperus-chinensis.com\/"},{"@type":"ListItem","position":2,"name":"Juniperus Chinensis Europe"}]},{"@type":"WebSite","@id":"\/#website","url":"\/","name":"Juniperus Chinensis","description":"A beautiful plant to create bonsai","potentialAction":[{"@type":"SearchAction","target":{"@type":"EntryPoint","urlTemplate":"\/?s={search_term_string}"},"query-input":{"@type":"PropertyValueSpecification","valueRequired":true,"valueName":"search_term_string"}}],"inLanguage":"hu"}]}},"_links":{"self":[{"href":"https:\/\/juniperus-chinensis.com\/hu\/wp-json\/wp\/v2\/pages\/38","targetHints":{"allow":["GET"]}}],"collection":[{"href":"https:\/\/juniperus-chinensis.com\/hu\/wp-json\/wp\/v2\/pages"}],"about":[{"href":"https:\/\/juniperus-chinensis.com\/hu\/wp-json\/wp\/v2\/types\/page"}],"author":[{"embeddable":true,"href":"https:\/\/juniperus-chinensis.com\/hu\/wp-json\/wp\/v2\/users\/1"}],"replies":[{"embeddable":true,"href":"https:\/\/juniperus-chinensis.com\/hu\/wp-json\/wp\/v2\/comments?post=38"}],"version-history":[{"count":58,"href":"https:\/\/juniperus-chinensis.com\/hu\/wp-json\/wp\/v2\/pages\/38\/revisions"}],"predecessor-version":[{"id":290,"href":"https:\/\/juniperus-chinensis.com\/hu\/wp-json\/wp\/v2\/pages\/38\/revisions\/290"}],"wp:attachment":[{"href":"https:\/\/juniperus-chinensis.com\/hu\/wp-json\/wp\/v2\/media?parent=38"}],"curies":[{"name":"wp","href":"https:\/\/api.w.org\/{rel}","templated":true}]}}