{"id":38,"date":"2022-02-12T23:31:18","date_gmt":"2022-02-12T22:31:18","guid":{"rendered":"http:\/\/juniperus-chinensis.com\/?page_id=38"},"modified":"2026-03-05T21:15:40","modified_gmt":"2026-03-05T20:15:40","slug":"homepage","status":"publish","type":"page","link":"https:\/\/juniperus-chinensis.com\/pt\/","title":{"rendered":"Juniperus Chinensis Europa"},"content":{"rendered":"<h3>Juniperus Chinensis Shimpaku Var. Sargentii<\/h3>\n<p align=\"justify\">O zimbro Shimpaku Sargentii \u00e9 uma variedade an\u00e3 do zimbro chin\u00eas e uma das plantas mais utilizadas na cria\u00e7\u00e3o de bonsai. O Juniperus Chinensis Shimpaku Sargentii \u00e9 origin\u00e1rio das regi\u00f5es montanhosas do Jap\u00e3o e tem uma folhagem verde clara. O seu h\u00e1bito de crescimento irregular e nodoso torna-o um item de cole\u00e7\u00e3o favorito no design de bonsai. Uma vez que \u00e9 uma forma an\u00e3 do zimbro chin\u00eas, s\u00f3 atinge uma altura m\u00e1xima de 3 metros quando cresce em estado selvagem, bem como uma largura m\u00e1xima de 2 metros.<\/p>\n<p align=\"justify\"><a href=\"https:\/\/juniperus-chinensis.com\/wp-content\/uploads\/2026\/03\/juniperus-chinensis-sargentii-hedge.jpg\"><img loading=\"lazy\" decoding=\"async\" class=\"alignnone wp-image-289 size-large\" src=\"https:\/\/juniperus-chinensis.com\/wp-content\/uploads\/2026\/03\/juniperus-chinensis-sargentii-hedge-1024x768.jpg\" alt=\"\" width=\"760\" height=\"570\" srcset=\"https:\/\/juniperus-chinensis.com\/wp-content\/uploads\/2026\/03\/juniperus-chinensis-sargentii-hedge-1024x768.jpg 1024w, https:\/\/juniperus-chinensis.com\/wp-content\/uploads\/2026\/03\/juniperus-chinensis-sargentii-hedge-300x225.jpg 300w, https:\/\/juniperus-chinensis.com\/wp-content\/uploads\/2026\/03\/juniperus-chinensis-sargentii-hedge-768x576.jpg 768w, https:\/\/juniperus-chinensis.com\/wp-content\/uploads\/2026\/03\/juniperus-chinensis-sargentii-hedge-1536x1152.jpg 1536w, https:\/\/juniperus-chinensis.com\/wp-content\/uploads\/2026\/03\/juniperus-chinensis-sargentii-hedge-2048x1536.jpg 2048w, https:\/\/juniperus-chinensis.com\/wp-content\/uploads\/2026\/03\/juniperus-chinensis-sargentii-hedge-16x12.jpg 16w, https:\/\/juniperus-chinensis.com\/wp-content\/uploads\/2026\/03\/juniperus-chinensis-sargentii-hedge-400x300.jpg 400w\" sizes=\"auto, (max-width: 760px) 100vw, 760px\" \/><\/a><\/p>\n<p align=\"justify\">O zimbro chin\u00eas Sargentii \u00e9 extremamente frugal e \u00e9 considerado muito resistente. Suporta quase todos os climas, \u00e9 insens\u00edvel \u00e0 geada, ao calor e ao vento e desenvolve-se bem mesmo em solos pobres. Apesar de o zimbro Shimpaku ser considerado relativamente pouco exigente, deve, no entanto, ser colocado num local o mais solarengo poss\u00edvel para se desenvolver da melhor forma. O substrato do solo nunca deve secar completamente, nem se deve formar encharcamento nas ra\u00edzes. Existem duas variedades mais populares de Shimpaku, que crescem naturalmente apenas em \u00e1reas pequenas e diferentes do Jap\u00e3o.<\/p>\n<h3>Juniperus Chinensis Shimpaku Var. Itoigawa<\/h3>\n<p align=\"justify\">O zimbro Itoigawa \u00e9 semelhante ao Shimpaku Sargentii normal, mas com uma folhagem mais fina e densa. Cresce tamb\u00e9m de forma mais compacta do que o Sargentii e atinge uma altura m\u00e1xima de cerca de 1 metro. A variedade Juniperus Chinensis Itoigawa foi descoberta pela primeira vez em 1910 pelo Sr. Tahei Suzuki , um colecionador japon\u00eas de shimpaku na regi\u00e3o montanhosa em redor da cidade japonesa de Itoigawa. Em breve, o Itoigawa tornou-se um dos artigos de cole\u00e7\u00e3o mais populares para os entusiastas do bonsai e, em 1950, quase n\u00e3o existiam exemplares na natureza. O zimbro chin\u00eas Itoigawa \u00e9 considerado por muitos como o rei do bonsai devido \u00e0 sua beleza.<\/p>\n<p align=\"justify\"><a href=\"https:\/\/juniperus-chinensis.com\/wp-content\/uploads\/2024\/09\/juniperus-chinensis-itoigawa.jpg\"><img loading=\"lazy\" decoding=\"async\" class=\"alignnone size-large wp-image-273\" src=\"https:\/\/juniperus-chinensis.com\/wp-content\/uploads\/2024\/09\/juniperus-chinensis-itoigawa-1024x683.jpg\" alt=\"\" width=\"760\" height=\"507\" srcset=\"https:\/\/juniperus-chinensis.com\/wp-content\/uploads\/2024\/09\/juniperus-chinensis-itoigawa-1024x683.jpg 1024w, https:\/\/juniperus-chinensis.com\/wp-content\/uploads\/2024\/09\/juniperus-chinensis-itoigawa-300x200.jpg 300w, https:\/\/juniperus-chinensis.com\/wp-content\/uploads\/2024\/09\/juniperus-chinensis-itoigawa-768x512.jpg 768w, https:\/\/juniperus-chinensis.com\/wp-content\/uploads\/2024\/09\/juniperus-chinensis-itoigawa-1536x1024.jpg 1536w, https:\/\/juniperus-chinensis.com\/wp-content\/uploads\/2024\/09\/juniperus-chinensis-itoigawa-2048x1366.jpg 2048w, https:\/\/juniperus-chinensis.com\/wp-content\/uploads\/2024\/09\/juniperus-chinensis-itoigawa-18x12.jpg 18w, https:\/\/juniperus-chinensis.com\/wp-content\/uploads\/2024\/09\/juniperus-chinensis-itoigawa-421x281.jpg 421w\" sizes=\"auto, (max-width: 760px) 100vw, 760px\" \/><\/a><\/p>\n<h3>Juniperus Chinensis Shimpaku Var. Kishu<\/h3>\n<p align=\"justify\">O zimbro Kishu \u00e9 semelhante ao zimbro Itoigawa mas ligeiramente mais escuro na cor.<\/p>\n<p align=\"justify\"><a href=\"https:\/\/juniperus-chinensis.com\/wp-content\/uploads\/2024\/09\/juniperus-chinensis-kishu-1.jpg\"><img loading=\"lazy\" decoding=\"async\" class=\"alignnone size-large wp-image-271\" src=\"https:\/\/juniperus-chinensis.com\/wp-content\/uploads\/2024\/09\/juniperus-chinensis-kishu-1-1024x683.jpg\" alt=\"\" width=\"760\" height=\"507\" srcset=\"https:\/\/juniperus-chinensis.com\/wp-content\/uploads\/2024\/09\/juniperus-chinensis-kishu-1-1024x683.jpg 1024w, https:\/\/juniperus-chinensis.com\/wp-content\/uploads\/2024\/09\/juniperus-chinensis-kishu-1-300x200.jpg 300w, https:\/\/juniperus-chinensis.com\/wp-content\/uploads\/2024\/09\/juniperus-chinensis-kishu-1-768x512.jpg 768w, https:\/\/juniperus-chinensis.com\/wp-content\/uploads\/2024\/09\/juniperus-chinensis-kishu-1-1536x1024.jpg 1536w, https:\/\/juniperus-chinensis.com\/wp-content\/uploads\/2024\/09\/juniperus-chinensis-kishu-1-2048x1366.jpg 2048w, https:\/\/juniperus-chinensis.com\/wp-content\/uploads\/2024\/09\/juniperus-chinensis-kishu-1-18x12.jpg 18w, https:\/\/juniperus-chinensis.com\/wp-content\/uploads\/2024\/09\/juniperus-chinensis-kishu-1-421x281.jpg 421w\" sizes=\"auto, (max-width: 760px) 100vw, 760px\" \/><\/a><\/p>\n<h3 align=\"justify\">Cuidados com Juniperus Chinensis<\/h3>\n<p>Como j\u00e1 foi mencionado, o zimbro chin\u00eas \u00e9 considerado muito resistente e n\u00e3o \u00e9 particularmente exigente em termos de cuidados. As plantas podem lidar com praticamente qualquer clima e n\u00e3o t\u00eam grandes exig\u00eancias de solo. No entanto, para assegurar um crescimento \u00f3ptimo, as plantas devem ser dadas num local o mais ensolarado poss\u00edvel e devem ser sempre mantidas h\u00famidas sem excesso de \u00e1gua, pois n\u00e3o toleram muito bem o encharcamento. Tenha em conta que as Juniperus Chinensis s\u00e3o plantas de exterior. Para se desenvolverem de forma \u00f3ptima, necessitam da mudan\u00e7a de esta\u00e7\u00f5es. Isto \u00e9 importante para o desenvolvimento dos frutos e sementes da planta, e tamb\u00e9m para o desenvolvimento de novos rebentos.<\/p>\n<h3>Poda<\/h3>\n<p>A melhor \u00e9poca do ano para podar as plantas \u00e9 no final do inverno ou no in\u00edcio da primavera, antes do surgimento de novos brotos.<\/p>\n<h3>Informa\u00e7\u00f5es adicionais<\/h3>\n<p><strong>Informa\u00e7\u00e3o bot\u00e2nica sobre o zimbro chin\u00eas:<\/strong><\/p>\n<p><a href=\"https:\/\/plants.ces.ncsu.edu\/plants\/juniperus-chinensis\/\">Ncsu<\/a><\/p>\n<p><a href=\"https:\/\/en.wikipedia.org\/wiki\/Juniperus_chinensis\">Wikip\u00e9dia<\/a><\/p>\n<p><strong>Onde comprar o nosso Juniperus Chinensis na Europa:<\/strong><\/p>\n<p>Venda por atacado: <a href=\"https:\/\/juniperus-chinensis.com\/pt\/contact-us\/\">Contacte-nos<\/a><\/p>\n<p>Varejo: <a href=\"https:\/\/xedoo.com\/en\/product-category\/bonsai\/juniperus-chinensis-chinese-juniper\/\">Xedoo<\/a><\/p>","protected":false},"excerpt":{"rendered":"<p>Juniperus Chinensis Shimpaku Var. Sargentii O zimbro Shimpaku Sargentii \u00e9 uma variedade an\u00e3 do zimbro chin\u00eas e uma das plantas mais utilizadas na ...<\/p>","protected":false},"author":1,"featured_media":0,"parent":0,"menu_order":0,"comment_status":"closed","ping_status":"closed","template":"","meta":{"footnotes":""},"class_list":["post-38","page","type-page","status-publish","hentry"],"yoast_head":"<!-- This site is optimized with the Yoast SEO plugin v25.4 - https:\/\/yoast.com\/wordpress\/plugins\/seo\/ -->\n<title>Juniperus Chinensis Europe<\/title>\n<meta name=\"description\" content=\"Juniperus Chinensis is one of the most beautiful plants to create a bonsai. We offer the varieties Itoigawa, Kishu and the regular Shimpaku.\" \/>\n<meta name=\"robots\" content=\"index, follow, max-snippet:-1, max-image-preview:large, max-video-preview:-1\" \/>\n<link rel=\"canonical\" href=\"https:\/\/juniperus-chinensis.com\/pt\/\" \/>\n<meta property=\"og:locale\" content=\"pt_PT\" \/>\n<meta property=\"og:type\" content=\"article\" \/>\n<meta property=\"og:title\" content=\"Juniperus Chinensis Europe\" \/>\n<meta property=\"og:description\" content=\"Juniperus Chinensis is one of the most beautiful plants to create a bonsai. We offer the varieties Itoigawa, Kishu and the regular Shimpaku.\" \/>\n<meta property=\"og:url\" content=\"https:\/\/juniperus-chinensis.com\/pt\/\" \/>\n<meta property=\"og:site_name\" content=\"Juniperus Chinensis\" \/>\n<meta property=\"article:modified_time\" content=\"2026-03-05T20:15:40+00:00\" \/>\n<meta property=\"og:image\" content=\"https:\/\/juniperus-chinensis.com\/wp-content\/uploads\/2026\/03\/juniperus-chinensis-sargentii-hedge-1024x768.jpg\" \/>\n\t<meta property=\"og:image:width\" content=\"1024\" \/>\n\t<meta property=\"og:image:height\" content=\"768\" \/>\n\t<meta property=\"og:image:type\" content=\"image\/jpeg\" \/>\n<meta name=\"twitter:card\" content=\"summary_large_image\" \/>\n<meta name=\"twitter:label1\" content=\"Tempo estimado de leitura\" \/>\n\t<meta name=\"twitter:data1\" content=\"3 minutos\" \/>\n<script type=\"application\/ld+json\" class=\"yoast-schema-graph\">{\"@context\":\"https:\/\/schema.org\",\"@graph\":[{\"@type\":\"WebPage\",\"@id\":\"https:\/\/juniperus-chinensis.com\/\",\"url\":\"https:\/\/juniperus-chinensis.com\/\",\"name\":\"Juniperus Chinensis Europe\",\"isPartOf\":{\"@id\":\"\/#website\"},\"primaryImageOfPage\":{\"@id\":\"https:\/\/juniperus-chinensis.com\/#primaryimage\"},\"image\":{\"@id\":\"https:\/\/juniperus-chinensis.com\/#primaryimage\"},\"thumbnailUrl\":\"https:\/\/juniperus-chinensis.com\/wp-content\/uploads\/2026\/03\/juniperus-chinensis-sargentii-hedge-1024x768.jpg\",\"datePublished\":\"2022-02-12T22:31:18+00:00\",\"dateModified\":\"2026-03-05T20:15:40+00:00\",\"description\":\"Juniperus Chinensis is one of the most beautiful plants to create a bonsai. We offer the varieties Itoigawa, Kishu and the regular Shimpaku.\",\"breadcrumb\":{\"@id\":\"https:\/\/juniperus-chinensis.com\/#breadcrumb\"},\"inLanguage\":\"pt-PT\",\"potentialAction\":[{\"@type\":\"ReadAction\",\"target\":[\"https:\/\/juniperus-chinensis.com\/\"]}]},{\"@type\":\"ImageObject\",\"inLanguage\":\"pt-PT\",\"@id\":\"https:\/\/juniperus-chinensis.com\/#primaryimage\",\"url\":\"https:\/\/juniperus-chinensis.com\/wp-content\/uploads\/2026\/03\/juniperus-chinensis-sargentii-hedge-1024x768.jpg\",\"contentUrl\":\"https:\/\/juniperus-chinensis.com\/wp-content\/uploads\/2026\/03\/juniperus-chinensis-sargentii-hedge-1024x768.jpg\"},{\"@type\":\"BreadcrumbList\",\"@id\":\"https:\/\/juniperus-chinensis.com\/#breadcrumb\",\"itemListElement\":[{\"@type\":\"ListItem\",\"position\":1,\"name\":\"Home\",\"item\":\"https:\/\/juniperus-chinensis.com\/\"},{\"@type\":\"ListItem\",\"position\":2,\"name\":\"Juniperus Chinensis Europe\"}]},{\"@type\":\"WebSite\",\"@id\":\"\/#website\",\"url\":\"\/\",\"name\":\"Juniperus Chinensis\",\"description\":\"A beautiful plant to create bonsai\",\"potentialAction\":[{\"@type\":\"SearchAction\",\"target\":{\"@type\":\"EntryPoint\",\"urlTemplate\":\"\/?s={search_term_string}\"},\"query-input\":{\"@type\":\"PropertyValueSpecification\",\"valueRequired\":true,\"valueName\":\"search_term_string\"}}],\"inLanguage\":\"pt-PT\"}]}<\/script>\n<!-- \/ Yoast SEO plugin. -->","yoast_head_json":{"title":"Juniperus Chinensis Europe","description":"Juniperus Chinensis is one of the most beautiful plants to create a bonsai. We offer the varieties Itoigawa, Kishu and the regular Shimpaku.","robots":{"index":"index","follow":"follow","max-snippet":"max-snippet:-1","max-image-preview":"max-image-preview:large","max-video-preview":"max-video-preview:-1"},"canonical":"https:\/\/juniperus-chinensis.com\/pt\/","og_locale":"pt_PT","og_type":"article","og_title":"Juniperus Chinensis Europe","og_description":"Juniperus Chinensis is one of the most beautiful plants to create a bonsai. We offer the varieties Itoigawa, Kishu and the regular Shimpaku.","og_url":"https:\/\/juniperus-chinensis.com\/pt\/","og_site_name":"Juniperus Chinensis","article_modified_time":"2026-03-05T20:15:40+00:00","og_image":[{"width":1024,"height":768,"url":"https:\/\/juniperus-chinensis.com\/wp-content\/uploads\/2026\/03\/juniperus-chinensis-sargentii-hedge-1024x768.jpg","type":"image\/jpeg"}],"twitter_card":"summary_large_image","twitter_misc":{"Tempo estimado de leitura":"3 minutos"},"schema":{"@context":"https:\/\/schema.org","@graph":[{"@type":"WebPage","@id":"https:\/\/juniperus-chinensis.com\/","url":"https:\/\/juniperus-chinensis.com\/","name":"Juniperus Chinensis Europe","isPartOf":{"@id":"\/#website"},"primaryImageOfPage":{"@id":"https:\/\/juniperus-chinensis.com\/#primaryimage"},"image":{"@id":"https:\/\/juniperus-chinensis.com\/#primaryimage"},"thumbnailUrl":"https:\/\/juniperus-chinensis.com\/wp-content\/uploads\/2026\/03\/juniperus-chinensis-sargentii-hedge-1024x768.jpg","datePublished":"2022-02-12T22:31:18+00:00","dateModified":"2026-03-05T20:15:40+00:00","description":"Juniperus Chinensis is one of the most beautiful plants to create a bonsai. We offer the varieties Itoigawa, Kishu and the regular Shimpaku.","breadcrumb":{"@id":"https:\/\/juniperus-chinensis.com\/#breadcrumb"},"inLanguage":"pt-PT","potentialAction":[{"@type":"ReadAction","target":["https:\/\/juniperus-chinensis.com\/"]}]},{"@type":"ImageObject","inLanguage":"pt-PT","@id":"https:\/\/juniperus-chinensis.com\/#primaryimage","url":"https:\/\/juniperus-chinensis.com\/wp-content\/uploads\/2026\/03\/juniperus-chinensis-sargentii-hedge-1024x768.jpg","contentUrl":"https:\/\/juniperus-chinensis.com\/wp-content\/uploads\/2026\/03\/juniperus-chinensis-sargentii-hedge-1024x768.jpg"},{"@type":"BreadcrumbList","@id":"https:\/\/juniperus-chinensis.com\/#breadcrumb","itemListElement":[{"@type":"ListItem","position":1,"name":"Home","item":"https:\/\/juniperus-chinensis.com\/"},{"@type":"ListItem","position":2,"name":"Juniperus Chinensis Europe"}]},{"@type":"WebSite","@id":"\/#website","url":"\/","name":"Juniperus Chinensis","description":"A beautiful plant to create bonsai","potentialAction":[{"@type":"SearchAction","target":{"@type":"EntryPoint","urlTemplate":"\/?s={search_term_string}"},"query-input":{"@type":"PropertyValueSpecification","valueRequired":true,"valueName":"search_term_string"}}],"inLanguage":"pt-PT"}]}},"_links":{"self":[{"href":"https:\/\/juniperus-chinensis.com\/pt\/wp-json\/wp\/v2\/pages\/38","targetHints":{"allow":["GET"]}}],"collection":[{"href":"https:\/\/juniperus-chinensis.com\/pt\/wp-json\/wp\/v2\/pages"}],"about":[{"href":"https:\/\/juniperus-chinensis.com\/pt\/wp-json\/wp\/v2\/types\/page"}],"author":[{"embeddable":true,"href":"https:\/\/juniperus-chinensis.com\/pt\/wp-json\/wp\/v2\/users\/1"}],"replies":[{"embeddable":true,"href":"https:\/\/juniperus-chinensis.com\/pt\/wp-json\/wp\/v2\/comments?post=38"}],"version-history":[{"count":58,"href":"https:\/\/juniperus-chinensis.com\/pt\/wp-json\/wp\/v2\/pages\/38\/revisions"}],"predecessor-version":[{"id":290,"href":"https:\/\/juniperus-chinensis.com\/pt\/wp-json\/wp\/v2\/pages\/38\/revisions\/290"}],"wp:attachment":[{"href":"https:\/\/juniperus-chinensis.com\/pt\/wp-json\/wp\/v2\/media?parent=38"}],"curies":[{"name":"wp","href":"https:\/\/api.w.org\/{rel}","templated":true}]}}