{"id":146,"date":"2022-02-26T07:16:38","date_gmt":"2022-02-26T06:16:38","guid":{"rendered":"http:\/\/juniperus-chinensis.com\/?page_id=146"},"modified":"2023-10-04T14:56:56","modified_gmt":"2023-10-04T13:56:56","slug":"juniperus-chinensis-shimpaku-sargentii","status":"publish","type":"page","link":"https:\/\/juniperus-chinensis.com\/sk\/juniperus-chinensis-shimpaku-sargentii\/","title":{"rendered":"Juniperus Chinensis Shimpaku (Sargentii)"},"content":{"rendered":"<h3>Juniperus Chinensis Shimpaku var. Sargentii<\/h3>\n<p>Jalovec \u010d\u00ednsky (Juniperus chinensis 'Sargentii'), v\u0161eobecne zn\u00e1my ako Sargentov \u010d\u00ednsky jalovec, je ob\u013e\u00faben\u00fd v\u017edyzelen\u00fd ker alebo mal\u00fd strom patriaci do \u010de\u013eade Cupressaceae. T\u00e1to okrasn\u00e1 rastlina sa \u0161iroko pou\u017e\u00edva v krajin\u00e1rstve a z\u00e1hradn\u00edctve v\u010faka svojmu atrakt\u00edvnemu vzh\u013eadu a n\u00edzkym n\u00e1rokom na \u00fadr\u017ebu.<\/p>\n<p><strong>Botanick\u00e9 vlastnosti:<\/strong><\/p>\n<p>Rod a druh: Juniperus chinensis<\/p>\n<p>Odroda: 'Sargentii'<\/p>\n<p>Rodina: Cupressaceae<\/p>\n<p>Spolo\u010dn\u00fd n\u00e1zov: Sargentov \u010d\u00ednsky jalovec<\/p>\n<p>&nbsp;<\/p>\n<p><strong>Ve\u013ekos\u0165 a rastov\u00fd habitus:<\/strong><\/p>\n<p>'Sargentii' rastie ako hust\u00fd, kompaktn\u00fd a rozlo\u017eit\u00fd ker pyram\u00eddov\u00e9ho a\u017e zaoblen\u00e9ho tvaru.<\/p>\n<p>Zvy\u010dajne dosahuje v\u00fd\u0161ku 3 a\u017e 6 st\u00f4p (0,9 a\u017e 1,8 metra) a podobn\u00fa \u0161\u00edrku.<\/p>\n<p>&nbsp;<\/p>\n<p><strong>Olistenie:<\/strong><\/p>\n<p>Listy 'Sargentii' s\u00fa v\u017edyzelen\u00e9 a zachov\u00e1vaj\u00fa si s\u00fdtozelen\u00fa farbu po\u010das cel\u00e9ho roka.<\/p>\n<p>Listy s\u00fa \u0161upinat\u00e9 a husto usporiadan\u00e9 pozd\u013a\u017e stoniek, \u010do d\u00e1va rastline jemn\u00fa \u0161trukt\u00faru.<\/p>\n<p>V zimn\u00fdch mesiacoch m\u00f4\u017ee ma\u0165 l\u00edstie mierne bronzov\u00fd alebo purpurov\u00fd odtie\u0148, \u010do zvy\u0161uje jeho vizu\u00e1lnu pr\u00ed\u0165a\u017elivos\u0165.<\/p>\n<p>&nbsp;<\/p>\n<p><strong>K\u00f4ra:<\/strong><\/p>\n<p>K\u00f4ra tohto borievky je v mladosti tenk\u00e1 a \u010dervenohned\u00e1, v dospelosti sa st\u00e1va sivou a \u0161upinatou.<\/p>\n<p>&nbsp;<\/p>\n<p><strong>Ku\u017eele:<\/strong><\/p>\n<p>Ako v\u0161etky borievky, aj 'Sargentii' vytv\u00e1ra mal\u00e9, bobu\u013eovit\u00e9 \u0161i\u0161ky. Tieto \u0161i\u0161ky s\u00fa zvy\u010dajne okr\u00fahle a modro\u010diernej farby.<\/p>\n<p>&nbsp;<\/p>\n<p><strong>Po\u017eiadavky na slne\u010dn\u00e9 svetlo:<\/strong><\/p>\n<p>Sargentovmu \u010d\u00ednskemu borievkovn\u00edku sa dar\u00ed na plnom slnku a\u017e v polotieni. Pre optim\u00e1lny rast a farbu listov uprednost\u0148uje aspo\u0148 6 hod\u00edn priameho slne\u010dn\u00e9ho svetla denne.<\/p>\n<p>&nbsp;<\/p>\n<p><strong>Po\u017eiadavky na p\u00f4du:<\/strong><\/p>\n<p>Tento jalovec je prisp\u00f4sobiv\u00fd \u0161irokej \u0161k\u00e1le p\u00f4dnych typov, ale uprednost\u0148uje dobre odvodnen\u00fa p\u00f4du. Zn\u00e1\u0161a mierne alkalick\u00e9 a\u017e mierne kysl\u00e9 p\u00f4dy.<\/p>\n<p>&nbsp;<\/p>\n<p><strong>Potreba zavla\u017eovania:<\/strong><\/p>\n<p>Po zakorenen\u00ed je 'Sargentii' odoln\u00fd vo\u010di suchu a vy\u017eaduje minim\u00e1lnu z\u00e1lievku. D\u00f4le\u017eit\u00e9 je nepremokn\u00fa\u0165 ju, preto\u017ee v trvalo vlhkej p\u00f4de je n\u00e1chyln\u00e1 na hnilobu kore\u0148ov.<\/p>\n<p>&nbsp;<\/p>\n<p><strong>Mrazuvzdornos\u0165:<\/strong><\/p>\n<p>Tento kultivar je zn\u00e1my svojou mrazuvzdornos\u0165ou a dar\u00ed sa mu takmer v ka\u017edom p\u00e1sme.<\/p>\n<p>&nbsp;<\/p>\n<p><strong>Pou\u017eitie v krajine:<\/strong><\/p>\n<p>'Sargentii' je ob\u013e\u00fabenou vo\u013ebou pre ter\u00e9nne \u00fapravy a pou\u017e\u00edva sa na r\u00f4zne sp\u00f4soby:<\/p>\n<p>V\u010faka svojmu hust\u00e9mu vzrastu sa dobre hod\u00ed ako n\u00edzky \u017eiv\u00fd plot alebo z\u00e1stena.<\/p>\n<p>M\u00f4\u017ee sa vys\u00e1dza\u0165 ako solit\u00e9ra v z\u00e1hrad\u00e1ch alebo sa pou\u017e\u00edva na protier\u00f3znu ochranu svahov.<\/p>\n<p>V\u010faka svojim kompaktn\u00fdm rozmerom je vhodn\u00fd do mal\u00fdch z\u00e1hrad a mestskej krajiny.<\/p>\n<p>&nbsp;<\/p>\n<p><strong>\u00dadr\u017eba:<\/strong><\/p>\n<p>Tento jalovec si vy\u017eaduje minim\u00e1lnu \u00fadr\u017ebu. Rez by sa mal vykon\u00e1va\u0165 striedmo, ak v\u00f4bec, aby sa zachoval jeho prirodzen\u00fd tvar.<\/p>\n<p>Pod\u013ea potreby odstr\u00e1\u0148te v\u0161etky odumret\u00e9 alebo chor\u00e9 kon\u00e1re.<\/p>\n<p>Mul\u010dovanie okolo z\u00e1kladne rastliny pom\u00e1ha udr\u017eiava\u0165 vlhkos\u0165 v p\u00f4de a potl\u00e1\u010da\u0165 burinu.<\/p>\n<p>&nbsp;<\/p>\n<p><strong>\u0160kodcovia a choroby:<\/strong><\/p>\n<p>'Sargentii' je v\u0161eobecne odoln\u00fd vo\u010di v\u00e4\u010d\u0161ine \u0161kodcov a chor\u00f4b. Za ur\u010dit\u00fdch podmienok v\u0161ak m\u00f4\u017ee by\u0165 n\u00e1chyln\u00e1 na rozto\u010de a \u0161upinat\u00fd hmyz.<\/p>\n<p>Stru\u010dne povedan\u00e9, Juniperus chinensis 'Sargentii' je v\u0161estrann\u00fd a atrakt\u00edvny st\u00e1lezelen\u00fd ker s kompaktn\u00fdm rastov\u00fdm habitusom, ktor\u00fd je ob\u013e\u00fabenou vo\u013ebou na \u00fapravu krajiny v r\u00f4znych prostrediach. N\u00edzke n\u00e1roky na \u00fadr\u017ebu a celoro\u010dn\u00e1 vizu\u00e1lna pr\u00ed\u0165a\u017elivos\u0165 z neho robia cenn\u00fd doplnok z\u00e1hrad a krajiny.<\/p>\n<p>&nbsp;<\/p>\n<p><strong>Juniperus Chinensis Sargentii ako bonsaj<\/strong><\/p>\n<p>Jalovec \u010d\u00ednsky (Juniperus chinensis 'Sargentii') je pre svoju prisp\u00f4sobivos\u0165, atrakt\u00edvne olistenie a zauj\u00edmav\u00fa \u0161trukt\u00faru k\u00f4ry ob\u013e\u00fabenou vo\u013ebou pre milovn\u00edkov bonsajov. Pri spr\u00e1vnej v\u00fdchove a starostlivosti z neho mo\u017eno vytvori\u0165 n\u00e1dhern\u00fd bonsajov\u00fd exempl\u00e1r. Tu je n\u00e1vod na pou\u017eitie borievky Juniperus chinensis 'Sargentii' ako bonsaja:<\/p>\n<p>&nbsp;<\/p>\n<p><strong>V\u00fdber spr\u00e1vnej rastliny:<\/strong><\/p>\n<p>Vyberte si zdrav\u00fa, mlad\u00fa rastlinu borievky s dobrou \u0161trukt\u00farou kon\u00e1rov a \u017eiaducimi vlastnos\u0165ami. H\u013eadajte rovn\u00e9 kmene a vetvy, ktor\u00e9 s\u00fa dobre rozmiestnen\u00e9 a rovnomerne rozlo\u017een\u00e9.<\/p>\n<p>&nbsp;<\/p>\n<p><strong>Prerez\u00e1vanie a tvarovanie:<\/strong><\/p>\n<p>Bonsajov\u00fd \u0161t\u00fdl zah\u0155\u0148a strihanie a tvarovanie rastliny, aby sa vytvoril miniat\u00farny strom, ktor\u00fd napodob\u0148uje vzh\u013ead dospel\u00e9ho stromu v plnej ve\u013ekosti.<\/p>\n<p>Za\u010dnite odstr\u00e1nen\u00edm v\u0161etk\u00fdch odumret\u00fdch alebo nezdrav\u00fdch kon\u00e1rov. Potom ore\u017ete kon\u00e1re a l\u00edstie, aby ste vytvorili po\u017eadovan\u00fd tvar. Na \u010dist\u00e9 rezy pou\u017e\u00edvajte ostr\u00e9 bonsajov\u00e9 no\u017enice.<\/p>\n<p>Jalovce s\u00fa zn\u00e1me svojou schopnos\u0165ou sp\u00e4tn\u00e9ho pu\u010dania, \u010do znamen\u00e1, \u017ee zo star\u00e9ho dreva m\u00f4\u017ee vyr\u00e1s\u0165 nov\u00fd rast, ktor\u00fd je nevyhnutn\u00fd na tvarovanie bonsajov. Star\u0161ie drevo m\u00f4\u017eete zreza\u0165, aby ste podporili nov\u00fd rast na ur\u010dit\u00fdch miestach.<\/p>\n<p>&nbsp;<\/p>\n<p><strong>Zapojenie:<\/strong><\/p>\n<p>Dr\u00f4tovanie je v bonsajistike be\u017en\u00e1 technika na vedenie kon\u00e1rov do po\u017eadovanej polohy. Pou\u017eite hlin\u00edkov\u00fd alebo meden\u00fd bonsajov\u00fd dr\u00f4t na jemn\u00e9 oh\u00fdbanie kon\u00e1rov, pri\u010dom sa vyhnete ich po\u0161kodeniu.<\/p>\n<p>D\u00e1vajte pozor, aby ste dr\u00f4ty nenapojili pr\u00edli\u0161 pevne, preto\u017ee m\u00f4\u017eu po\u0161kodi\u0165 k\u00f4ru a kambiov\u00fa vrstvu. Pravidelne sledujte rast, \u010di sa dr\u00f4t nezarez\u00e1va do kon\u00e1rov.<\/p>\n<p>&nbsp;<\/p>\n<p><strong>Pres\u00e1dzanie:<\/strong><\/p>\n<p>Juniperus chinensis 'Sargentii' by sa mal ka\u017ed\u00e9 2 - 3 roky pres\u00e1dza\u0165, aby sa osvie\u017eila p\u00f4da, podporil sa stav kore\u0148ov a udr\u017eala ve\u013ekos\u0165 rastliny.<\/p>\n<p>Pres\u00e1dzanie sa zvy\u010dajne vykon\u00e1va skoro na jar pred za\u010diatkom nov\u00e9ho rastu. Odstr\u00e1\u0148te \u010das\u0165 kore\u0148ov a vyme\u0148te p\u00f4du za dobre priepustn\u00fa bonsajov\u00fa zmes.<\/p>\n<p>&nbsp;<\/p>\n<p><strong>Zalievanie:<\/strong><\/p>\n<p>Bonsaje si vy\u017eaduj\u00fa starostliv\u00fa starostlivos\u0165 o z\u00e1lievku. Jalovce uprednost\u0148uj\u00fa mierne vlhk\u00fa p\u00f4du, ale nemaj\u00fa rady zamokren\u00e9 prostredie. Ke\u010f povrch p\u00f4dy za\u010dne vysycha\u0165, d\u00f4kladne ju zalejte, ale vyhnite sa tomu, aby bola p\u00f4da st\u00e1le mokr\u00e1.<\/p>\n<p>&nbsp;<\/p>\n<p><strong>Slne\u010dn\u00e9 svetlo:<\/strong><\/p>\n<p>Bonsaj Juniperus chinensis 'Sargentii' umiestnite na miesto s pln\u00fdm slnkom, aby ste podporili jeho zdrav\u00fd rast a udr\u017eali kompaktn\u00fd tvar.<\/p>\n<p>&nbsp;<\/p>\n<p><strong>Zimn\u00e1 ochrana:<\/strong><\/p>\n<p>Chr\u00e1\u0148te svoje bonsaje pred nepriazniv\u00fdmi zimn\u00fdmi podmienkami. Sargentii\" je s\u00edce mrazuvzdorn\u00fd, ale bonsajov\u00e9 kvetin\u00e1\u010de a korene m\u00f4\u017eu by\u0165 n\u00e1chylnej\u0161ie na mr\u00e1z. V pr\u00edpade potreby zv\u00e1\u017ete zabezpe\u010denie zimnej ochrany alebo jej prenesenie do interi\u00e9ru.<\/p>\n<p>&nbsp;<\/p>\n<p><strong>Hnojenie:<\/strong><\/p>\n<p>Po\u010das vegeta\u010dn\u00e9ho obdobia (od jari do za\u010diatku jesene) pou\u017e\u00edvajte vyv\u00e1\u017een\u00e9, pomaly sa uvo\u013e\u0148uj\u00face hnojivo pre bonsaje alebo tekut\u00e9 hnojivo zrieden\u00e9 na polovi\u010dn\u00fa silu. V zimn\u00fdch mesiacoch po\u010das vegeta\u010dn\u00e9ho pokoja hnojenie zn\u00ed\u017ete alebo zastavte.<\/p>\n<p>&nbsp;<\/p>\n<p><strong>Mana\u017ement \u0161kodcov a chor\u00f4b:<\/strong><\/p>\n<p>Pravidelne kontrolujte bonsaj, \u010di sa v \u0148om nenach\u00e1dzaj\u00fa \u0161kodcovia, ako s\u00fa rozto\u010de alebo \u0161upinat\u00fd hmyz. Pr\u00edpadn\u00e9 napadnutie okam\u017eite o\u0161etrite.<\/p>\n<p>Zabezpe\u010dte dobr\u00e9 pr\u00fadenie vzduchu okolo rastliny, aby ste zabr\u00e1nili vzniku ples\u0148ov\u00fdch probl\u00e9mov.<\/p>\n<p>&nbsp;<\/p>\n<p><strong>Styling a trpezlivos\u0165:<\/strong><\/p>\n<p>Vytvorenie \u00fa\u017easn\u00e9ho bonsaja si vy\u017eaduje \u010das a trpezlivos\u0165. Po\u010das dozrievania bonsajov Juniperus chinensis 'Sargentii' neust\u00e1le zdokona\u013eujte ich tvar a \u0161t\u00fdl.<\/p>\n<p>&nbsp;<\/p>\n<p>Nezabudnite, \u017ee \u00faspe\u0161n\u00e9 pestovanie bonsajov si vy\u017eaduje oddanos\u0165 a zanietenos\u0165 pre t\u00fato formu umenia. Juniperus chinensis 'Sargentii' je v\u010faka svojej prisp\u00f4sobivosti a \u0161etrnosti vynikaj\u00facou vo\u013ebou pre za\u010diato\u010dn\u00edkov aj sk\u00fasen\u00fdch bonsajistov. Spr\u00e1vnou starostlivos\u0165ou a pozornos\u0165ou m\u00f4\u017eete vytvori\u0165 kr\u00e1sny a podmaniv\u00fd miniat\u00farny strom.<\/p>","protected":false},"excerpt":{"rendered":"<p>Juniperus chinensis Shimpaku var. Sargentii Juniperus chinensis 'Sargentii', v\u0161eobecne zn\u00e1my ako Sargentov \u010d\u00ednsky jalovec, je ob\u013e\u00faben\u00fd v\u017edyzelen\u00fd ker alebo mal\u00fd strom patriaci do ...<\/p>","protected":false},"author":1,"featured_media":0,"parent":0,"menu_order":0,"comment_status":"closed","ping_status":"closed","template":"","meta":{"footnotes":""},"class_list":["post-146","page","type-page","status-publish","hentry"],"yoast_head":"<!-- This site is optimized with the Yoast SEO plugin v25.4 - https:\/\/yoast.com\/wordpress\/plugins\/seo\/ -->\n<title>Juniperus Chinensis Shimpaku (Sargentii)<\/title>\n<meta name=\"robots\" content=\"index, follow, max-snippet:-1, max-image-preview:large, max-video-preview:-1\" \/>\n<link rel=\"canonical\" href=\"https:\/\/juniperus-chinensis.com\/sk\/juniperus-chinensis-shimpaku-sargentii\/\" \/>\n<meta property=\"og:locale\" content=\"sk_SK\" \/>\n<meta property=\"og:type\" content=\"article\" \/>\n<meta property=\"og:title\" content=\"Juniperus Chinensis Shimpaku (Sargentii)\" \/>\n<meta property=\"og:description\" content=\"Juniperus Chinensis Shimpaku var. Sargentii Juniperus chinensis &#8216;Sargentii,&#8217; commonly known as Sargent&#8217;s Chinese Juniper, is a popular evergreen shrub or small tree belonging to the &hellip;\" \/>\n<meta property=\"og:url\" content=\"https:\/\/juniperus-chinensis.com\/sk\/juniperus-chinensis-shimpaku-sargentii\/\" \/>\n<meta property=\"og:site_name\" content=\"Juniperus Chinensis\" \/>\n<meta property=\"article:modified_time\" content=\"2023-10-04T13:56:56+00:00\" \/>\n<meta name=\"twitter:card\" content=\"summary_large_image\" \/>\n<meta name=\"twitter:label1\" content=\"Predpokladan\u00fd \u010das \u010d\u00edtania\" \/>\n\t<meta name=\"twitter:data1\" content=\"1 min\u00fata\" \/>\n<script type=\"application\/ld+json\" class=\"yoast-schema-graph\">{\"@context\":\"https:\/\/schema.org\",\"@graph\":[{\"@type\":\"WebPage\",\"@id\":\"https:\/\/juniperus-chinensis.com\/de\/juniperus-chinensis-shimpaku-sargentii\/\",\"url\":\"https:\/\/juniperus-chinensis.com\/de\/juniperus-chinensis-shimpaku-sargentii\/\",\"name\":\"Juniperus Chinensis Shimpaku (Sargentii)\",\"isPartOf\":{\"@id\":\"\/#website\"},\"datePublished\":\"2022-02-26T06:16:38+00:00\",\"dateModified\":\"2023-10-04T13:56:56+00:00\",\"breadcrumb\":{\"@id\":\"https:\/\/juniperus-chinensis.com\/de\/juniperus-chinensis-shimpaku-sargentii\/#breadcrumb\"},\"inLanguage\":\"sk-SK\",\"potentialAction\":[{\"@type\":\"ReadAction\",\"target\":[\"https:\/\/juniperus-chinensis.com\/de\/juniperus-chinensis-shimpaku-sargentii\/\"]}]},{\"@type\":\"BreadcrumbList\",\"@id\":\"https:\/\/juniperus-chinensis.com\/de\/juniperus-chinensis-shimpaku-sargentii\/#breadcrumb\",\"itemListElement\":[{\"@type\":\"ListItem\",\"position\":1,\"name\":\"Home\",\"item\":\"https:\/\/juniperus-chinensis.com\/\"},{\"@type\":\"ListItem\",\"position\":2,\"name\":\"Juniperus Chinensis Shimpaku (Sargentii)\"}]},{\"@type\":\"WebSite\",\"@id\":\"\/#website\",\"url\":\"\/\",\"name\":\"Juniperus Chinensis\",\"description\":\"A beautiful plant to create bonsai\",\"potentialAction\":[{\"@type\":\"SearchAction\",\"target\":{\"@type\":\"EntryPoint\",\"urlTemplate\":\"\/?s={search_term_string}\"},\"query-input\":{\"@type\":\"PropertyValueSpecification\",\"valueRequired\":true,\"valueName\":\"search_term_string\"}}],\"inLanguage\":\"sk-SK\"}]}<\/script>\n<!-- \/ Yoast SEO plugin. -->","yoast_head_json":{"title":"Juniperus Chinensis Shimpaku (Sargentii)","robots":{"index":"index","follow":"follow","max-snippet":"max-snippet:-1","max-image-preview":"max-image-preview:large","max-video-preview":"max-video-preview:-1"},"canonical":"https:\/\/juniperus-chinensis.com\/sk\/juniperus-chinensis-shimpaku-sargentii\/","og_locale":"sk_SK","og_type":"article","og_title":"Juniperus Chinensis Shimpaku (Sargentii)","og_description":"Juniperus Chinensis Shimpaku var. Sargentii Juniperus chinensis &#8216;Sargentii,&#8217; commonly known as Sargent&#8217;s Chinese Juniper, is a popular evergreen shrub or small tree belonging to the &hellip;","og_url":"https:\/\/juniperus-chinensis.com\/sk\/juniperus-chinensis-shimpaku-sargentii\/","og_site_name":"Juniperus Chinensis","article_modified_time":"2023-10-04T13:56:56+00:00","twitter_card":"summary_large_image","twitter_misc":{"Predpokladan\u00fd \u010das \u010d\u00edtania":"1 min\u00fata"},"schema":{"@context":"https:\/\/schema.org","@graph":[{"@type":"WebPage","@id":"https:\/\/juniperus-chinensis.com\/de\/juniperus-chinensis-shimpaku-sargentii\/","url":"https:\/\/juniperus-chinensis.com\/de\/juniperus-chinensis-shimpaku-sargentii\/","name":"Juniperus Chinensis Shimpaku (Sargentii)","isPartOf":{"@id":"\/#website"},"datePublished":"2022-02-26T06:16:38+00:00","dateModified":"2023-10-04T13:56:56+00:00","breadcrumb":{"@id":"https:\/\/juniperus-chinensis.com\/de\/juniperus-chinensis-shimpaku-sargentii\/#breadcrumb"},"inLanguage":"sk-SK","potentialAction":[{"@type":"ReadAction","target":["https:\/\/juniperus-chinensis.com\/de\/juniperus-chinensis-shimpaku-sargentii\/"]}]},{"@type":"BreadcrumbList","@id":"https:\/\/juniperus-chinensis.com\/de\/juniperus-chinensis-shimpaku-sargentii\/#breadcrumb","itemListElement":[{"@type":"ListItem","position":1,"name":"Home","item":"https:\/\/juniperus-chinensis.com\/"},{"@type":"ListItem","position":2,"name":"Juniperus Chinensis Shimpaku (Sargentii)"}]},{"@type":"WebSite","@id":"\/#website","url":"\/","name":"Juniperus Chinensis","description":"A beautiful plant to create bonsai","potentialAction":[{"@type":"SearchAction","target":{"@type":"EntryPoint","urlTemplate":"\/?s={search_term_string}"},"query-input":{"@type":"PropertyValueSpecification","valueRequired":true,"valueName":"search_term_string"}}],"inLanguage":"sk-SK"}]}},"_links":{"self":[{"href":"https:\/\/juniperus-chinensis.com\/sk\/wp-json\/wp\/v2\/pages\/146","targetHints":{"allow":["GET"]}}],"collection":[{"href":"https:\/\/juniperus-chinensis.com\/sk\/wp-json\/wp\/v2\/pages"}],"about":[{"href":"https:\/\/juniperus-chinensis.com\/sk\/wp-json\/wp\/v2\/types\/page"}],"author":[{"embeddable":true,"href":"https:\/\/juniperus-chinensis.com\/sk\/wp-json\/wp\/v2\/users\/1"}],"replies":[{"embeddable":true,"href":"https:\/\/juniperus-chinensis.com\/sk\/wp-json\/wp\/v2\/comments?post=146"}],"version-history":[{"count":3,"href":"https:\/\/juniperus-chinensis.com\/sk\/wp-json\/wp\/v2\/pages\/146\/revisions"}],"predecessor-version":[{"id":254,"href":"https:\/\/juniperus-chinensis.com\/sk\/wp-json\/wp\/v2\/pages\/146\/revisions\/254"}],"wp:attachment":[{"href":"https:\/\/juniperus-chinensis.com\/sk\/wp-json\/wp\/v2\/media?parent=146"}],"curies":[{"name":"wp","href":"https:\/\/api.w.org\/{rel}","templated":true}]}}