{"id":38,"date":"2022-02-12T23:31:18","date_gmt":"2022-02-12T22:31:18","guid":{"rendered":"http:\/\/juniperus-chinensis.com\/?page_id=38"},"modified":"2026-03-05T21:15:40","modified_gmt":"2026-03-05T20:15:40","slug":"homepage","status":"publish","type":"page","link":"https:\/\/juniperus-chinensis.com\/sk\/","title":{"rendered":"Juniperus Chinensis Eur\u00f3pa"},"content":{"rendered":"<h3>Juniperus Chinensis Shimpaku Var. Sargentii<\/h3>\n<p align=\"justify\">Jalovec Shimpaku Sargentii je trpasli\u010dia odroda \u010d\u00ednskeho jalovca a jedna z najpou\u017e\u00edvanej\u0161\u00edch rastl\u00edn pri tvorbe bonsajov. Juniperus Chinensis Shimpaku Sargentii poch\u00e1dza z horsk\u00fdch oblast\u00ed Japonska a m\u00e1 svetlozelen\u00e9 listy. Jeho nepravideln\u00fd, \u017eliabkovit\u00fd rastov\u00fd habitus z neho rob\u00ed ob\u013e\u00faben\u00fd zberate\u013esk\u00fd artikel pri tvorbe bonsajov. Ke\u010f\u017ee ide o trpasli\u010diu formu borievky \u010d\u00ednskej, pri vo\u013enom raste dosahuje maxim\u00e1lnu v\u00fd\u0161ku len 3 metre a maxim\u00e1lnu \u0161\u00edrku 2 metre.<\/p>\n<p align=\"justify\"><a href=\"https:\/\/juniperus-chinensis.com\/wp-content\/uploads\/2026\/03\/juniperus-chinensis-sargentii-hedge.jpg\"><img loading=\"lazy\" decoding=\"async\" class=\"alignnone wp-image-289 size-large\" src=\"https:\/\/juniperus-chinensis.com\/wp-content\/uploads\/2026\/03\/juniperus-chinensis-sargentii-hedge-1024x768.jpg\" alt=\"\" width=\"760\" height=\"570\" srcset=\"https:\/\/juniperus-chinensis.com\/wp-content\/uploads\/2026\/03\/juniperus-chinensis-sargentii-hedge-1024x768.jpg 1024w, https:\/\/juniperus-chinensis.com\/wp-content\/uploads\/2026\/03\/juniperus-chinensis-sargentii-hedge-300x225.jpg 300w, https:\/\/juniperus-chinensis.com\/wp-content\/uploads\/2026\/03\/juniperus-chinensis-sargentii-hedge-768x576.jpg 768w, https:\/\/juniperus-chinensis.com\/wp-content\/uploads\/2026\/03\/juniperus-chinensis-sargentii-hedge-1536x1152.jpg 1536w, https:\/\/juniperus-chinensis.com\/wp-content\/uploads\/2026\/03\/juniperus-chinensis-sargentii-hedge-2048x1536.jpg 2048w, https:\/\/juniperus-chinensis.com\/wp-content\/uploads\/2026\/03\/juniperus-chinensis-sargentii-hedge-16x12.jpg 16w, https:\/\/juniperus-chinensis.com\/wp-content\/uploads\/2026\/03\/juniperus-chinensis-sargentii-hedge-400x300.jpg 400w\" sizes=\"auto, (max-width: 760px) 100vw, 760px\" \/><\/a><\/p>\n<p align=\"justify\">\u010c\u00ednsky jalovec Sargentii je ve\u013emi skromn\u00fd a pova\u017euje sa za ve\u013emi odoln\u00fd. Zvl\u00e1dne takmer v\u0161etky klimatick\u00e9 podmienky, je necitliv\u00fd na mr\u00e1z, teplo a vietor a dar\u00ed sa mu aj v chudobn\u00fdch p\u00f4dach. Aj ke\u010f sa jalovec \u0161impaku pova\u017euje za pomerne nen\u00e1ro\u010dn\u00fd, napriek tomu by sa mu malo pon\u00faknu\u0165 \u010do najslne\u010dnej\u0161ie miesto, aby optim\u00e1lne prosperoval. P\u00f4dny substr\u00e1t by nikdy nemal \u00faplne vyschn\u00fa\u0165 a pri kore\u0148och by sa nemalo tvori\u0165 zamokrenie. Existuj\u00fa e\u0161te dve ob\u013e\u00faben\u00e9 odrody Shimpaku, ktor\u00e9 prirodzene rast\u00fa len v mal\u00fdch a r\u00f4znych oblastiach Japonska.<\/p>\n<h3>Juniperus Chinensis Shimpaku Var. Itoigawa<\/h3>\n<p align=\"justify\">Jalovec Itoigawa je podobn\u00fd be\u017en\u00e9mu jalovcu Shimpaku Sargentii, ale m\u00e1 jemnej\u0161ie a hustej\u0161ie listy. Rastie kompaktnej\u0161ie ako Sargentii a dosahuje maxim\u00e1lnu v\u00fd\u0161ku pribli\u017ene 1 meter. Odrodu Juniperus Chinensis Itoigawa prv\u00fdkr\u00e1t objavil v roku 1910 p\u00e1n Tahei Suzuki , japonsk\u00fd zberate\u013e \u0161impaku v horskej oblasti okolo japonsk\u00e9ho mesta Itoigawa. \u010coskoro sa Itoigawa stala jedn\u00fdm z najob\u013e\u00fabenej\u0161\u00edch zberate\u013esk\u00fdch predmetov pre nad\u0161encov bonsajov a do roku 1950 u\u017e vo vo\u013enej pr\u00edrode takmer \u017eiadne exempl\u00e1re nezostali. \u010c\u00ednsky jalovec Itoigawa mnoh\u00ed pre jeho kr\u00e1su naz\u00fdvaj\u00fa kr\u00e1\u013eom bonsajov.<\/p>\n<p align=\"justify\"><a href=\"https:\/\/juniperus-chinensis.com\/wp-content\/uploads\/2024\/09\/juniperus-chinensis-itoigawa.jpg\"><img loading=\"lazy\" decoding=\"async\" class=\"alignnone size-large wp-image-273\" src=\"https:\/\/juniperus-chinensis.com\/wp-content\/uploads\/2024\/09\/juniperus-chinensis-itoigawa-1024x683.jpg\" alt=\"\" width=\"760\" height=\"507\" srcset=\"https:\/\/juniperus-chinensis.com\/wp-content\/uploads\/2024\/09\/juniperus-chinensis-itoigawa-1024x683.jpg 1024w, https:\/\/juniperus-chinensis.com\/wp-content\/uploads\/2024\/09\/juniperus-chinensis-itoigawa-300x200.jpg 300w, https:\/\/juniperus-chinensis.com\/wp-content\/uploads\/2024\/09\/juniperus-chinensis-itoigawa-768x512.jpg 768w, https:\/\/juniperus-chinensis.com\/wp-content\/uploads\/2024\/09\/juniperus-chinensis-itoigawa-1536x1024.jpg 1536w, https:\/\/juniperus-chinensis.com\/wp-content\/uploads\/2024\/09\/juniperus-chinensis-itoigawa-2048x1366.jpg 2048w, https:\/\/juniperus-chinensis.com\/wp-content\/uploads\/2024\/09\/juniperus-chinensis-itoigawa-18x12.jpg 18w, https:\/\/juniperus-chinensis.com\/wp-content\/uploads\/2024\/09\/juniperus-chinensis-itoigawa-421x281.jpg 421w\" sizes=\"auto, (max-width: 760px) 100vw, 760px\" \/><\/a><\/p>\n<h3>Juniperus Chinensis Shimpaku Var. Kishu<\/h3>\n<p align=\"justify\">Jalovec Kishu je podobn\u00fd jalovcu Itoigawa, ale m\u00e1 o nie\u010do tmav\u0161iu farbu.<\/p>\n<p align=\"justify\"><a href=\"https:\/\/juniperus-chinensis.com\/wp-content\/uploads\/2024\/09\/juniperus-chinensis-kishu-1.jpg\"><img loading=\"lazy\" decoding=\"async\" class=\"alignnone size-large wp-image-271\" src=\"https:\/\/juniperus-chinensis.com\/wp-content\/uploads\/2024\/09\/juniperus-chinensis-kishu-1-1024x683.jpg\" alt=\"\" width=\"760\" height=\"507\" srcset=\"https:\/\/juniperus-chinensis.com\/wp-content\/uploads\/2024\/09\/juniperus-chinensis-kishu-1-1024x683.jpg 1024w, https:\/\/juniperus-chinensis.com\/wp-content\/uploads\/2024\/09\/juniperus-chinensis-kishu-1-300x200.jpg 300w, https:\/\/juniperus-chinensis.com\/wp-content\/uploads\/2024\/09\/juniperus-chinensis-kishu-1-768x512.jpg 768w, https:\/\/juniperus-chinensis.com\/wp-content\/uploads\/2024\/09\/juniperus-chinensis-kishu-1-1536x1024.jpg 1536w, https:\/\/juniperus-chinensis.com\/wp-content\/uploads\/2024\/09\/juniperus-chinensis-kishu-1-2048x1366.jpg 2048w, https:\/\/juniperus-chinensis.com\/wp-content\/uploads\/2024\/09\/juniperus-chinensis-kishu-1-18x12.jpg 18w, https:\/\/juniperus-chinensis.com\/wp-content\/uploads\/2024\/09\/juniperus-chinensis-kishu-1-421x281.jpg 421w\" sizes=\"auto, (max-width: 760px) 100vw, 760px\" \/><\/a><\/p>\n<h3 align=\"justify\">Starostlivos\u0165 o Juniperus Chinensis<\/h3>\n<p>Ako u\u017e bolo spomenut\u00e9, \u010d\u00ednske borievky sa pova\u017euj\u00fa za ve\u013emi odoln\u00e9 a nie s\u00fa obzvl\u00e1\u0161\u0165 n\u00e1ro\u010dn\u00e9 na starostlivos\u0165. Rastliny sa dok\u00e1\u017eu vyrovna\u0165 s takmer ak\u00fdmko\u013evek podneb\u00edm a nemaj\u00fa vysok\u00e9 n\u00e1roky na p\u00f4du. Na zabezpe\u010denie optim\u00e1lneho rastu by v\u0161ak rastliny mali ma\u0165 \u010do najslne\u010dnej\u0161ie stanovi\u0161te a mali by sa v\u017edy udr\u017eiava\u0165 vo vlhkom prostred\u00ed bez nadmern\u00e9ho zalievania, preto\u017ee zle zn\u00e1\u0161aj\u00fa zamokrenie. Majte na pam\u00e4ti, \u017ee Juniperus Chinensis s\u00fa vonkaj\u0161ie rastliny. Aby sa optim\u00e1lne vyv\u00edjali, potrebuj\u00fa zmenu ro\u010dn\u00fdch obdob\u00ed. Je to d\u00f4le\u017eit\u00e9 pre v\u00fdvoj plodov a semien rastliny a tie\u017e pre v\u00fdvoj nov\u00fdch v\u00fdhonkov.<\/p>\n<h3>Prerez\u00e1vanie<\/h3>\n<p>Najlep\u0161ie obdobie na strihanie rastl\u00edn je koncom zimy alebo za\u010diatkom jari, k\u00fdm sa objavia nov\u00e9 v\u00fdhonky.<\/p>\n<h3>\u010eal\u0161ie inform\u00e1cie<\/h3>\n<p><strong>Botanick\u00e9 inform\u00e1cie o borievke \u010d\u00ednskej:<\/strong><\/p>\n<p><a href=\"https:\/\/plants.ces.ncsu.edu\/plants\/juniperus-chinensis\/\">Ncsu<\/a><\/p>\n<p><a href=\"https:\/\/en.wikipedia.org\/wiki\/Juniperus_chinensis\">Wikipedia<\/a><\/p>\n<p><strong>Kde k\u00fapi\u0165 n\u00e1\u0161 Juniperus Chinensis v Eur\u00f3pe:<\/strong><\/p>\n<p>Ve\u013ekoobchod: <a href=\"https:\/\/juniperus-chinensis.com\/sk\/contact-us\/\">Kontaktujte n\u00e1s<\/a><\/p>\n<p>Maloobchodn\u00fd predaj: <a href=\"https:\/\/xedoo.com\/en\/product-category\/bonsai\/juniperus-chinensis-chinese-juniper\/\">Xedoo<\/a><\/p>","protected":false},"excerpt":{"rendered":"<p>Juniperus Chinensis Shimpaku Var. Sargentii Jalovec Shimpaku Sargentii je trpasli\u010dia odroda jalovca \u010d\u00ednskeho a patr\u00ed medzi najpou\u017e\u00edvanej\u0161ie rastliny v ...<\/p>","protected":false},"author":1,"featured_media":0,"parent":0,"menu_order":0,"comment_status":"closed","ping_status":"closed","template":"","meta":{"footnotes":""},"class_list":["post-38","page","type-page","status-publish","hentry"],"yoast_head":"<!-- This site is optimized with the Yoast SEO plugin v25.4 - https:\/\/yoast.com\/wordpress\/plugins\/seo\/ -->\n<title>Juniperus Chinensis Europe<\/title>\n<meta name=\"description\" content=\"Juniperus Chinensis is one of the most beautiful plants to create a bonsai. We offer the varieties Itoigawa, Kishu and the regular Shimpaku.\" \/>\n<meta name=\"robots\" content=\"index, follow, max-snippet:-1, max-image-preview:large, max-video-preview:-1\" \/>\n<link rel=\"canonical\" href=\"https:\/\/juniperus-chinensis.com\/sk\/\" \/>\n<meta property=\"og:locale\" content=\"sk_SK\" \/>\n<meta property=\"og:type\" content=\"article\" \/>\n<meta property=\"og:title\" content=\"Juniperus Chinensis Europe\" \/>\n<meta property=\"og:description\" content=\"Juniperus Chinensis is one of the most beautiful plants to create a bonsai. We offer the varieties Itoigawa, Kishu and the regular Shimpaku.\" \/>\n<meta property=\"og:url\" content=\"https:\/\/juniperus-chinensis.com\/sk\/\" \/>\n<meta property=\"og:site_name\" content=\"Juniperus Chinensis\" \/>\n<meta property=\"article:modified_time\" content=\"2026-03-05T20:15:40+00:00\" \/>\n<meta property=\"og:image\" content=\"https:\/\/juniperus-chinensis.com\/wp-content\/uploads\/2026\/03\/juniperus-chinensis-sargentii-hedge-1024x768.jpg\" \/>\n\t<meta property=\"og:image:width\" content=\"1024\" \/>\n\t<meta property=\"og:image:height\" content=\"768\" \/>\n\t<meta property=\"og:image:type\" content=\"image\/jpeg\" \/>\n<meta name=\"twitter:card\" content=\"summary_large_image\" \/>\n<meta name=\"twitter:label1\" content=\"Predpokladan\u00fd \u010das \u010d\u00edtania\" \/>\n\t<meta name=\"twitter:data1\" content=\"3 min\u00faty\" \/>\n<script type=\"application\/ld+json\" class=\"yoast-schema-graph\">{\"@context\":\"https:\/\/schema.org\",\"@graph\":[{\"@type\":\"WebPage\",\"@id\":\"https:\/\/juniperus-chinensis.com\/\",\"url\":\"https:\/\/juniperus-chinensis.com\/\",\"name\":\"Juniperus Chinensis Europe\",\"isPartOf\":{\"@id\":\"\/#website\"},\"primaryImageOfPage\":{\"@id\":\"https:\/\/juniperus-chinensis.com\/#primaryimage\"},\"image\":{\"@id\":\"https:\/\/juniperus-chinensis.com\/#primaryimage\"},\"thumbnailUrl\":\"https:\/\/juniperus-chinensis.com\/wp-content\/uploads\/2026\/03\/juniperus-chinensis-sargentii-hedge-1024x768.jpg\",\"datePublished\":\"2022-02-12T22:31:18+00:00\",\"dateModified\":\"2026-03-05T20:15:40+00:00\",\"description\":\"Juniperus Chinensis is one of the most beautiful plants to create a bonsai. We offer the varieties Itoigawa, Kishu and the regular Shimpaku.\",\"breadcrumb\":{\"@id\":\"https:\/\/juniperus-chinensis.com\/#breadcrumb\"},\"inLanguage\":\"sk-SK\",\"potentialAction\":[{\"@type\":\"ReadAction\",\"target\":[\"https:\/\/juniperus-chinensis.com\/\"]}]},{\"@type\":\"ImageObject\",\"inLanguage\":\"sk-SK\",\"@id\":\"https:\/\/juniperus-chinensis.com\/#primaryimage\",\"url\":\"https:\/\/juniperus-chinensis.com\/wp-content\/uploads\/2026\/03\/juniperus-chinensis-sargentii-hedge-1024x768.jpg\",\"contentUrl\":\"https:\/\/juniperus-chinensis.com\/wp-content\/uploads\/2026\/03\/juniperus-chinensis-sargentii-hedge-1024x768.jpg\"},{\"@type\":\"BreadcrumbList\",\"@id\":\"https:\/\/juniperus-chinensis.com\/#breadcrumb\",\"itemListElement\":[{\"@type\":\"ListItem\",\"position\":1,\"name\":\"Home\",\"item\":\"https:\/\/juniperus-chinensis.com\/\"},{\"@type\":\"ListItem\",\"position\":2,\"name\":\"Juniperus Chinensis Europe\"}]},{\"@type\":\"WebSite\",\"@id\":\"\/#website\",\"url\":\"\/\",\"name\":\"Juniperus Chinensis\",\"description\":\"A beautiful plant to create bonsai\",\"potentialAction\":[{\"@type\":\"SearchAction\",\"target\":{\"@type\":\"EntryPoint\",\"urlTemplate\":\"\/?s={search_term_string}\"},\"query-input\":{\"@type\":\"PropertyValueSpecification\",\"valueRequired\":true,\"valueName\":\"search_term_string\"}}],\"inLanguage\":\"sk-SK\"}]}<\/script>\n<!-- \/ Yoast SEO plugin. -->","yoast_head_json":{"title":"Juniperus Chinensis Europe","description":"Juniperus Chinensis is one of the most beautiful plants to create a bonsai. We offer the varieties Itoigawa, Kishu and the regular Shimpaku.","robots":{"index":"index","follow":"follow","max-snippet":"max-snippet:-1","max-image-preview":"max-image-preview:large","max-video-preview":"max-video-preview:-1"},"canonical":"https:\/\/juniperus-chinensis.com\/sk\/","og_locale":"sk_SK","og_type":"article","og_title":"Juniperus Chinensis Europe","og_description":"Juniperus Chinensis is one of the most beautiful plants to create a bonsai. We offer the varieties Itoigawa, Kishu and the regular Shimpaku.","og_url":"https:\/\/juniperus-chinensis.com\/sk\/","og_site_name":"Juniperus Chinensis","article_modified_time":"2026-03-05T20:15:40+00:00","og_image":[{"width":1024,"height":768,"url":"https:\/\/juniperus-chinensis.com\/wp-content\/uploads\/2026\/03\/juniperus-chinensis-sargentii-hedge-1024x768.jpg","type":"image\/jpeg"}],"twitter_card":"summary_large_image","twitter_misc":{"Predpokladan\u00fd \u010das \u010d\u00edtania":"3 min\u00faty"},"schema":{"@context":"https:\/\/schema.org","@graph":[{"@type":"WebPage","@id":"https:\/\/juniperus-chinensis.com\/","url":"https:\/\/juniperus-chinensis.com\/","name":"Juniperus Chinensis Europe","isPartOf":{"@id":"\/#website"},"primaryImageOfPage":{"@id":"https:\/\/juniperus-chinensis.com\/#primaryimage"},"image":{"@id":"https:\/\/juniperus-chinensis.com\/#primaryimage"},"thumbnailUrl":"https:\/\/juniperus-chinensis.com\/wp-content\/uploads\/2026\/03\/juniperus-chinensis-sargentii-hedge-1024x768.jpg","datePublished":"2022-02-12T22:31:18+00:00","dateModified":"2026-03-05T20:15:40+00:00","description":"Juniperus Chinensis is one of the most beautiful plants to create a bonsai. We offer the varieties Itoigawa, Kishu and the regular Shimpaku.","breadcrumb":{"@id":"https:\/\/juniperus-chinensis.com\/#breadcrumb"},"inLanguage":"sk-SK","potentialAction":[{"@type":"ReadAction","target":["https:\/\/juniperus-chinensis.com\/"]}]},{"@type":"ImageObject","inLanguage":"sk-SK","@id":"https:\/\/juniperus-chinensis.com\/#primaryimage","url":"https:\/\/juniperus-chinensis.com\/wp-content\/uploads\/2026\/03\/juniperus-chinensis-sargentii-hedge-1024x768.jpg","contentUrl":"https:\/\/juniperus-chinensis.com\/wp-content\/uploads\/2026\/03\/juniperus-chinensis-sargentii-hedge-1024x768.jpg"},{"@type":"BreadcrumbList","@id":"https:\/\/juniperus-chinensis.com\/#breadcrumb","itemListElement":[{"@type":"ListItem","position":1,"name":"Home","item":"https:\/\/juniperus-chinensis.com\/"},{"@type":"ListItem","position":2,"name":"Juniperus Chinensis Europe"}]},{"@type":"WebSite","@id":"\/#website","url":"\/","name":"Juniperus Chinensis","description":"A beautiful plant to create bonsai","potentialAction":[{"@type":"SearchAction","target":{"@type":"EntryPoint","urlTemplate":"\/?s={search_term_string}"},"query-input":{"@type":"PropertyValueSpecification","valueRequired":true,"valueName":"search_term_string"}}],"inLanguage":"sk-SK"}]}},"_links":{"self":[{"href":"https:\/\/juniperus-chinensis.com\/sk\/wp-json\/wp\/v2\/pages\/38","targetHints":{"allow":["GET"]}}],"collection":[{"href":"https:\/\/juniperus-chinensis.com\/sk\/wp-json\/wp\/v2\/pages"}],"about":[{"href":"https:\/\/juniperus-chinensis.com\/sk\/wp-json\/wp\/v2\/types\/page"}],"author":[{"embeddable":true,"href":"https:\/\/juniperus-chinensis.com\/sk\/wp-json\/wp\/v2\/users\/1"}],"replies":[{"embeddable":true,"href":"https:\/\/juniperus-chinensis.com\/sk\/wp-json\/wp\/v2\/comments?post=38"}],"version-history":[{"count":58,"href":"https:\/\/juniperus-chinensis.com\/sk\/wp-json\/wp\/v2\/pages\/38\/revisions"}],"predecessor-version":[{"id":290,"href":"https:\/\/juniperus-chinensis.com\/sk\/wp-json\/wp\/v2\/pages\/38\/revisions\/290"}],"wp:attachment":[{"href":"https:\/\/juniperus-chinensis.com\/sk\/wp-json\/wp\/v2\/media?parent=38"}],"curies":[{"name":"wp","href":"https:\/\/api.w.org\/{rel}","templated":true}]}}