{"id":38,"date":"2022-02-12T23:31:18","date_gmt":"2022-02-12T22:31:18","guid":{"rendered":"http:\/\/juniperus-chinensis.com\/?page_id=38"},"modified":"2026-03-05T21:15:40","modified_gmt":"2026-03-05T20:15:40","slug":"homepage","status":"publish","type":"page","link":"https:\/\/juniperus-chinensis.com\/sv\/","title":{"rendered":"Juniperus Chinensis Europa"},"content":{"rendered":"<h3>Juniperus Chinensis Shimpaku Var. Sargentii<\/h3>\n<p align=\"justify\">Enen Shimpaku Sargentii \u00e4r en dv\u00e4rgvariant av den kinesiska enen och en av de mest anv\u00e4nda v\u00e4xterna i bonsai. Juniperus Chinensis Shimpaku Sargentii h\u00e4rstammar fr\u00e5n bergsomr\u00e5dena i Japan och har ett ljusgr\u00f6nt bladverk. Dess oregelbundna, knotiga v\u00e4xts\u00e4tt g\u00f6r den till ett popul\u00e4rt samlarobjekt inom bonsaidesign. Eftersom det \u00e4r en dv\u00e4rgform av den kinesiska enen n\u00e5r den bara en maximal h\u00f6jd p\u00e5 3 meter n\u00e4r den v\u00e4xer vilt, liksom en maximal bredd p\u00e5 2 meter.<\/p>\n<p align=\"justify\"><a href=\"https:\/\/juniperus-chinensis.com\/wp-content\/uploads\/2026\/03\/juniperus-chinensis-sargentii-hedge.jpg\"><img loading=\"lazy\" decoding=\"async\" class=\"alignnone wp-image-289 size-large\" src=\"https:\/\/juniperus-chinensis.com\/wp-content\/uploads\/2026\/03\/juniperus-chinensis-sargentii-hedge-1024x768.jpg\" alt=\"\" width=\"760\" height=\"570\" srcset=\"https:\/\/juniperus-chinensis.com\/wp-content\/uploads\/2026\/03\/juniperus-chinensis-sargentii-hedge-1024x768.jpg 1024w, https:\/\/juniperus-chinensis.com\/wp-content\/uploads\/2026\/03\/juniperus-chinensis-sargentii-hedge-300x225.jpg 300w, https:\/\/juniperus-chinensis.com\/wp-content\/uploads\/2026\/03\/juniperus-chinensis-sargentii-hedge-768x576.jpg 768w, https:\/\/juniperus-chinensis.com\/wp-content\/uploads\/2026\/03\/juniperus-chinensis-sargentii-hedge-1536x1152.jpg 1536w, https:\/\/juniperus-chinensis.com\/wp-content\/uploads\/2026\/03\/juniperus-chinensis-sargentii-hedge-2048x1536.jpg 2048w, https:\/\/juniperus-chinensis.com\/wp-content\/uploads\/2026\/03\/juniperus-chinensis-sargentii-hedge-16x12.jpg 16w, https:\/\/juniperus-chinensis.com\/wp-content\/uploads\/2026\/03\/juniperus-chinensis-sargentii-hedge-400x300.jpg 400w\" sizes=\"auto, (max-width: 760px) 100vw, 760px\" \/><\/a><\/p>\n<p align=\"justify\">Den kinesiska Sargentii-eneb\u00e4ren \u00e4r extremt sparsam och anses vara mycket t\u00e5lig. Den klarar n\u00e4stan alla klimat, \u00e4r ok\u00e4nslig f\u00f6r frost, v\u00e4rme och vind och trivs \u00e4ven i magra jordar. \u00c4ven om Shimpaku-enen anses vara relativt anspr\u00e5ksl\u00f6s, b\u00f6r den \u00e4nd\u00e5 erbjudas ett s\u00e5 soligt l\u00e4ge som m\u00f6jligt f\u00f6r att trivas optimalt. Jordsubstratet f\u00e5r aldrig torka ut helt och h\u00e5llet, och det f\u00e5r inte heller bildas vattensamlingar vid r\u00f6tterna. Det finns ytterligare tv\u00e5 popul\u00e4ra varianter av Shimpaku, som bara v\u00e4xer naturligt i sm\u00e5 och olika omr\u00e5den i Japan.<\/p>\n<h3>Juniperus Chinensis Shimpaku Var. Itoigawa<\/h3>\n<p align=\"justify\">Itoigawa-enb\u00e4ret liknar den vanliga Shimpaku Sargentii men har ett finare och t\u00e4tare bladverk. Den v\u00e4xer ocks\u00e5 mer kompakt \u00e4n Sargentii och n\u00e5r en maximal h\u00f6jd p\u00e5 cirka 1 meter. Juniperus Chinensis Itoigawa-sorten uppt\u00e4cktes f\u00f6rsta g\u00e5ngen 1910 av Tahei Suzuki, en japansk shimpaku-samlare i bergstrakterna runt den japanska staden Itoigawa. Snart var Itoigawa en av de mest popul\u00e4ra samlarobjekten f\u00f6r bonsai-entusiaster och 1950 fanns det knappt n\u00e5gra exemplar kvar i naturen. Den kinesiska enen Itoigawa Juniper kallas av m\u00e5nga f\u00f6r bonsaiens kung p\u00e5 grund av sin sk\u00f6nhet.<\/p>\n<p align=\"justify\"><a href=\"https:\/\/juniperus-chinensis.com\/wp-content\/uploads\/2024\/09\/juniperus-chinensis-itoigawa.jpg\"><img loading=\"lazy\" decoding=\"async\" class=\"alignnone size-large wp-image-273\" src=\"https:\/\/juniperus-chinensis.com\/wp-content\/uploads\/2024\/09\/juniperus-chinensis-itoigawa-1024x683.jpg\" alt=\"\" width=\"760\" height=\"507\" srcset=\"https:\/\/juniperus-chinensis.com\/wp-content\/uploads\/2024\/09\/juniperus-chinensis-itoigawa-1024x683.jpg 1024w, https:\/\/juniperus-chinensis.com\/wp-content\/uploads\/2024\/09\/juniperus-chinensis-itoigawa-300x200.jpg 300w, https:\/\/juniperus-chinensis.com\/wp-content\/uploads\/2024\/09\/juniperus-chinensis-itoigawa-768x512.jpg 768w, https:\/\/juniperus-chinensis.com\/wp-content\/uploads\/2024\/09\/juniperus-chinensis-itoigawa-1536x1024.jpg 1536w, https:\/\/juniperus-chinensis.com\/wp-content\/uploads\/2024\/09\/juniperus-chinensis-itoigawa-2048x1366.jpg 2048w, https:\/\/juniperus-chinensis.com\/wp-content\/uploads\/2024\/09\/juniperus-chinensis-itoigawa-18x12.jpg 18w, https:\/\/juniperus-chinensis.com\/wp-content\/uploads\/2024\/09\/juniperus-chinensis-itoigawa-421x281.jpg 421w\" sizes=\"auto, (max-width: 760px) 100vw, 760px\" \/><\/a><\/p>\n<h3>Juniperus Chinensis Shimpaku Var. Kishu<\/h3>\n<p align=\"justify\">Kishu-junkaren liknar Itoigawa-junkaren men \u00e4r n\u00e5got m\u00f6rkare i f\u00e4rgen.<\/p>\n<p align=\"justify\"><a href=\"https:\/\/juniperus-chinensis.com\/wp-content\/uploads\/2024\/09\/juniperus-chinensis-kishu-1.jpg\"><img loading=\"lazy\" decoding=\"async\" class=\"alignnone size-large wp-image-271\" src=\"https:\/\/juniperus-chinensis.com\/wp-content\/uploads\/2024\/09\/juniperus-chinensis-kishu-1-1024x683.jpg\" alt=\"\" width=\"760\" height=\"507\" srcset=\"https:\/\/juniperus-chinensis.com\/wp-content\/uploads\/2024\/09\/juniperus-chinensis-kishu-1-1024x683.jpg 1024w, https:\/\/juniperus-chinensis.com\/wp-content\/uploads\/2024\/09\/juniperus-chinensis-kishu-1-300x200.jpg 300w, https:\/\/juniperus-chinensis.com\/wp-content\/uploads\/2024\/09\/juniperus-chinensis-kishu-1-768x512.jpg 768w, https:\/\/juniperus-chinensis.com\/wp-content\/uploads\/2024\/09\/juniperus-chinensis-kishu-1-1536x1024.jpg 1536w, https:\/\/juniperus-chinensis.com\/wp-content\/uploads\/2024\/09\/juniperus-chinensis-kishu-1-2048x1366.jpg 2048w, https:\/\/juniperus-chinensis.com\/wp-content\/uploads\/2024\/09\/juniperus-chinensis-kishu-1-18x12.jpg 18w, https:\/\/juniperus-chinensis.com\/wp-content\/uploads\/2024\/09\/juniperus-chinensis-kishu-1-421x281.jpg 421w\" sizes=\"auto, (max-width: 760px) 100vw, 760px\" \/><\/a><\/p>\n<h3 align=\"justify\">Sk\u00f6tsel av Juniperus Chinensis<\/h3>\n<p>Som redan n\u00e4mnts anses kinesisk enb\u00e4r vara mycket t\u00e5lig och inte s\u00e4rskilt kr\u00e4vande n\u00e4r det g\u00e4ller sk\u00f6tsel. V\u00e4xterna klarar sig i n\u00e4stan alla klimat och har inga h\u00f6ga krav p\u00e5 jordm\u00e5nen. F\u00f6r att s\u00e4kerst\u00e4lla en optimal tillv\u00e4xt b\u00f6r plantorna dock f\u00e5 en s\u00e5 solig plats som m\u00f6jligt och b\u00f6r alltid h\u00e5llas fuktiga utan att \u00f6vervattnas, eftersom de inte t\u00e5l vattenm\u00e4ttnad s\u00e4rskilt bra. T\u00e4nk p\u00e5 att Juniperus Chinensis \u00e4r utomhusv\u00e4xter. F\u00f6r att utvecklas optimalt beh\u00f6ver de \u00e5rstidernas v\u00e4xlingar. Detta \u00e4r viktigt f\u00f6r utvecklingen av v\u00e4xtens frukter och fr\u00f6n, och \u00e4ven f\u00f6r utvecklingen av nya skott.<\/p>\n<h3>Besk\u00e4rning<\/h3>\n<p>Den b\u00e4sta tiden p\u00e5 \u00e5ret f\u00f6r att besk\u00e4ra v\u00e4xter \u00e4r sent p\u00e5 vintern eller tidigt p\u00e5 v\u00e5ren innan nya skott v\u00e4xer upp.<\/p>\n<h3>Ytterligare information<\/h3>\n<p><strong>Botanisk information om kinesisk enb\u00e4r:<\/strong><\/p>\n<p><a href=\"https:\/\/plants.ces.ncsu.edu\/plants\/juniperus-chinensis\/\">Ncsu<\/a><\/p>\n<p><a href=\"https:\/\/en.wikipedia.org\/wiki\/Juniperus_chinensis\">Wikipedia<\/a><\/p>\n<p><strong>Var kan du k\u00f6pa v\u00e5r Juniperus Chinensis i Europa?<\/strong><\/p>\n<p>Partihandel: <a href=\"https:\/\/juniperus-chinensis.com\/sv\/contact-us\/\">Kontakta oss<\/a><\/p>\n<p>Detaljhandel: <a href=\"https:\/\/xedoo.com\/en\/product-category\/bonsai\/juniperus-chinensis-chinese-juniper\/\">Xedoo<\/a><\/p>","protected":false},"excerpt":{"rendered":"<p>Juniperus Chinensis Shimpaku Var. Sargentii Shimpaku Sargentii-eneb\u00e4ren \u00e4r en dv\u00e4rgvariant av den kinesiska eneb\u00e4ren och en av de mest anv\u00e4nda v\u00e4xterna i...<\/p>","protected":false},"author":1,"featured_media":0,"parent":0,"menu_order":0,"comment_status":"closed","ping_status":"closed","template":"","meta":{"footnotes":""},"class_list":["post-38","page","type-page","status-publish","hentry"],"yoast_head":"<!-- This site is optimized with the Yoast SEO plugin v25.4 - https:\/\/yoast.com\/wordpress\/plugins\/seo\/ -->\n<title>Juniperus Chinensis Europe<\/title>\n<meta name=\"description\" content=\"Juniperus Chinensis is one of the most beautiful plants to create a bonsai. We offer the varieties Itoigawa, Kishu and the regular Shimpaku.\" \/>\n<meta name=\"robots\" content=\"index, follow, max-snippet:-1, max-image-preview:large, max-video-preview:-1\" \/>\n<link rel=\"canonical\" href=\"https:\/\/juniperus-chinensis.com\/sv\/\" \/>\n<meta property=\"og:locale\" content=\"sv_SE\" \/>\n<meta property=\"og:type\" content=\"article\" \/>\n<meta property=\"og:title\" content=\"Juniperus Chinensis Europe\" \/>\n<meta property=\"og:description\" content=\"Juniperus Chinensis is one of the most beautiful plants to create a bonsai. We offer the varieties Itoigawa, Kishu and the regular Shimpaku.\" \/>\n<meta property=\"og:url\" content=\"https:\/\/juniperus-chinensis.com\/sv\/\" \/>\n<meta property=\"og:site_name\" content=\"Juniperus Chinensis\" \/>\n<meta property=\"article:modified_time\" content=\"2026-03-05T20:15:40+00:00\" \/>\n<meta property=\"og:image\" content=\"https:\/\/juniperus-chinensis.com\/wp-content\/uploads\/2026\/03\/juniperus-chinensis-sargentii-hedge-1024x768.jpg\" \/>\n\t<meta property=\"og:image:width\" content=\"1024\" \/>\n\t<meta property=\"og:image:height\" content=\"768\" \/>\n\t<meta property=\"og:image:type\" content=\"image\/jpeg\" \/>\n<meta name=\"twitter:card\" content=\"summary_large_image\" \/>\n<meta name=\"twitter:label1\" content=\"Ber\u00e4knad l\u00e4stid\" \/>\n\t<meta name=\"twitter:data1\" content=\"3 minuter\" \/>\n<script type=\"application\/ld+json\" class=\"yoast-schema-graph\">{\"@context\":\"https:\/\/schema.org\",\"@graph\":[{\"@type\":\"WebPage\",\"@id\":\"https:\/\/juniperus-chinensis.com\/\",\"url\":\"https:\/\/juniperus-chinensis.com\/\",\"name\":\"Juniperus Chinensis Europe\",\"isPartOf\":{\"@id\":\"\/#website\"},\"primaryImageOfPage\":{\"@id\":\"https:\/\/juniperus-chinensis.com\/#primaryimage\"},\"image\":{\"@id\":\"https:\/\/juniperus-chinensis.com\/#primaryimage\"},\"thumbnailUrl\":\"https:\/\/juniperus-chinensis.com\/wp-content\/uploads\/2026\/03\/juniperus-chinensis-sargentii-hedge-1024x768.jpg\",\"datePublished\":\"2022-02-12T22:31:18+00:00\",\"dateModified\":\"2026-03-05T20:15:40+00:00\",\"description\":\"Juniperus Chinensis is one of the most beautiful plants to create a bonsai. We offer the varieties Itoigawa, Kishu and the regular Shimpaku.\",\"breadcrumb\":{\"@id\":\"https:\/\/juniperus-chinensis.com\/#breadcrumb\"},\"inLanguage\":\"sv-SE\",\"potentialAction\":[{\"@type\":\"ReadAction\",\"target\":[\"https:\/\/juniperus-chinensis.com\/\"]}]},{\"@type\":\"ImageObject\",\"inLanguage\":\"sv-SE\",\"@id\":\"https:\/\/juniperus-chinensis.com\/#primaryimage\",\"url\":\"https:\/\/juniperus-chinensis.com\/wp-content\/uploads\/2026\/03\/juniperus-chinensis-sargentii-hedge-1024x768.jpg\",\"contentUrl\":\"https:\/\/juniperus-chinensis.com\/wp-content\/uploads\/2026\/03\/juniperus-chinensis-sargentii-hedge-1024x768.jpg\"},{\"@type\":\"BreadcrumbList\",\"@id\":\"https:\/\/juniperus-chinensis.com\/#breadcrumb\",\"itemListElement\":[{\"@type\":\"ListItem\",\"position\":1,\"name\":\"Home\",\"item\":\"https:\/\/juniperus-chinensis.com\/\"},{\"@type\":\"ListItem\",\"position\":2,\"name\":\"Juniperus Chinensis Europe\"}]},{\"@type\":\"WebSite\",\"@id\":\"\/#website\",\"url\":\"\/\",\"name\":\"Juniperus Chinensis\",\"description\":\"A beautiful plant to create bonsai\",\"potentialAction\":[{\"@type\":\"SearchAction\",\"target\":{\"@type\":\"EntryPoint\",\"urlTemplate\":\"\/?s={search_term_string}\"},\"query-input\":{\"@type\":\"PropertyValueSpecification\",\"valueRequired\":true,\"valueName\":\"search_term_string\"}}],\"inLanguage\":\"sv-SE\"}]}<\/script>\n<!-- \/ Yoast SEO plugin. -->","yoast_head_json":{"title":"Juniperus Chinensis Europe","description":"Juniperus Chinensis is one of the most beautiful plants to create a bonsai. We offer the varieties Itoigawa, Kishu and the regular Shimpaku.","robots":{"index":"index","follow":"follow","max-snippet":"max-snippet:-1","max-image-preview":"max-image-preview:large","max-video-preview":"max-video-preview:-1"},"canonical":"https:\/\/juniperus-chinensis.com\/sv\/","og_locale":"sv_SE","og_type":"article","og_title":"Juniperus Chinensis Europe","og_description":"Juniperus Chinensis is one of the most beautiful plants to create a bonsai. We offer the varieties Itoigawa, Kishu and the regular Shimpaku.","og_url":"https:\/\/juniperus-chinensis.com\/sv\/","og_site_name":"Juniperus Chinensis","article_modified_time":"2026-03-05T20:15:40+00:00","og_image":[{"width":1024,"height":768,"url":"https:\/\/juniperus-chinensis.com\/wp-content\/uploads\/2026\/03\/juniperus-chinensis-sargentii-hedge-1024x768.jpg","type":"image\/jpeg"}],"twitter_card":"summary_large_image","twitter_misc":{"Ber\u00e4knad l\u00e4stid":"3 minuter"},"schema":{"@context":"https:\/\/schema.org","@graph":[{"@type":"WebPage","@id":"https:\/\/juniperus-chinensis.com\/","url":"https:\/\/juniperus-chinensis.com\/","name":"Juniperus Chinensis Europe","isPartOf":{"@id":"\/#website"},"primaryImageOfPage":{"@id":"https:\/\/juniperus-chinensis.com\/#primaryimage"},"image":{"@id":"https:\/\/juniperus-chinensis.com\/#primaryimage"},"thumbnailUrl":"https:\/\/juniperus-chinensis.com\/wp-content\/uploads\/2026\/03\/juniperus-chinensis-sargentii-hedge-1024x768.jpg","datePublished":"2022-02-12T22:31:18+00:00","dateModified":"2026-03-05T20:15:40+00:00","description":"Juniperus Chinensis is one of the most beautiful plants to create a bonsai. We offer the varieties Itoigawa, Kishu and the regular Shimpaku.","breadcrumb":{"@id":"https:\/\/juniperus-chinensis.com\/#breadcrumb"},"inLanguage":"sv-SE","potentialAction":[{"@type":"ReadAction","target":["https:\/\/juniperus-chinensis.com\/"]}]},{"@type":"ImageObject","inLanguage":"sv-SE","@id":"https:\/\/juniperus-chinensis.com\/#primaryimage","url":"https:\/\/juniperus-chinensis.com\/wp-content\/uploads\/2026\/03\/juniperus-chinensis-sargentii-hedge-1024x768.jpg","contentUrl":"https:\/\/juniperus-chinensis.com\/wp-content\/uploads\/2026\/03\/juniperus-chinensis-sargentii-hedge-1024x768.jpg"},{"@type":"BreadcrumbList","@id":"https:\/\/juniperus-chinensis.com\/#breadcrumb","itemListElement":[{"@type":"ListItem","position":1,"name":"Home","item":"https:\/\/juniperus-chinensis.com\/"},{"@type":"ListItem","position":2,"name":"Juniperus Chinensis Europe"}]},{"@type":"WebSite","@id":"\/#website","url":"\/","name":"Juniperus Chinensis","description":"A beautiful plant to create bonsai","potentialAction":[{"@type":"SearchAction","target":{"@type":"EntryPoint","urlTemplate":"\/?s={search_term_string}"},"query-input":{"@type":"PropertyValueSpecification","valueRequired":true,"valueName":"search_term_string"}}],"inLanguage":"sv-SE"}]}},"_links":{"self":[{"href":"https:\/\/juniperus-chinensis.com\/sv\/wp-json\/wp\/v2\/pages\/38","targetHints":{"allow":["GET"]}}],"collection":[{"href":"https:\/\/juniperus-chinensis.com\/sv\/wp-json\/wp\/v2\/pages"}],"about":[{"href":"https:\/\/juniperus-chinensis.com\/sv\/wp-json\/wp\/v2\/types\/page"}],"author":[{"embeddable":true,"href":"https:\/\/juniperus-chinensis.com\/sv\/wp-json\/wp\/v2\/users\/1"}],"replies":[{"embeddable":true,"href":"https:\/\/juniperus-chinensis.com\/sv\/wp-json\/wp\/v2\/comments?post=38"}],"version-history":[{"count":58,"href":"https:\/\/juniperus-chinensis.com\/sv\/wp-json\/wp\/v2\/pages\/38\/revisions"}],"predecessor-version":[{"id":290,"href":"https:\/\/juniperus-chinensis.com\/sv\/wp-json\/wp\/v2\/pages\/38\/revisions\/290"}],"wp:attachment":[{"href":"https:\/\/juniperus-chinensis.com\/sv\/wp-json\/wp\/v2\/media?parent=38"}],"curies":[{"name":"wp","href":"https:\/\/api.w.org\/{rel}","templated":true}]}}